{"id":16,"date":"2023-03-29T15:16:39","date_gmt":"2023-03-29T15:16:39","guid":{"rendered":"https:\/\/oscarayala.com\/escenificar\/?page_id=16"},"modified":"2025-07-14T16:50:17","modified_gmt":"2025-07-14T16:50:17","slug":"textos","status":"publish","type":"page","link":"https:\/\/oscarayala.com\/escenificar\/textos\/","title":{"rendered":"Textos"},"content":{"rendered":"\t\t<div data-elementor-type=\"wp-page\" data-elementor-id=\"16\" class=\"elementor elementor-16\">\n\t\t\t\t\t\t<section class=\"elementor-section elementor-top-section elementor-element elementor-element-d9a6a94 elementor-section-boxed elementor-section-height-default elementor-section-height-default\" data-id=\"d9a6a94\" data-element_type=\"section\">\n\t\t\t\t\t\t<div class=\"elementor-container elementor-column-gap-default\">\n\t\t\t\t\t<div class=\"elementor-column elementor-col-100 elementor-top-column elementor-element elementor-element-2885d5f\" data-id=\"2885d5f\" data-element_type=\"column\">\n\t\t\t<div class=\"elementor-widget-wrap\">\n\t\t\t\t\t\t\t<\/div>\n\t\t<\/div>\n\t\t\t\t\t<\/div>\n\t\t<\/section>\n\t\t\t\t<section class=\"elementor-section elementor-top-section elementor-element elementor-element-cc753c6 elementor-section-boxed elementor-section-height-default elementor-section-height-default\" data-id=\"cc753c6\" data-element_type=\"section\">\n\t\t\t\t\t\t<div class=\"elementor-container elementor-column-gap-default\">\n\t\t\t\t\t<div class=\"elementor-column elementor-col-100 elementor-top-column elementor-element elementor-element-0a513d8\" data-id=\"0a513d8\" data-element_type=\"column\">\n\t\t\t<div class=\"elementor-widget-wrap elementor-element-populated\">\n\t\t\t\t\t\t<div class=\"elementor-element elementor-element-a7823b0 elementor-widget elementor-widget-text-editor\" data-id=\"a7823b0\" data-element_type=\"widget\" data-widget_type=\"text-editor.default\">\n\t\t\t\t<div class=\"elementor-widget-container\">\n\t\t\t\t\t\t\t\t\t<p class=\"elementor-element-overlay\">(2025). <em><a href=\"https:\/\/revistas.udistrital.edu.co\/index.php\/c14\/article\/view\/22242\/20975\" target=\"_blank\" rel=\"noopener\">Arte y medios: soltar el \u2018post\u2019 para hacerlo \u2018est\u00e9reo\u2019<\/a>.<\/em> En: Revista Calle 14: Revista de investigaci\u00f3n en el campo del arte. Academia Superior de Artes (p\u00e1gs. 110-122).\u00a0 Universidad Distrital Francisco Jos\u00e9 de Caldas. ISNN 2011-3757<\/p><p>(2024). <em><a href=\"https:\/\/diversidadcultural.unju.edu.ar\/sistema\/art_originales\/6.%20Oscar%20Ayala%20-%20BUSCANDO%20UN%20ARTE%20PRESENTE.pdf\" target=\"_blank\" rel=\"noopener\">Buscando un arte en presente<\/a>.<\/em> En: Revista Diversidad de las Culturas. (p\u00e1gs. 96-111). Facultad de Humanidades y Ciencias Sociales \u2013 Universidad Nacional de Jujuy. ISNN 2718-8310<\/p><p>(2022). <a href=\"http:\/\/repositorio.unae.edu.ec\/handle\/56000\/2291\" target=\"_blank\" rel=\"noopener\"><em>Meditaci\u00f3n breve sobre la t\u00e9cnica: crear\/aprender desde lo abstracto a lo concreto<\/em><\/a>. En: Pedagog\u00edas de las artes y humanidades: praxis, investigaci\u00f3n e interculturalidad. (p\u00e1g 113-121). Editorial UNAE. ISBN 978-9942-783-78-3<\/p><p>(2016). Apertura y abertura: El aparato (t\u00e9cnico) de la imagen. (Ponencia). Mesa A: Interelaci\u00f3n dise\u00f1o, arte, ciencia y tecnolog\u00eda. XIII Foro Acad\u00e9mico de Dise\u00f1o, XV Festival de la Imagen, Departamento de Dise\u00f1o Visual, Universidad de Caldas.<\/p><p>(2014). Im\u00e1genes, dispositivos: T\u00e9cnica de sujeci\u00f3n. (Ponencia). Mesa A: Interrelaci\u00f3n dise\u00f1o, arte, ciencia y tecnolog\u00eda. XI Foro Acad\u00e9mico de Dise\u00f1o, XII Festival de la Imagen, Departamento de Dise\u00f1o Visual, Universidad de Caldas.<\/p>\t\t\t\t\t\t\t\t<\/div>\n\t\t\t\t<\/div>\n\t\t\t\t\t<\/div>\n\t\t<\/div>\n\t\t\t\t\t<\/div>\n\t\t<\/section>\n\t\t\t\t<\/div>\n\t\t","protected":false},"excerpt":{"rendered":"<p>(2025). Arte y medios: soltar el \u2018post\u2019 para hacerlo \u2018est\u00e9reo\u2019. En: Revista Calle 14: Revista de investigaci\u00f3n en el campo del arte. Academia Superior de Artes (p\u00e1gs. 110-122).\u00a0 Universidad Distrital Francisco Jos\u00e9 de Caldas. ISNN 2011-3757 (2024). Buscando un arte en presente. En: Revista Diversidad de las Culturas. (p\u00e1gs. 96-111). Facultad de Humanidades y Ciencias [&hellip;]<\/p>\n","protected":false},"author":1,"featured_media":0,"parent":0,"menu_order":0,"comment_status":"closed","ping_status":"closed","template":"","meta":{"ocean_post_layout":"","ocean_both_sidebars_style":"","ocean_both_sidebars_content_width":0,"ocean_both_sidebars_sidebars_width":0,"ocean_sidebar":"0","ocean_second_sidebar":"0","ocean_disable_margins":"enable","ocean_add_body_class":"","ocean_shortcode_before_top_bar":"","ocean_shortcode_after_top_bar":"","ocean_shortcode_before_header":"","ocean_shortcode_after_header":"","ocean_has_shortcode":"","ocean_shortcode_after_title":"","ocean_shortcode_before_footer_widgets":"","ocean_shortcode_after_footer_widgets":"","ocean_shortcode_before_footer_bottom":"","ocean_shortcode_after_footer_bottom":"","ocean_display_top_bar":"default","ocean_display_header":"default","ocean_header_style":"","ocean_center_header_left_menu":"0","ocean_custom_header_template":"0","ocean_custom_logo":0,"ocean_custom_retina_logo":0,"ocean_custom_logo_max_width":0,"ocean_custom_logo_tablet_max_width":0,"ocean_custom_logo_mobile_max_width":0,"ocean_custom_logo_max_height":0,"ocean_custom_logo_tablet_max_height":0,"ocean_custom_logo_mobile_max_height":0,"ocean_header_custom_menu":"0","ocean_menu_typo_font_family":"0","ocean_menu_typo_font_subset":"","ocean_menu_typo_font_size":0,"ocean_menu_typo_font_size_tablet":0,"ocean_menu_typo_font_size_mobile":0,"ocean_menu_typo_font_size_unit":"px","ocean_menu_typo_font_weight":"","ocean_menu_typo_font_weight_tablet":"","ocean_menu_typo_font_weight_mobile":"","ocean_menu_typo_transform":"","ocean_menu_typo_transform_tablet":"","ocean_menu_typo_transform_mobile":"","ocean_menu_typo_line_height":0,"ocean_menu_typo_line_height_tablet":0,"ocean_menu_typo_line_height_mobile":0,"ocean_menu_typo_line_height_unit":"","ocean_menu_typo_spacing":0,"ocean_menu_typo_spacing_tablet":0,"ocean_menu_typo_spacing_mobile":0,"ocean_menu_typo_spacing_unit":"","ocean_menu_link_color":"","ocean_menu_link_color_hover":"","ocean_menu_link_color_active":"","ocean_menu_link_background":"","ocean_menu_link_hover_background":"","ocean_menu_link_active_background":"","ocean_menu_social_links_bg":"","ocean_menu_social_hover_links_bg":"","ocean_menu_social_links_color":"","ocean_menu_social_hover_links_color":"","ocean_disable_title":"on","ocean_disable_heading":"default","ocean_post_title":"","ocean_post_subheading":"","ocean_post_title_style":"","ocean_post_title_background_color":"","ocean_post_title_background":0,"ocean_post_title_bg_image_position":"","ocean_post_title_bg_image_attachment":"","ocean_post_title_bg_image_repeat":"","ocean_post_title_bg_image_size":"","ocean_post_title_height":0,"ocean_post_title_bg_overlay":0.5,"ocean_post_title_bg_overlay_color":"","ocean_disable_breadcrumbs":"default","ocean_breadcrumbs_color":"","ocean_breadcrumbs_separator_color":"","ocean_breadcrumbs_links_color":"","ocean_breadcrumbs_links_hover_color":"","ocean_display_footer_widgets":"default","ocean_display_footer_bottom":"default","ocean_custom_footer_template":"0","footnotes":""},"class_list":["post-16","page","type-page","status-publish","hentry","entry"],"_links":{"self":[{"href":"https:\/\/oscarayala.com\/escenificar\/wp-json\/wp\/v2\/pages\/16","targetHints":{"allow":["GET"]}}],"collection":[{"href":"https:\/\/oscarayala.com\/escenificar\/wp-json\/wp\/v2\/pages"}],"about":[{"href":"https:\/\/oscarayala.com\/escenificar\/wp-json\/wp\/v2\/types\/page"}],"author":[{"embeddable":true,"href":"https:\/\/oscarayala.com\/escenificar\/wp-json\/wp\/v2\/users\/1"}],"replies":[{"embeddable":true,"href":"https:\/\/oscarayala.com\/escenificar\/wp-json\/wp\/v2\/comments?post=16"}],"version-history":[{"count":20,"href":"https:\/\/oscarayala.com\/escenificar\/wp-json\/wp\/v2\/pages\/16\/revisions"}],"predecessor-version":[{"id":698,"href":"https:\/\/oscarayala.com\/escenificar\/wp-json\/wp\/v2\/pages\/16\/revisions\/698"}],"wp:attachment":[{"href":"https:\/\/oscarayala.com\/escenificar\/wp-json\/wp\/v2\/media?parent=16"}],"curies":[{"name":"wp","href":"https:\/\/api.w.org\/{rel}","templated":true}]}}