{"id":2,"date":"2023-03-29T14:59:12","date_gmt":"2023-03-29T14:59:12","guid":{"rendered":"https:\/\/oscarayala.com\/escenificar\/?page_id=2"},"modified":"2024-01-04T23:19:41","modified_gmt":"2024-01-04T23:19:41","slug":"pagina-ejemplo","status":"publish","type":"page","link":"https:\/\/oscarayala.com\/escenificar\/","title":{"rendered":"Inicio"},"content":{"rendered":"\t\t<div data-elementor-type=\"wp-page\" data-elementor-id=\"2\" class=\"elementor elementor-2\">\n\t\t\t\t\t\t<section class=\"elementor-section elementor-top-section elementor-element elementor-element-9b03228 elementor-section-full_width elementor-section-stretched elementor-section-height-default elementor-section-height-default\" data-id=\"9b03228\" data-element_type=\"section\" data-settings=\"{&quot;stretch_section&quot;:&quot;section-stretched&quot;}\">\n\t\t\t\t\t\t<div class=\"elementor-container elementor-column-gap-default\">\n\t\t\t\t\t<div class=\"elementor-column elementor-col-100 elementor-top-column elementor-element elementor-element-9c6ae77\" data-id=\"9c6ae77\" data-element_type=\"column\">\n\t\t\t<div class=\"elementor-widget-wrap elementor-element-populated\">\n\t\t\t\t\t\t<div class=\"elementor-element elementor-element-e86629a elementor-widget elementor-widget-image\" data-id=\"e86629a\" data-element_type=\"widget\" data-widget_type=\"image.default\">\n\t\t\t\t<div class=\"elementor-widget-container\">\n\t\t\t\t\t\t\t\t\t\t\t\t\t\t\t<img fetchpriority=\"high\" decoding=\"async\" width=\"1024\" height=\"645\" src=\"https:\/\/oscarayala.com\/escenificar\/wp-content\/uploads\/2023\/06\/Para-Caratula-Escenificar-2-scaled-e1687425481244-1024x645.jpeg\" class=\"attachment-large size-large wp-image-396\" alt=\"\" srcset=\"https:\/\/oscarayala.com\/escenificar\/wp-content\/uploads\/2023\/06\/Para-Caratula-Escenificar-2-scaled-e1687425481244-1024x645.jpeg 1024w, https:\/\/oscarayala.com\/escenificar\/wp-content\/uploads\/2023\/06\/Para-Caratula-Escenificar-2-scaled-e1687425481244-300x189.jpeg 300w, https:\/\/oscarayala.com\/escenificar\/wp-content\/uploads\/2023\/06\/Para-Caratula-Escenificar-2-scaled-e1687425481244-768x484.jpeg 768w, https:\/\/oscarayala.com\/escenificar\/wp-content\/uploads\/2023\/06\/Para-Caratula-Escenificar-2-scaled-e1687425481244-1536x967.jpeg 1536w, https:\/\/oscarayala.com\/escenificar\/wp-content\/uploads\/2023\/06\/Para-Caratula-Escenificar-2-scaled-e1687425481244-2048x1290.jpeg 2048w\" sizes=\"(max-width: 1024px) 100vw, 1024px\" \/>\t\t\t\t\t\t\t\t\t\t\t\t\t\t\t<\/div>\n\t\t\t\t<\/div>\n\t\t\t\t\t<\/div>\n\t\t<\/div>\n\t\t\t\t\t<\/div>\n\t\t<\/section>\n\t\t\t\t<section class=\"elementor-section elementor-top-section elementor-element elementor-element-a45b633 elementor-section-content-top elementor-section-boxed elementor-section-height-default elementor-section-height-default\" data-id=\"a45b633\" data-element_type=\"section\">\n\t\t\t\t\t\t<div class=\"elementor-container elementor-column-gap-wide\">\n\t\t\t\t\t<div class=\"elementor-column elementor-col-50 elementor-top-column elementor-element elementor-element-a426d08\" data-id=\"a426d08\" data-element_type=\"column\">\n\t\t\t<div class=\"elementor-widget-wrap elementor-element-populated\">\n\t\t\t\t\t\t<div class=\"elementor-element elementor-element-91996eb elementor-widget elementor-widget-heading\" data-id=\"91996eb\" data-element_type=\"widget\" data-widget_type=\"heading.default\">\n\t\t\t\t<div class=\"elementor-widget-container\">\n\t\t\t\t\t<h2 class=\"elementor-heading-title elementor-size-default\">ES_<\/h2>\t\t\t\t<\/div>\n\t\t\t\t<\/div>\n\t\t\t\t<div class=\"elementor-element elementor-element-9137c40 elementor-drop-cap-yes elementor-drop-cap-view-default elementor-widget elementor-widget-text-editor\" data-id=\"9137c40\" data-element_type=\"widget\" data-settings=\"{&quot;drop_cap&quot;:&quot;yes&quot;}\" data-widget_type=\"text-editor.default\">\n\t\t\t\t<div class=\"elementor-widget-container\">\n\t\t\t\t\t\t\t\t\t<p style=\"margin: 0cm 0cm 4.5pt; font-size: 12pt; font-family: 'Times New Roman', serif; color: #000000; font-style: normal; font-variant-ligatures: normal; font-variant-caps: normal; font-weight: 400; background-image: initial; background-position: initial; background-size: initial; background-repeat: initial; background-attachment: initial; background-origin: initial; background-clip: initial;\"><span style=\"font-size: 10pt; font-family: 'Helvetica Neue'; color: #333333;\">El proyecto <i>Escenificar un ambiente propuesto<\/i> piensa el <i>hacer saber <\/i>que est\u00e1 presente en los procesos del arte. Sondea los ambientes que se despliegan por la t\u00e9cnica (incluyendo al lenguaje como uno de mayor importancia) para tematizar, mediar, suspender y distraer las relaciones que establecemos con nuestro entorno social, econ\u00f3mico, pol\u00edtico, y por supuesto, cultural. El ambiente t\u00e9cnico (y la t\u00e9cnica como ambiente), en su <i>hacer saber<\/i>, ayuda a comprender c\u00f3mo construimos y nos acercamos al \u201cmundo\u201d que es percibido por los sentidos y c\u00f3mo el \u201cmundo\u201d determina a su vez, nuestras acciones y percepciones.<\/span><\/p><p style=\"margin: 0cm 0cm 4.5pt; font-size: 12pt; font-family: 'Times New Roman', serif; color: #000000; font-style: normal; font-variant-ligatures: normal; font-variant-caps: normal; font-weight: 400; background-image: initial; background-position: initial; background-size: initial; background-repeat: initial; background-attachment: initial; background-origin: initial; background-clip: initial; text-size-adjust: none;\"><span style=\"font-size: 10pt; font-family: 'Helvetica Neue'; color: #333333;\">Al ambientar las relaciones entre el arte y sus acepciones de t\u00e9cnica y medio, se compone un <i>ambiente<\/i> que evidencia, tanto las definiciones de los aspectos y elementos que rodean nuestra presencia mundana en geograf\u00edas espec\u00edficas (un planeta Tierra que est\u00e1 atravesado por millones de a\u00f1os de crecimiento y que ahora nos sostiene en la superficie), como la fuerza del arte para (re)pensar preguntas y configurar medios de creaci\u00f3n y de expresi\u00f3n que permitan una apertura tridimensional (<i style=\"text-size-adjust: none;\">est\u00e9reo<\/i>) de la percepci\u00f3n.<\/span><\/p><p style=\"margin: 0cm 0cm 4.5pt; font-size: 12pt; font-family: 'Times New Roman', serif; color: #000000; font-style: normal; font-variant-ligatures: normal; font-variant-caps: normal; font-weight: 400; background-image: initial; background-position: initial; background-size: initial; background-repeat: initial; background-attachment: initial; background-origin: initial; background-clip: initial; text-size-adjust: none;\"><span style=\"font-size: 10pt; font-family: 'Helvetica Neue'; color: #333333;\">El proyecto <em><span style=\"font-family: 'Helvetica Neue';\">Escenificar un ambiente propuesto<\/span><\/em> se inicia con la captura constante y aislada de <a style=\"color: #0563c1;\" href=\"https:\/\/www.flickr.com\/photos\/oscarayala\/albums\/72157644235204349\/with\/13987341089\/\" target=\"_blank\" rel=\"noopener\"><em style=\"text-size-adjust: none;\"><span style=\"font-family: 'Helvetica Neue'; color: #888888;\">ambientes<\/span><\/em><\/a> por medio de fotograf\u00edas. Continu\u00f3 su desarrollo en el <a style=\"color: #0563c1;\" href=\"https:\/\/sigarra.up.pt\/fbaup\/pt\/cur_geral.cur_view?pv_curso_id=11641&amp;pv_origem=CAND\" target=\"_blank\" rel=\"noopener\"><span style=\"color: #888888;\">Doctorado en Artes Pl\u00e1sticas<\/span><\/a> de la Universidad de Oporto.<\/span><\/p>\t\t\t\t\t\t\t\t<\/div>\n\t\t\t\t<\/div>\n\t\t\t\t\t<\/div>\n\t\t<\/div>\n\t\t\t\t<div class=\"elementor-column elementor-col-50 elementor-top-column elementor-element elementor-element-2c23736\" data-id=\"2c23736\" data-element_type=\"column\">\n\t\t\t<div class=\"elementor-widget-wrap elementor-element-populated\">\n\t\t\t\t\t\t<div class=\"elementor-element elementor-element-3d7c962 elementor-widget elementor-widget-heading\" data-id=\"3d7c962\" data-element_type=\"widget\" data-widget_type=\"heading.default\">\n\t\t\t\t<div class=\"elementor-widget-container\">\n\t\t\t\t\t<h2 class=\"elementor-heading-title elementor-size-default\">PT_<\/h2>\t\t\t\t<\/div>\n\t\t\t\t<\/div>\n\t\t\t\t<div class=\"elementor-element elementor-element-829ada5 elementor-widget elementor-widget-text-editor\" data-id=\"829ada5\" data-element_type=\"widget\" data-widget_type=\"text-editor.default\">\n\t\t\t\t<div class=\"elementor-widget-container\">\n\t\t\t\t\t\t\t\t\t<p style=\"margin: 0cm 0cm 4.5pt; font-size: 12pt; font-family: 'Times New Roman', serif; color: #000000; font-style: normal; font-variant-ligatures: normal; font-variant-caps: normal; font-weight: 400; background-image: initial; background-position: initial; background-size: initial; background-repeat: initial; background-attachment: initial; background-origin: initial; background-clip: initial;\"><span lang=\"PT\" style=\"font-size: 10pt; font-family: 'Helvetica Neue'; color: #333333;\">O projeto <i>Encenar um ambiente proposto<\/i> pensa o <i>fazer saber<\/i> que est\u00e1 presente nos processos de arte. Sonda os ambientes que s\u00e3o implantados pela t\u00e9cnica (incluindo a linguagem como um dos principais) para tematizar, mediar, suspender e distrair as rela\u00e7\u00f5es que estabelecemos com o nosso ambiente social, econ\u00f3mico, pol\u00edtico, e claro, cultural. O ambiente t\u00e9cnico (e a t\u00e9cnica como ambiente), no seu <i>fazer saber<\/i>, ajuda a compreender como constru\u00edmos e abordamos o \u00abmundo\u00bb que \u00e9 percebido pelos sentidos e como o \u00abmundo\u00bb por sua vez determina as nossas a\u00e7\u00f5es e perce\u00e7\u00f5es.<\/span><\/p><p style=\"margin: 0cm 0cm 4.5pt; font-size: 12pt; font-family: 'Times New Roman', serif; color: #000000; font-style: normal; font-variant-ligatures: normal; font-variant-caps: normal; font-weight: 400; background-image: initial; background-position: initial; background-size: initial; background-repeat: initial; background-attachment: initial; background-origin: initial; background-clip: initial; text-size-adjust: none;\"><span lang=\"PT\" style=\"font-size: 10pt; font-family: 'Helvetica Neue'; color: #333333;\">Ao estabelecer as rela\u00e7\u00f5es entre a arte e os seus significados de t\u00e9cnica e meio, \u00e9 composto um <i>ambiente<\/i> que evidencia tanto as defini\u00e7\u00f5es dos aspetos e elementos que envolvem a nossa presen\u00e7a mundana em geografias espec\u00edficas (um planeta Terra que \u00e9 atravessado por milh\u00f5es de anos de crescimento e que agora nos sustenta \u00e0 superf\u00edcie), como o poder da arte para (re)pensar quest\u00f5es e configurar meios de cria\u00e7\u00e3o e express\u00e3o que permitem uma abertura tridimensional (<i style=\"text-size-adjust: none;\">est\u00e9reo<\/i>) da perce\u00e7\u00e3o.<\/span><\/p><p><span style=\"color: #333333; font-family: 'Helvetica Neue'; font-size: 10pt;\">O projeto <\/span><em style=\"color: #333333; font-family: 'Helvetica Neue';\"><span style=\"font-family: 'Helvetica Neue';\">Encenar um ambiente proposto<\/span><\/em><span style=\"color: #333333; font-family: 'Helvetica Neue'; font-size: 10pt;\"> come\u00e7a com a captura constante e isolada de <\/span><em style=\"color: #333333; font-family: 'Helvetica Neue';\"><span style=\"font-family: 'Helvetica Neue';\"><a style=\"color: #0563c1;\" href=\"https:\/\/www.flickr.com\/photos\/oscarayala\/albums\/72157644235204349\/with\/13987341089\/\" target=\"_blank\" rel=\"noopener\"><span style=\"color: #888888;\">ambientes<\/span><\/a><\/span><\/em><span style=\"color: #333333; font-family: 'Helvetica Neue'; font-size: 10pt;\"> atrav\u00e9s de fotografias. Continuou o seu desenvolvimento no <\/span><a style=\"font-family: 'Helvetica Neue'; background-color: #ffffff; color: #0563c1;\" href=\"https:\/\/sigarra.up.pt\/fbaup\/pt\/cur_geral.cur_view?pv_curso_id=11641&amp;pv_origem=CAND\" target=\"_blank\" rel=\"noopener\"><span style=\"color: #888888;\">Doutoramento em Artes Pl\u00e1sticas<\/span><\/a><span style=\"color: #333333; font-family: 'Helvetica Neue'; font-size: 10pt;\"> na Universidade do Porto.<\/span>.<\/p>\t\t\t\t\t\t\t\t<\/div>\n\t\t\t\t<\/div>\n\t\t\t\t\t<\/div>\n\t\t<\/div>\n\t\t\t\t\t<\/div>\n\t\t<\/section>\n\t\t\t\t<section class=\"elementor-section elementor-top-section elementor-element elementor-element-4597501 elementor-section-boxed elementor-section-height-default elementor-section-height-default\" data-id=\"4597501\" data-element_type=\"section\">\n\t\t\t\t\t\t<div class=\"elementor-container elementor-column-gap-default\">\n\t\t\t\t\t<div class=\"elementor-column elementor-col-100 elementor-top-column elementor-element elementor-element-2789982\" data-id=\"2789982\" data-element_type=\"column\">\n\t\t\t<div class=\"elementor-widget-wrap elementor-element-populated\">\n\t\t\t\t\t\t<div class=\"elementor-element elementor-element-c4f5aa6 elementor-widget elementor-widget-text-editor\" data-id=\"c4f5aa6\" data-element_type=\"widget\" data-widget_type=\"text-editor.default\">\n\t\t\t\t<div class=\"elementor-widget-container\">\n\t\t\t\t\t\t\t\t\t<h3 style=\"margin-right: 0cm; margin-left: 0cm; font-size: 13.5pt; font-family: 'Times New Roman', serif; color: #000000; font-style: normal; font-variant-ligatures: normal; font-variant-caps: normal; text-transform: none; background-image: initial; background-position: initial; background-size: initial; background-repeat: initial; background-attachment: initial; background-origin: initial; background-clip: initial;\"><span style=\"font-family: 'Helvetica Neue'; color: #333333;\">***<\/span><\/h3>\n<p style=\"margin: 0cm 0cm 4.5pt; font-size: 12pt; font-family: 'Times New Roman', serif; color: #000000; font-style: normal; font-variant-ligatures: normal; font-variant-caps: normal; font-weight: 400; background-image: initial; background-position: initial; background-size: initial; background-repeat: initial; background-attachment: initial; background-origin: initial; background-clip: initial; text-size-adjust: none;\"><span style=\"font-size: 10pt; font-family: 'Helvetica Neue'; color: #333333;\">Proyecto inscrito ante la\u00a0<a style=\"color: #0563c1; text-size-adjust: none;\" href=\"http:\/\/investigaciones.ut.edu.co\/\" target=\"_blank\" rel=\"noopener\"><span style=\"color: #888888;\">Oficina de Investigaciones<\/span><\/a>\u00a0de la Universidad del Tolima con C\u00f3digo 30119<\/span><\/p>\t\t\t\t\t\t\t\t<\/div>\n\t\t\t\t<\/div>\n\t\t\t\t\t<\/div>\n\t\t<\/div>\n\t\t\t\t\t<\/div>\n\t\t<\/section>\n\t\t\t\t<section class=\"elementor-section elementor-top-section elementor-element elementor-element-95a9155 elementor-section-boxed elementor-section-height-default elementor-section-height-default\" data-id=\"95a9155\" data-element_type=\"section\">\n\t\t\t\t\t\t<div class=\"elementor-container elementor-column-gap-default\">\n\t\t\t\t\t<div class=\"elementor-column elementor-col-100 elementor-top-column elementor-element elementor-element-b2f1b7a\" data-id=\"b2f1b7a\" data-element_type=\"column\">\n\t\t\t<div class=\"elementor-widget-wrap elementor-element-populated\">\n\t\t\t\t\t\t<div class=\"elementor-element elementor-element-8dd06b6 elementor-widget elementor-widget-spacer\" data-id=\"8dd06b6\" data-element_type=\"widget\" data-widget_type=\"spacer.default\">\n\t\t\t\t<div class=\"elementor-widget-container\">\n\t\t\t\t\t\t\t<div class=\"elementor-spacer\">\n\t\t\t<div class=\"elementor-spacer-inner\"><\/div>\n\t\t<\/div>\n\t\t\t\t\t\t<\/div>\n\t\t\t\t<\/div>\n\t\t\t\t\t<\/div>\n\t\t<\/div>\n\t\t\t\t\t<\/div>\n\t\t<\/section>\n\t\t\t\t<section class=\"elementor-section elementor-top-section elementor-element elementor-element-6c73392 elementor-section-boxed elementor-section-height-default elementor-section-height-default\" data-id=\"6c73392\" data-element_type=\"section\">\n\t\t\t\t\t\t<div class=\"elementor-container elementor-column-gap-default\">\n\t\t\t\t\t<div class=\"elementor-column elementor-col-100 elementor-top-column elementor-element elementor-element-2dbc859\" data-id=\"2dbc859\" data-element_type=\"column\">\n\t\t\t<div class=\"elementor-widget-wrap\">\n\t\t\t\t\t\t\t<\/div>\n\t\t<\/div>\n\t\t\t\t\t<\/div>\n\t\t<\/section>\n\t\t\t\t<\/div>\n\t\t","protected":false},"excerpt":{"rendered":"<p>ES_ El proyecto Escenificar un ambiente propuesto piensa el hacer saber que est\u00e1 presente en los procesos del arte. Sondea los ambientes que se despliegan por la t\u00e9cnica (incluyendo al lenguaje como uno de mayor importancia) para tematizar, mediar, suspender y distraer las relaciones que establecemos con nuestro entorno social, econ\u00f3mico, pol\u00edtico, y por supuesto, [&hellip;]<\/p>\n","protected":false},"author":1,"featured_media":0,"parent":0,"menu_order":0,"comment_status":"closed","ping_status":"open","template":"","meta":{"ocean_post_layout":"full-width","ocean_both_sidebars_style":"","ocean_both_sidebars_content_width":0,"ocean_both_sidebars_sidebars_width":0,"ocean_sidebar":"0","ocean_second_sidebar":"0","ocean_disable_margins":"enable","ocean_add_body_class":"","ocean_shortcode_before_top_bar":"","ocean_shortcode_after_top_bar":"","ocean_shortcode_before_header":"","ocean_shortcode_after_header":"","ocean_has_shortcode":"","ocean_shortcode_after_title":"","ocean_shortcode_before_footer_widgets":"","ocean_shortcode_after_footer_widgets":"","ocean_shortcode_before_footer_bottom":"","ocean_shortcode_after_footer_bottom":"","ocean_display_top_bar":"default","ocean_display_header":"default","ocean_header_style":"","ocean_center_header_left_menu":"0","ocean_custom_header_template":"0","ocean_custom_logo":0,"ocean_custom_retina_logo":0,"ocean_custom_logo_max_width":0,"ocean_custom_logo_tablet_max_width":0,"ocean_custom_logo_mobile_max_width":0,"ocean_custom_logo_max_height":0,"ocean_custom_logo_tablet_max_height":0,"ocean_custom_logo_mobile_max_height":0,"ocean_header_custom_menu":"0","ocean_menu_typo_font_family":"0","ocean_menu_typo_font_subset":"","ocean_menu_typo_font_size":0,"ocean_menu_typo_font_size_tablet":0,"ocean_menu_typo_font_size_mobile":0,"ocean_menu_typo_font_size_unit":"px","ocean_menu_typo_font_weight":"","ocean_menu_typo_font_weight_tablet":"","ocean_menu_typo_font_weight_mobile":"","ocean_menu_typo_transform":"","ocean_menu_typo_transform_tablet":"","ocean_menu_typo_transform_mobile":"","ocean_menu_typo_line_height":0,"ocean_menu_typo_line_height_tablet":0,"ocean_menu_typo_line_height_mobile":0,"ocean_menu_typo_line_height_unit":"","ocean_menu_typo_spacing":0,"ocean_menu_typo_spacing_tablet":0,"ocean_menu_typo_spacing_mobile":0,"ocean_menu_typo_spacing_unit":"","ocean_menu_link_color":"","ocean_menu_link_color_hover":"","ocean_menu_link_color_active":"","ocean_menu_link_background":"","ocean_menu_link_hover_background":"","ocean_menu_link_active_background":"","ocean_menu_social_links_bg":"","ocean_menu_social_hover_links_bg":"","ocean_menu_social_links_color":"","ocean_menu_social_hover_links_color":"","ocean_disable_title":"on","ocean_disable_heading":"default","ocean_post_title":"","ocean_post_subheading":"","ocean_post_title_style":"","ocean_post_title_background_color":"","ocean_post_title_background":0,"ocean_post_title_bg_image_position":"","ocean_post_title_bg_image_attachment":"","ocean_post_title_bg_image_repeat":"","ocean_post_title_bg_image_size":"","ocean_post_title_height":0,"ocean_post_title_bg_overlay":0.5,"ocean_post_title_bg_overlay_color":"","ocean_disable_breadcrumbs":"default","ocean_breadcrumbs_color":"","ocean_breadcrumbs_separator_color":"","ocean_breadcrumbs_links_color":"","ocean_breadcrumbs_links_hover_color":"","ocean_display_footer_widgets":"default","ocean_display_footer_bottom":"default","ocean_custom_footer_template":"0","footnotes":""},"class_list":["post-2","page","type-page","status-publish","hentry","entry"],"_links":{"self":[{"href":"https:\/\/oscarayala.com\/escenificar\/wp-json\/wp\/v2\/pages\/2","targetHints":{"allow":["GET"]}}],"collection":[{"href":"https:\/\/oscarayala.com\/escenificar\/wp-json\/wp\/v2\/pages"}],"about":[{"href":"https:\/\/oscarayala.com\/escenificar\/wp-json\/wp\/v2\/types\/page"}],"author":[{"embeddable":true,"href":"https:\/\/oscarayala.com\/escenificar\/wp-json\/wp\/v2\/users\/1"}],"replies":[{"embeddable":true,"href":"https:\/\/oscarayala.com\/escenificar\/wp-json\/wp\/v2\/comments?post=2"}],"version-history":[{"count":62,"href":"https:\/\/oscarayala.com\/escenificar\/wp-json\/wp\/v2\/pages\/2\/revisions"}],"predecessor-version":[{"id":610,"href":"https:\/\/oscarayala.com\/escenificar\/wp-json\/wp\/v2\/pages\/2\/revisions\/610"}],"wp:attachment":[{"href":"https:\/\/oscarayala.com\/escenificar\/wp-json\/wp\/v2\/media?parent=2"}],"curies":[{"name":"wp","href":"https:\/\/api.w.org\/{rel}","templated":true}]}}