{"id":37,"date":"2023-03-29T15:32:10","date_gmt":"2023-03-29T15:32:10","guid":{"rendered":"https:\/\/oscarayala.com\/escenificar\/?page_id=37"},"modified":"2023-07-26T17:45:20","modified_gmt":"2023-07-26T17:45:20","slug":"picto","status":"publish","type":"page","link":"https:\/\/oscarayala.com\/escenificar\/picto\/","title":{"rendered":"Picto"},"content":{"rendered":"\n<h2 class=\"wp-block-heading\">Graf\u00eda<\/h2>\n\n\n\n<div class=\"wp-block-columns is-layout-flex wp-container-core-columns-is-layout-9d6595d7 wp-block-columns-is-layout-flex\">\n<div class=\"wp-block-column is-layout-flow wp-block-column-is-layout-flow\">\n<h6 class=\"wp-block-heading\">ES_<\/h6>\n\n\n\n<p><em>La graf\u00eda es un trazo<\/em> | <em>Un trazo es una expresi\u00f3n<\/em> | <em>Una expresi\u00f3n es una manifestaci\u00f3n del presente<\/em> | <em>El presente es una presentaci\u00f3n.<\/em> La graf\u00eda es un registro de un trazo pl\u00e1stico abstracto y virtual, que busca la sinton\u00eda, el gesto, la repetici\u00f3n inicial o la gran conexi\u00f3n (explosi\u00f3n) con la cual determinar las <strong>part\u00edculas<\/strong> para hacer un llamado y conceptualizar un ambiente. A continuaci\u00f3n, las <strong>Part\u00edculas <em>PIcto:<\/em><\/strong><\/p>\n<\/div>\n\n\n\n<div class=\"wp-block-column is-layout-flow wp-block-column-is-layout-flow\">\n<h6 class=\"wp-block-heading\">PT_<\/h6>\n\n\n\n<p><em>A graf\u00eda \u00e9 um tra\u00e7o<\/em> | <em>Um tra\u00e7o \u00e9 uma express\u00e3o<\/em> | <em>Uma express\u00e3o \u00e9 uma manifesta\u00e7\u00e3o do presente<\/em> | <em>O presente \u00e9 uma apresenta\u00e7\u00e3o.<\/em> A graf\u00eda \u00e9 um registo de um tra\u00e7o pl\u00e1stico abstrato e virtual, que procura a afina\u00e7\u00e3o, o gesto, a repeti\u00e7\u00e3o inicial ou a grande liga\u00e7\u00e3o (explos\u00e3o) com que determinar as <strong>part\u00edculas<\/strong> para fazer uma chamada e concetualizar um ambiente. <em>As <\/em><strong>Part\u00edculas <em>Picto<\/em> <\/strong>s\u00e3o as seguintes:<\/p>\n<\/div>\n<\/div>\n\n\n\n<h1 class=\"wp-block-heading\"><strong>Part\u00edcula Picto-a<\/strong><\/h1>\n\n\n\n<figure class=\"wp-block-gallery has-nested-images columns-default is-cropped wp-block-gallery-1 is-layout-flex wp-block-gallery-is-layout-flex\">\n<figure class=\"wp-block-image size-large\"><a href=\"https:\/\/oscarayala.com\/escenificar\/wp-content\/uploads\/2023\/03\/Fig-08-1_Picto-a.-Primeras-detecciones--scaled.jpg\"><img fetchpriority=\"high\" decoding=\"async\" width=\"768\" height=\"1024\" data-id=\"195\" src=\"https:\/\/oscarayala.com\/escenificar\/wp-content\/uploads\/2023\/03\/Fig-08-1_Picto-a.-Primeras-detecciones--768x1024.jpg\" alt=\"\" class=\"wp-image-195\" srcset=\"https:\/\/oscarayala.com\/escenificar\/wp-content\/uploads\/2023\/03\/Fig-08-1_Picto-a.-Primeras-detecciones--768x1024.jpg 768w, https:\/\/oscarayala.com\/escenificar\/wp-content\/uploads\/2023\/03\/Fig-08-1_Picto-a.-Primeras-detecciones--225x300.jpg 225w, https:\/\/oscarayala.com\/escenificar\/wp-content\/uploads\/2023\/03\/Fig-08-1_Picto-a.-Primeras-detecciones--1152x1536.jpg 1152w, https:\/\/oscarayala.com\/escenificar\/wp-content\/uploads\/2023\/03\/Fig-08-1_Picto-a.-Primeras-detecciones--1537x2048.jpg 1537w, https:\/\/oscarayala.com\/escenificar\/wp-content\/uploads\/2023\/03\/Fig-08-1_Picto-a.-Primeras-detecciones--scaled.jpg 1921w\" sizes=\"(max-width: 768px) 100vw, 768px\" \/><\/a><figcaption class=\"wp-element-caption\">Primeras Detecciones<\/figcaption><\/figure>\n\n\n\n<figure class=\"wp-block-image size-large\"><a href=\"https:\/\/oscarayala.com\/escenificar\/wp-content\/uploads\/2023\/03\/Fig-08-2_Picto-a.-Primeras-detecciones--scaled.jpg\"><img decoding=\"async\" width=\"717\" height=\"1024\" data-id=\"194\" src=\"https:\/\/oscarayala.com\/escenificar\/wp-content\/uploads\/2023\/03\/Fig-08-2_Picto-a.-Primeras-detecciones--717x1024.jpg\" alt=\"\" class=\"wp-image-194\" srcset=\"https:\/\/oscarayala.com\/escenificar\/wp-content\/uploads\/2023\/03\/Fig-08-2_Picto-a.-Primeras-detecciones--717x1024.jpg 717w, https:\/\/oscarayala.com\/escenificar\/wp-content\/uploads\/2023\/03\/Fig-08-2_Picto-a.-Primeras-detecciones--210x300.jpg 210w, https:\/\/oscarayala.com\/escenificar\/wp-content\/uploads\/2023\/03\/Fig-08-2_Picto-a.-Primeras-detecciones--768x1096.jpg 768w, https:\/\/oscarayala.com\/escenificar\/wp-content\/uploads\/2023\/03\/Fig-08-2_Picto-a.-Primeras-detecciones--1076x1536.jpg 1076w, https:\/\/oscarayala.com\/escenificar\/wp-content\/uploads\/2023\/03\/Fig-08-2_Picto-a.-Primeras-detecciones--1434x2048.jpg 1434w, https:\/\/oscarayala.com\/escenificar\/wp-content\/uploads\/2023\/03\/Fig-08-2_Picto-a.-Primeras-detecciones--scaled.jpg 1793w\" sizes=\"(max-width: 717px) 100vw, 717px\" \/><\/a><figcaption class=\"wp-element-caption\">Primeras Detecciones<\/figcaption><\/figure>\n\n\n\n<figure class=\"wp-block-image size-large\"><a href=\"https:\/\/oscarayala.com\/escenificar\/wp-content\/uploads\/2023\/03\/Fig-09_Picto-a.-Deteccion-Final--scaled.jpg\"><img decoding=\"async\" width=\"817\" height=\"1024\" data-id=\"193\" src=\"https:\/\/oscarayala.com\/escenificar\/wp-content\/uploads\/2023\/03\/Fig-09_Picto-a.-Deteccion-Final--817x1024.jpg\" alt=\"\" class=\"wp-image-193\" srcset=\"https:\/\/oscarayala.com\/escenificar\/wp-content\/uploads\/2023\/03\/Fig-09_Picto-a.-Deteccion-Final--817x1024.jpg 817w, https:\/\/oscarayala.com\/escenificar\/wp-content\/uploads\/2023\/03\/Fig-09_Picto-a.-Deteccion-Final--239x300.jpg 239w, https:\/\/oscarayala.com\/escenificar\/wp-content\/uploads\/2023\/03\/Fig-09_Picto-a.-Deteccion-Final--768x962.jpg 768w, https:\/\/oscarayala.com\/escenificar\/wp-content\/uploads\/2023\/03\/Fig-09_Picto-a.-Deteccion-Final--1226x1536.jpg 1226w, https:\/\/oscarayala.com\/escenificar\/wp-content\/uploads\/2023\/03\/Fig-09_Picto-a.-Deteccion-Final--1635x2048.jpg 1635w, https:\/\/oscarayala.com\/escenificar\/wp-content\/uploads\/2023\/03\/Fig-09_Picto-a.-Deteccion-Final--scaled.jpg 2043w\" sizes=\"(max-width: 817px) 100vw, 817px\" \/><\/a><figcaption class=\"wp-element-caption\">Detecci\u00f3n Final<\/figcaption><\/figure>\n<\/figure>\n\n\n\n<div style=\"height:100px\" aria-hidden=\"true\" class=\"wp-block-spacer\"><\/div>\n\n\n\n<h1 class=\"wp-block-heading\">Part\u00edcula Picto-b<\/h1>\n\n\n\n<figure class=\"wp-block-gallery has-nested-images columns-default is-cropped wp-block-gallery-2 is-layout-flex wp-block-gallery-is-layout-flex\">\n<figure class=\"wp-block-image size-large\"><a href=\"https:\/\/oscarayala.com\/escenificar\/wp-content\/uploads\/2023\/03\/Fig-10_Picto-b.-Primeras-deteccionesl-1-1-scaled.jpg\"><img loading=\"lazy\" decoding=\"async\" width=\"1024\" height=\"494\" data-id=\"196\" src=\"https:\/\/oscarayala.com\/escenificar\/wp-content\/uploads\/2023\/03\/Fig-10_Picto-b.-Primeras-deteccionesl-1-1-1024x494.jpg\" alt=\"\" class=\"wp-image-196\" srcset=\"https:\/\/oscarayala.com\/escenificar\/wp-content\/uploads\/2023\/03\/Fig-10_Picto-b.-Primeras-deteccionesl-1-1-1024x494.jpg 1024w, https:\/\/oscarayala.com\/escenificar\/wp-content\/uploads\/2023\/03\/Fig-10_Picto-b.-Primeras-deteccionesl-1-1-300x145.jpg 300w, https:\/\/oscarayala.com\/escenificar\/wp-content\/uploads\/2023\/03\/Fig-10_Picto-b.-Primeras-deteccionesl-1-1-768x370.jpg 768w, https:\/\/oscarayala.com\/escenificar\/wp-content\/uploads\/2023\/03\/Fig-10_Picto-b.-Primeras-deteccionesl-1-1-1536x740.jpg 1536w, https:\/\/oscarayala.com\/escenificar\/wp-content\/uploads\/2023\/03\/Fig-10_Picto-b.-Primeras-deteccionesl-1-1-2048x987.jpg 2048w\" sizes=\"(max-width: 1024px) 100vw, 1024px\" \/><\/a><figcaption class=\"wp-element-caption\">Primeras Detecciones<\/figcaption><\/figure>\n\n\n\n<figure class=\"wp-block-image size-large\"><a href=\"https:\/\/oscarayala.com\/escenificar\/wp-content\/uploads\/2023\/03\/Fig-11_Picto-b.-Deteccion-Final--scaled.jpg\"><img loading=\"lazy\" decoding=\"async\" width=\"1024\" height=\"540\" data-id=\"197\" src=\"https:\/\/oscarayala.com\/escenificar\/wp-content\/uploads\/2023\/03\/Fig-11_Picto-b.-Deteccion-Final--1024x540.jpg\" alt=\"\" class=\"wp-image-197\" srcset=\"https:\/\/oscarayala.com\/escenificar\/wp-content\/uploads\/2023\/03\/Fig-11_Picto-b.-Deteccion-Final--1024x540.jpg 1024w, https:\/\/oscarayala.com\/escenificar\/wp-content\/uploads\/2023\/03\/Fig-11_Picto-b.-Deteccion-Final--300x158.jpg 300w, https:\/\/oscarayala.com\/escenificar\/wp-content\/uploads\/2023\/03\/Fig-11_Picto-b.-Deteccion-Final--768x405.jpg 768w, https:\/\/oscarayala.com\/escenificar\/wp-content\/uploads\/2023\/03\/Fig-11_Picto-b.-Deteccion-Final--1536x809.jpg 1536w, https:\/\/oscarayala.com\/escenificar\/wp-content\/uploads\/2023\/03\/Fig-11_Picto-b.-Deteccion-Final--2048x1079.jpg 2048w\" sizes=\"(max-width: 1024px) 100vw, 1024px\" \/><\/a><figcaption class=\"wp-element-caption\">Detecci\u00f3n Final<\/figcaption><\/figure>\n<\/figure>\n\n\n\n<div style=\"height:100px\" aria-hidden=\"true\" class=\"wp-block-spacer\"><\/div>\n\n\n\n<h2 class=\"wp-block-heading\">Part\u00edcula Picto-C<\/h2>\n\n\n\n<figure class=\"wp-block-gallery has-nested-images columns-default is-cropped wp-block-gallery-3 is-layout-flex wp-block-gallery-is-layout-flex\">\n<figure class=\"wp-block-image size-large\"><a href=\"https:\/\/oscarayala.com\/escenificar\/wp-content\/uploads\/2023\/03\/Fig-12_Picto-b.-Primeras-deteccionesl--scaled.jpeg\"><img loading=\"lazy\" decoding=\"async\" width=\"1024\" height=\"768\" data-id=\"203\" src=\"https:\/\/oscarayala.com\/escenificar\/wp-content\/uploads\/2023\/03\/Fig-12_Picto-b.-Primeras-deteccionesl--1024x768.jpeg\" alt=\"\" class=\"wp-image-203\" srcset=\"https:\/\/oscarayala.com\/escenificar\/wp-content\/uploads\/2023\/03\/Fig-12_Picto-b.-Primeras-deteccionesl--1024x768.jpeg 1024w, https:\/\/oscarayala.com\/escenificar\/wp-content\/uploads\/2023\/03\/Fig-12_Picto-b.-Primeras-deteccionesl--300x225.jpeg 300w, https:\/\/oscarayala.com\/escenificar\/wp-content\/uploads\/2023\/03\/Fig-12_Picto-b.-Primeras-deteccionesl--768x576.jpeg 768w, https:\/\/oscarayala.com\/escenificar\/wp-content\/uploads\/2023\/03\/Fig-12_Picto-b.-Primeras-deteccionesl--1536x1152.jpeg 1536w, https:\/\/oscarayala.com\/escenificar\/wp-content\/uploads\/2023\/03\/Fig-12_Picto-b.-Primeras-deteccionesl--2048x1536.jpeg 2048w\" sizes=\"(max-width: 1024px) 100vw, 1024px\" \/><\/a><figcaption class=\"wp-element-caption\">Primeras Detecciones<\/figcaption><\/figure>\n\n\n\n<figure class=\"wp-block-image size-large\"><a href=\"https:\/\/oscarayala.com\/escenificar\/wp-content\/uploads\/2023\/03\/Fig-13_Picto-c.-Deteccion-final.jpg\"><img loading=\"lazy\" decoding=\"async\" width=\"845\" height=\"1024\" data-id=\"202\" src=\"https:\/\/oscarayala.com\/escenificar\/wp-content\/uploads\/2023\/03\/Fig-13_Picto-c.-Deteccion-final-845x1024.jpg\" alt=\"\" class=\"wp-image-202\" srcset=\"https:\/\/oscarayala.com\/escenificar\/wp-content\/uploads\/2023\/03\/Fig-13_Picto-c.-Deteccion-final-845x1024.jpg 845w, https:\/\/oscarayala.com\/escenificar\/wp-content\/uploads\/2023\/03\/Fig-13_Picto-c.-Deteccion-final-248x300.jpg 248w, https:\/\/oscarayala.com\/escenificar\/wp-content\/uploads\/2023\/03\/Fig-13_Picto-c.-Deteccion-final-768x931.jpg 768w, https:\/\/oscarayala.com\/escenificar\/wp-content\/uploads\/2023\/03\/Fig-13_Picto-c.-Deteccion-final-1267x1536.jpg 1267w, https:\/\/oscarayala.com\/escenificar\/wp-content\/uploads\/2023\/03\/Fig-13_Picto-c.-Deteccion-final-1690x2048.jpg 1690w, https:\/\/oscarayala.com\/escenificar\/wp-content\/uploads\/2023\/03\/Fig-13_Picto-c.-Deteccion-final.jpg 1848w\" sizes=\"(max-width: 845px) 100vw, 845px\" \/><\/a><figcaption class=\"wp-element-caption\">Detecci\u00f3n Final<\/figcaption><\/figure>\n<\/figure>\n\n\n\n<div style=\"height:100px\" aria-hidden=\"true\" class=\"wp-block-spacer\"><\/div>\n\n\n\n<h1 class=\"wp-block-heading\">Part\u00edcula Picto-D<\/h1>\n\n\n\n<figure class=\"wp-block-gallery has-nested-images columns-default is-cropped wp-block-gallery-4 is-layout-flex wp-block-gallery-is-layout-flex\">\n<figure class=\"wp-block-image size-large\"><img loading=\"lazy\" decoding=\"async\" width=\"1024\" height=\"798\" data-id=\"207\" src=\"https:\/\/oscarayala.com\/escenificar\/wp-content\/uploads\/2023\/03\/Fig-14_Picto-d.-Primeras-detecciones-1024x798.jpg\" alt=\"\" class=\"wp-image-207\" srcset=\"https:\/\/oscarayala.com\/escenificar\/wp-content\/uploads\/2023\/03\/Fig-14_Picto-d.-Primeras-detecciones-1024x798.jpg 1024w, https:\/\/oscarayala.com\/escenificar\/wp-content\/uploads\/2023\/03\/Fig-14_Picto-d.-Primeras-detecciones-300x234.jpg 300w, https:\/\/oscarayala.com\/escenificar\/wp-content\/uploads\/2023\/03\/Fig-14_Picto-d.-Primeras-detecciones-768x599.jpg 768w, https:\/\/oscarayala.com\/escenificar\/wp-content\/uploads\/2023\/03\/Fig-14_Picto-d.-Primeras-detecciones-1536x1197.jpg 1536w, https:\/\/oscarayala.com\/escenificar\/wp-content\/uploads\/2023\/03\/Fig-14_Picto-d.-Primeras-detecciones-2048x1596.jpg 2048w\" sizes=\"(max-width: 1024px) 100vw, 1024px\" \/><figcaption class=\"wp-element-caption\">Primeras Detecciones<\/figcaption><\/figure>\n\n\n\n<figure class=\"wp-block-image size-large\"><img loading=\"lazy\" decoding=\"async\" width=\"1024\" height=\"827\" data-id=\"529\" src=\"https:\/\/oscarayala.com\/escenificar\/wp-content\/uploads\/2023\/07\/Picto-D-Final-1024x827.jpeg\" alt=\"\" class=\"wp-image-529\" srcset=\"https:\/\/oscarayala.com\/escenificar\/wp-content\/uploads\/2023\/07\/Picto-D-Final-1024x827.jpeg 1024w, https:\/\/oscarayala.com\/escenificar\/wp-content\/uploads\/2023\/07\/Picto-D-Final-300x242.jpeg 300w, https:\/\/oscarayala.com\/escenificar\/wp-content\/uploads\/2023\/07\/Picto-D-Final-768x620.jpeg 768w, https:\/\/oscarayala.com\/escenificar\/wp-content\/uploads\/2023\/07\/Picto-D-Final-1536x1240.jpeg 1536w, https:\/\/oscarayala.com\/escenificar\/wp-content\/uploads\/2023\/07\/Picto-D-Final-2048x1653.jpeg 2048w\" sizes=\"(max-width: 1024px) 100vw, 1024px\" \/><figcaption class=\"wp-element-caption\">Detecci\u00f3n Final<\/figcaption><\/figure>\n<\/figure>\n\n\n\n<p><\/p>\n","protected":false},"excerpt":{"rendered":"<p>Graf\u00eda ES_ La graf\u00eda es un trazo | Un trazo es una expresi\u00f3n | Una expresi\u00f3n es una manifestaci\u00f3n del presente | El presente es una presentaci\u00f3n. La graf\u00eda es un registro de un trazo pl\u00e1stico abstracto y virtual, que busca la sinton\u00eda, el gesto, la repetici\u00f3n inicial o la gran conexi\u00f3n (explosi\u00f3n) con la [&hellip;]<\/p>\n","protected":false},"author":1,"featured_media":0,"parent":0,"menu_order":0,"comment_status":"closed","ping_status":"closed","template":"","meta":{"ocean_post_layout":"","ocean_both_sidebars_style":"","ocean_both_sidebars_content_width":0,"ocean_both_sidebars_sidebars_width":0,"ocean_sidebar":"0","ocean_second_sidebar":"0","ocean_disable_margins":"enable","ocean_add_body_class":"","ocean_shortcode_before_top_bar":"","ocean_shortcode_after_top_bar":"","ocean_shortcode_before_header":"","ocean_shortcode_after_header":"","ocean_has_shortcode":"","ocean_shortcode_after_title":"","ocean_shortcode_before_footer_widgets":"","ocean_shortcode_after_footer_widgets":"","ocean_shortcode_before_footer_bottom":"","ocean_shortcode_after_footer_bottom":"","ocean_display_top_bar":"default","ocean_display_header":"default","ocean_header_style":"","ocean_center_header_left_menu":"0","ocean_custom_header_template":"0","ocean_custom_logo":0,"ocean_custom_retina_logo":0,"ocean_custom_logo_max_width":0,"ocean_custom_logo_tablet_max_width":0,"ocean_custom_logo_mobile_max_width":0,"ocean_custom_logo_max_height":0,"ocean_custom_logo_tablet_max_height":0,"ocean_custom_logo_mobile_max_height":0,"ocean_header_custom_menu":"0","ocean_menu_typo_font_family":"0","ocean_menu_typo_font_subset":"","ocean_menu_typo_font_size":0,"ocean_menu_typo_font_size_tablet":0,"ocean_menu_typo_font_size_mobile":0,"ocean_menu_typo_font_size_unit":"px","ocean_menu_typo_font_weight":"","ocean_menu_typo_font_weight_tablet":"","ocean_menu_typo_font_weight_mobile":"","ocean_menu_typo_transform":"","ocean_menu_typo_transform_tablet":"","ocean_menu_typo_transform_mobile":"","ocean_menu_typo_line_height":0,"ocean_menu_typo_line_height_tablet":0,"ocean_menu_typo_line_height_mobile":0,"ocean_menu_typo_line_height_unit":"","ocean_menu_typo_spacing":0,"ocean_menu_typo_spacing_tablet":0,"ocean_menu_typo_spacing_mobile":0,"ocean_menu_typo_spacing_unit":"","ocean_menu_link_color":"","ocean_menu_link_color_hover":"","ocean_menu_link_color_active":"","ocean_menu_link_background":"","ocean_menu_link_hover_background":"","ocean_menu_link_active_background":"","ocean_menu_social_links_bg":"","ocean_menu_social_hover_links_bg":"","ocean_menu_social_links_color":"","ocean_menu_social_hover_links_color":"","ocean_disable_title":"on","ocean_disable_heading":"default","ocean_post_title":"","ocean_post_subheading":"","ocean_post_title_style":"","ocean_post_title_background_color":"","ocean_post_title_background":0,"ocean_post_title_bg_image_position":"","ocean_post_title_bg_image_attachment":"","ocean_post_title_bg_image_repeat":"","ocean_post_title_bg_image_size":"","ocean_post_title_height":0,"ocean_post_title_bg_overlay":0.5,"ocean_post_title_bg_overlay_color":"","ocean_disable_breadcrumbs":"default","ocean_breadcrumbs_color":"","ocean_breadcrumbs_separator_color":"","ocean_breadcrumbs_links_color":"","ocean_breadcrumbs_links_hover_color":"","ocean_display_footer_widgets":"default","ocean_display_footer_bottom":"default","ocean_custom_footer_template":"0","footnotes":""},"class_list":["post-37","page","type-page","status-publish","hentry","entry"],"_links":{"self":[{"href":"https:\/\/oscarayala.com\/escenificar\/wp-json\/wp\/v2\/pages\/37","targetHints":{"allow":["GET"]}}],"collection":[{"href":"https:\/\/oscarayala.com\/escenificar\/wp-json\/wp\/v2\/pages"}],"about":[{"href":"https:\/\/oscarayala.com\/escenificar\/wp-json\/wp\/v2\/types\/page"}],"author":[{"embeddable":true,"href":"https:\/\/oscarayala.com\/escenificar\/wp-json\/wp\/v2\/users\/1"}],"replies":[{"embeddable":true,"href":"https:\/\/oscarayala.com\/escenificar\/wp-json\/wp\/v2\/comments?post=37"}],"version-history":[{"count":17,"href":"https:\/\/oscarayala.com\/escenificar\/wp-json\/wp\/v2\/pages\/37\/revisions"}],"predecessor-version":[{"id":530,"href":"https:\/\/oscarayala.com\/escenificar\/wp-json\/wp\/v2\/pages\/37\/revisions\/530"}],"wp:attachment":[{"href":"https:\/\/oscarayala.com\/escenificar\/wp-json\/wp\/v2\/media?parent=37"}],"curies":[{"name":"wp","href":"https:\/\/api.w.org\/{rel}","templated":true}]}}