{"id":41,"date":"2023-03-29T15:33:15","date_gmt":"2023-03-29T15:33:15","guid":{"rendered":"https:\/\/oscarayala.com\/escenificar\/?page_id=41"},"modified":"2023-06-22T15:34:56","modified_gmt":"2023-06-22T15:34:56","slug":"lecto","status":"publish","type":"page","link":"https:\/\/oscarayala.com\/escenificar\/lecto\/","title":{"rendered":"Lecto"},"content":{"rendered":"\n<h2 class=\"wp-block-heading\">Graf\u00eda<\/h2>\n\n\n\n<div class=\"wp-block-columns is-layout-flex wp-container-core-columns-is-layout-9d6595d7 wp-block-columns-is-layout-flex\">\n<div class=\"wp-block-column is-layout-flow wp-block-column-is-layout-flow\">\n<h6 class=\"wp-block-heading\">ES_<\/h6>\n\n\n\n<p><em>La graf\u00eda es un trazo<\/em> | <em>Un trazo es una expresi\u00f3n<\/em> | <em>Una expresi\u00f3n es una manifestaci\u00f3n del presente<\/em> | <em>El presente es una presentaci\u00f3n.<\/em> La graf\u00eda es un registro de un trazo pl\u00e1stico abstracto y virtual, que busca la sinton\u00eda, el gesto, la repetici\u00f3n inicial o la gran conexi\u00f3n (explosi\u00f3n) con la cual determinar las <strong>part\u00edculas<\/strong> para hacer un llamado y conceptualizar un ambiente. A continuaci\u00f3n, las <strong>Part\u00edculas <em>Lecto:<\/em><\/strong><\/p>\n<\/div>\n\n\n\n<div class=\"wp-block-column is-layout-flow wp-block-column-is-layout-flow\">\n<h6 class=\"wp-block-heading\">PT_<\/h6>\n\n\n\n<p><em>A graf\u00eda \u00e9 um tra\u00e7o<\/em> | <em>Um tra\u00e7o \u00e9 uma express\u00e3o<\/em> | <em>Uma express\u00e3o \u00e9 uma manifesta\u00e7\u00e3o do presente<\/em> | <em>O presente \u00e9 uma apresenta\u00e7\u00e3o.<\/em> A graf\u00eda \u00e9 um registo de um tra\u00e7o pl\u00e1stico abstrato e virtual, que procura a afina\u00e7\u00e3o, o gesto, a repeti\u00e7\u00e3o inicial ou a grande liga\u00e7\u00e3o (explos\u00e3o) com que determinar as <strong>part\u00edculas<\/strong> para fazer uma chamada e concetualizar um ambiente. <em>As <\/em><strong>Part\u00edculas <em>Lecto<\/em> <\/strong>s\u00e3o as seguintes.<\/p>\n<\/div>\n<\/div>\n\n\n\n<h1 class=\"wp-block-heading\">Part\u00edcula Lecto-A<\/h1>\n\n\n\n<figure class=\"wp-block-image size-full\"><img fetchpriority=\"high\" decoding=\"async\" width=\"968\" height=\"682\" src=\"https:\/\/oscarayala.com\/escenificar\/wp-content\/uploads\/2023\/03\/Fig-21_Lecto-a.png\" alt=\"\" class=\"wp-image-221\" srcset=\"https:\/\/oscarayala.com\/escenificar\/wp-content\/uploads\/2023\/03\/Fig-21_Lecto-a.png 968w, https:\/\/oscarayala.com\/escenificar\/wp-content\/uploads\/2023\/03\/Fig-21_Lecto-a-300x211.png 300w, https:\/\/oscarayala.com\/escenificar\/wp-content\/uploads\/2023\/03\/Fig-21_Lecto-a-768x541.png 768w\" sizes=\"(max-width: 968px) 100vw, 968px\" \/><figcaption class=\"wp-element-caption\">Selecci\u00f3n de libros atra\u00eddos al universo de la proyecci\u00f3n.<\/figcaption><\/figure>\n\n\n\n<div style=\"height:100px\" aria-hidden=\"true\" class=\"wp-block-spacer\"><\/div>\n\n\n\n<h1 class=\"wp-block-heading\">Part\u00edcula Lecto-B<\/h1>\n\n\n\n<figure class=\"wp-block-gallery has-nested-images columns-default is-cropped wp-block-gallery-1 is-layout-flex wp-block-gallery-is-layout-flex\">\n<figure class=\"wp-block-image size-large\"><img decoding=\"async\" width=\"1024\" height=\"315\" data-id=\"222\" src=\"https:\/\/oscarayala.com\/escenificar\/wp-content\/uploads\/2023\/03\/Fig-22_Lecto-b-1024x315.png\" alt=\"\" class=\"wp-image-222\" srcset=\"https:\/\/oscarayala.com\/escenificar\/wp-content\/uploads\/2023\/03\/Fig-22_Lecto-b-1024x315.png 1024w, https:\/\/oscarayala.com\/escenificar\/wp-content\/uploads\/2023\/03\/Fig-22_Lecto-b-300x92.png 300w, https:\/\/oscarayala.com\/escenificar\/wp-content\/uploads\/2023\/03\/Fig-22_Lecto-b-768x237.png 768w, https:\/\/oscarayala.com\/escenificar\/wp-content\/uploads\/2023\/03\/Fig-22_Lecto-b-1536x473.png 1536w, https:\/\/oscarayala.com\/escenificar\/wp-content\/uploads\/2023\/03\/Fig-22_Lecto-b.png 1974w\" sizes=\"(max-width: 1024px) 100vw, 1024px\" \/><figcaption class=\"wp-element-caption\">Visualizaci\u00f3n de piezas de arte atra\u00eddas al universo de la proyecci\u00f3n.<\/figcaption><\/figure>\n<\/figure>\n\n\n\n<div style=\"height:100px\" aria-hidden=\"true\" class=\"wp-block-spacer\"><\/div>\n\n\n\n<h1 class=\"wp-block-heading\">Part\u00edcula Lecto-C<\/h1>\n\n\n\n<figure class=\"wp-block-image size-large\"><img decoding=\"async\" width=\"1024\" height=\"819\" src=\"https:\/\/oscarayala.com\/escenificar\/wp-content\/uploads\/2023\/03\/Fig-23_Lecto-c-1024x819.png\" alt=\"\" class=\"wp-image-223\" srcset=\"https:\/\/oscarayala.com\/escenificar\/wp-content\/uploads\/2023\/03\/Fig-23_Lecto-c-1024x819.png 1024w, https:\/\/oscarayala.com\/escenificar\/wp-content\/uploads\/2023\/03\/Fig-23_Lecto-c-300x240.png 300w, https:\/\/oscarayala.com\/escenificar\/wp-content\/uploads\/2023\/03\/Fig-23_Lecto-c-768x614.png 768w, https:\/\/oscarayala.com\/escenificar\/wp-content\/uploads\/2023\/03\/Fig-23_Lecto-c.png 1418w\" sizes=\"(max-width: 1024px) 100vw, 1024px\" \/><figcaption class=\"wp-element-caption\">Visualizaci\u00f3n de objetos atra\u00eddos al universo de la proyecci\u00f3n<\/figcaption><\/figure>\n","protected":false},"excerpt":{"rendered":"<p>Graf\u00eda ES_ La graf\u00eda es un trazo | Un trazo es una expresi\u00f3n | Una expresi\u00f3n es una manifestaci\u00f3n del presente | El presente es una presentaci\u00f3n. La graf\u00eda es un registro de un trazo pl\u00e1stico abstracto y virtual, que busca la sinton\u00eda, el gesto, la repetici\u00f3n inicial o la gran conexi\u00f3n (explosi\u00f3n) con la [&hellip;]<\/p>\n","protected":false},"author":1,"featured_media":0,"parent":0,"menu_order":0,"comment_status":"closed","ping_status":"closed","template":"","meta":{"ocean_post_layout":"","ocean_both_sidebars_style":"","ocean_both_sidebars_content_width":0,"ocean_both_sidebars_sidebars_width":0,"ocean_sidebar":"0","ocean_second_sidebar":"0","ocean_disable_margins":"enable","ocean_add_body_class":"","ocean_shortcode_before_top_bar":"","ocean_shortcode_after_top_bar":"","ocean_shortcode_before_header":"","ocean_shortcode_after_header":"","ocean_has_shortcode":"","ocean_shortcode_after_title":"","ocean_shortcode_before_footer_widgets":"","ocean_shortcode_after_footer_widgets":"","ocean_shortcode_before_footer_bottom":"","ocean_shortcode_after_footer_bottom":"","ocean_display_top_bar":"default","ocean_display_header":"default","ocean_header_style":"","ocean_center_header_left_menu":"0","ocean_custom_header_template":"0","ocean_custom_logo":0,"ocean_custom_retina_logo":0,"ocean_custom_logo_max_width":0,"ocean_custom_logo_tablet_max_width":0,"ocean_custom_logo_mobile_max_width":0,"ocean_custom_logo_max_height":0,"ocean_custom_logo_tablet_max_height":0,"ocean_custom_logo_mobile_max_height":0,"ocean_header_custom_menu":"0","ocean_menu_typo_font_family":"0","ocean_menu_typo_font_subset":"","ocean_menu_typo_font_size":0,"ocean_menu_typo_font_size_tablet":0,"ocean_menu_typo_font_size_mobile":0,"ocean_menu_typo_font_size_unit":"px","ocean_menu_typo_font_weight":"","ocean_menu_typo_font_weight_tablet":"","ocean_menu_typo_font_weight_mobile":"","ocean_menu_typo_transform":"","ocean_menu_typo_transform_tablet":"","ocean_menu_typo_transform_mobile":"","ocean_menu_typo_line_height":0,"ocean_menu_typo_line_height_tablet":0,"ocean_menu_typo_line_height_mobile":0,"ocean_menu_typo_line_height_unit":"","ocean_menu_typo_spacing":0,"ocean_menu_typo_spacing_tablet":0,"ocean_menu_typo_spacing_mobile":0,"ocean_menu_typo_spacing_unit":"","ocean_menu_link_color":"","ocean_menu_link_color_hover":"","ocean_menu_link_color_active":"","ocean_menu_link_background":"","ocean_menu_link_hover_background":"","ocean_menu_link_active_background":"","ocean_menu_social_links_bg":"","ocean_menu_social_hover_links_bg":"","ocean_menu_social_links_color":"","ocean_menu_social_hover_links_color":"","ocean_disable_title":"on","ocean_disable_heading":"default","ocean_post_title":"","ocean_post_subheading":"","ocean_post_title_style":"","ocean_post_title_background_color":"","ocean_post_title_background":0,"ocean_post_title_bg_image_position":"","ocean_post_title_bg_image_attachment":"","ocean_post_title_bg_image_repeat":"","ocean_post_title_bg_image_size":"","ocean_post_title_height":0,"ocean_post_title_bg_overlay":0.5,"ocean_post_title_bg_overlay_color":"","ocean_disable_breadcrumbs":"default","ocean_breadcrumbs_color":"","ocean_breadcrumbs_separator_color":"","ocean_breadcrumbs_links_color":"","ocean_breadcrumbs_links_hover_color":"","ocean_display_footer_widgets":"default","ocean_display_footer_bottom":"default","ocean_custom_footer_template":"0","footnotes":""},"class_list":["post-41","page","type-page","status-publish","hentry","entry"],"_links":{"self":[{"href":"https:\/\/oscarayala.com\/escenificar\/wp-json\/wp\/v2\/pages\/41","targetHints":{"allow":["GET"]}}],"collection":[{"href":"https:\/\/oscarayala.com\/escenificar\/wp-json\/wp\/v2\/pages"}],"about":[{"href":"https:\/\/oscarayala.com\/escenificar\/wp-json\/wp\/v2\/types\/page"}],"author":[{"embeddable":true,"href":"https:\/\/oscarayala.com\/escenificar\/wp-json\/wp\/v2\/users\/1"}],"replies":[{"embeddable":true,"href":"https:\/\/oscarayala.com\/escenificar\/wp-json\/wp\/v2\/comments?post=41"}],"version-history":[{"count":4,"href":"https:\/\/oscarayala.com\/escenificar\/wp-json\/wp\/v2\/pages\/41\/revisions"}],"predecessor-version":[{"id":497,"href":"https:\/\/oscarayala.com\/escenificar\/wp-json\/wp\/v2\/pages\/41\/revisions\/497"}],"wp:attachment":[{"href":"https:\/\/oscarayala.com\/escenificar\/wp-json\/wp\/v2\/media?parent=41"}],"curies":[{"name":"wp","href":"https:\/\/api.w.org\/{rel}","templated":true}]}}