{"id":511,"date":"2023-07-06T16:20:33","date_gmt":"2023-07-06T16:20:33","guid":{"rendered":"https:\/\/oscarayala.com\/escenificar\/?page_id=511"},"modified":"2023-09-06T02:14:23","modified_gmt":"2023-09-06T02:14:23","slug":"lo-que-el-ambiente-ve","status":"publish","type":"page","link":"https:\/\/oscarayala.com\/escenificar\/lo-que-el-ambiente-ve\/","title":{"rendered":"Lo que el ambiente ve"},"content":{"rendered":"\n<figure class=\"wp-block-gallery has-nested-images columns-default is-cropped wp-block-gallery-1 is-layout-flex wp-block-gallery-is-layout-flex\">\n<figure class=\"wp-block-image size-large\"><a href=\"https:\/\/oscarayala.com\/escenificar\/wp-content\/uploads\/2023\/07\/Lo-que-el-ambiente-ve-PT02.png\"><img fetchpriority=\"high\" decoding=\"async\" width=\"1024\" height=\"1024\" data-id=\"522\" src=\"https:\/\/oscarayala.com\/escenificar\/wp-content\/uploads\/2023\/07\/Lo-que-el-ambiente-ve-PT02-1024x1024.png\" alt=\"\" class=\"wp-image-522\" srcset=\"https:\/\/oscarayala.com\/escenificar\/wp-content\/uploads\/2023\/07\/Lo-que-el-ambiente-ve-PT02-1024x1024.png 1024w, https:\/\/oscarayala.com\/escenificar\/wp-content\/uploads\/2023\/07\/Lo-que-el-ambiente-ve-PT02-300x300.png 300w, https:\/\/oscarayala.com\/escenificar\/wp-content\/uploads\/2023\/07\/Lo-que-el-ambiente-ve-PT02-150x150.png 150w, https:\/\/oscarayala.com\/escenificar\/wp-content\/uploads\/2023\/07\/Lo-que-el-ambiente-ve-PT02-768x769.png 768w, https:\/\/oscarayala.com\/escenificar\/wp-content\/uploads\/2023\/07\/Lo-que-el-ambiente-ve-PT02-600x600.png 600w, https:\/\/oscarayala.com\/escenificar\/wp-content\/uploads\/2023\/07\/Lo-que-el-ambiente-ve-PT02.png 1181w\" sizes=\"(max-width: 1024px) 100vw, 1024px\" \/><\/a><\/figure>\n\n\n\n<figure class=\"wp-block-image size-large\"><a href=\"https:\/\/oscarayala.com\/escenificar\/wp-content\/uploads\/2023\/07\/Lo-que-el-ambiente-ve-PT03.png\"><img decoding=\"async\" width=\"1024\" height=\"1024\" data-id=\"523\" src=\"https:\/\/oscarayala.com\/escenificar\/wp-content\/uploads\/2023\/07\/Lo-que-el-ambiente-ve-PT03-1024x1024.png\" alt=\"\" class=\"wp-image-523\" srcset=\"https:\/\/oscarayala.com\/escenificar\/wp-content\/uploads\/2023\/07\/Lo-que-el-ambiente-ve-PT03-1024x1024.png 1024w, https:\/\/oscarayala.com\/escenificar\/wp-content\/uploads\/2023\/07\/Lo-que-el-ambiente-ve-PT03-300x300.png 300w, https:\/\/oscarayala.com\/escenificar\/wp-content\/uploads\/2023\/07\/Lo-que-el-ambiente-ve-PT03-150x150.png 150w, https:\/\/oscarayala.com\/escenificar\/wp-content\/uploads\/2023\/07\/Lo-que-el-ambiente-ve-PT03-768x768.png 768w, https:\/\/oscarayala.com\/escenificar\/wp-content\/uploads\/2023\/07\/Lo-que-el-ambiente-ve-PT03-600x600.png 600w, https:\/\/oscarayala.com\/escenificar\/wp-content\/uploads\/2023\/07\/Lo-que-el-ambiente-ve-PT03.png 1181w\" sizes=\"(max-width: 1024px) 100vw, 1024px\" \/><\/a><\/figure>\n<\/figure>\n\n\n\n<p><\/p>\n\n\n\n<p>31 de julio de 2023. Museu da Faculdade de Belas Artes, Universidade do Porto, Porto, Portugal.<\/p>\n\n\n\n<p><strong>Lo que el ambiente ve.&nbsp;<\/strong>Propuesta curatorial \/ Proposta curatorial de <em>Oscar Ayala&nbsp;<\/em>Organizaci\u00f3n \/ Organiza\u00e7\u00e3o&nbsp;<em>Doutoramento em Artes Pl\u00e1sticas FBAUP.<\/em><\/p>\n\n\n\n<p>M\u00e1s informaci\u00f3n \/ Mais Informa\u00e7\u00e3o <a rel=\"noreferrer noopener\" href=\"https:\/\/oscarayala.com\/p\/2023\/08\/03\/lo-que-el-ambiente-ve\/\" data-type=\"link\" data-id=\"https:\/\/oscarayala.com\/p\/2023\/08\/03\/lo-que-el-ambiente-ve\/\" target=\"_blank\"><strong>aqu\u00ed<\/strong><\/a><\/p>\n","protected":false},"excerpt":{"rendered":"<p>31 de julio de 2023. Museu da Faculdade de Belas Artes, Universidade do Porto, Porto, Portugal. Lo que el ambiente ve.&nbsp;Propuesta curatorial \/ Proposta curatorial de Oscar Ayala&nbsp;Organizaci\u00f3n \/ Organiza\u00e7\u00e3o&nbsp;Doutoramento em Artes Pl\u00e1sticas FBAUP. M\u00e1s informaci\u00f3n \/ Mais Informa\u00e7\u00e3o aqu\u00ed<\/p>\n","protected":false},"author":1,"featured_media":0,"parent":0,"menu_order":0,"comment_status":"closed","ping_status":"closed","template":"","meta":{"ocean_post_layout":"","ocean_both_sidebars_style":"","ocean_both_sidebars_content_width":0,"ocean_both_sidebars_sidebars_width":0,"ocean_sidebar":"0","ocean_second_sidebar":"0","ocean_disable_margins":"enable","ocean_add_body_class":"","ocean_shortcode_before_top_bar":"","ocean_shortcode_after_top_bar":"","ocean_shortcode_before_header":"","ocean_shortcode_after_header":"","ocean_has_shortcode":"","ocean_shortcode_after_title":"","ocean_shortcode_before_footer_widgets":"","ocean_shortcode_after_footer_widgets":"","ocean_shortcode_before_footer_bottom":"","ocean_shortcode_after_footer_bottom":"","ocean_display_top_bar":"default","ocean_display_header":"default","ocean_header_style":"","ocean_center_header_left_menu":"0","ocean_custom_header_template":"0","ocean_custom_logo":0,"ocean_custom_retina_logo":0,"ocean_custom_logo_max_width":0,"ocean_custom_logo_tablet_max_width":0,"ocean_custom_logo_mobile_max_width":0,"ocean_custom_logo_max_height":0,"ocean_custom_logo_tablet_max_height":0,"ocean_custom_logo_mobile_max_height":0,"ocean_header_custom_menu":"0","ocean_menu_typo_font_family":"0","ocean_menu_typo_font_subset":"","ocean_menu_typo_font_size":0,"ocean_menu_typo_font_size_tablet":0,"ocean_menu_typo_font_size_mobile":0,"ocean_menu_typo_font_size_unit":"px","ocean_menu_typo_font_weight":"","ocean_menu_typo_font_weight_tablet":"","ocean_menu_typo_font_weight_mobile":"","ocean_menu_typo_transform":"","ocean_menu_typo_transform_tablet":"","ocean_menu_typo_transform_mobile":"","ocean_menu_typo_line_height":0,"ocean_menu_typo_line_height_tablet":0,"ocean_menu_typo_line_height_mobile":0,"ocean_menu_typo_line_height_unit":"","ocean_menu_typo_spacing":0,"ocean_menu_typo_spacing_tablet":0,"ocean_menu_typo_spacing_mobile":0,"ocean_menu_typo_spacing_unit":"","ocean_menu_link_color":"","ocean_menu_link_color_hover":"","ocean_menu_link_color_active":"","ocean_menu_link_background":"","ocean_menu_link_hover_background":"","ocean_menu_link_active_background":"","ocean_menu_social_links_bg":"","ocean_menu_social_hover_links_bg":"","ocean_menu_social_links_color":"","ocean_menu_social_hover_links_color":"","ocean_disable_title":"on","ocean_disable_heading":"default","ocean_post_title":"","ocean_post_subheading":"","ocean_post_title_style":"","ocean_post_title_background_color":"","ocean_post_title_background":0,"ocean_post_title_bg_image_position":"","ocean_post_title_bg_image_attachment":"","ocean_post_title_bg_image_repeat":"","ocean_post_title_bg_image_size":"","ocean_post_title_height":0,"ocean_post_title_bg_overlay":0.5,"ocean_post_title_bg_overlay_color":"","ocean_disable_breadcrumbs":"default","ocean_breadcrumbs_color":"","ocean_breadcrumbs_separator_color":"","ocean_breadcrumbs_links_color":"","ocean_breadcrumbs_links_hover_color":"","ocean_display_footer_widgets":"default","ocean_display_footer_bottom":"default","ocean_custom_footer_template":"0","footnotes":""},"class_list":["post-511","page","type-page","status-publish","hentry","entry"],"_links":{"self":[{"href":"https:\/\/oscarayala.com\/escenificar\/wp-json\/wp\/v2\/pages\/511","targetHints":{"allow":["GET"]}}],"collection":[{"href":"https:\/\/oscarayala.com\/escenificar\/wp-json\/wp\/v2\/pages"}],"about":[{"href":"https:\/\/oscarayala.com\/escenificar\/wp-json\/wp\/v2\/types\/page"}],"author":[{"embeddable":true,"href":"https:\/\/oscarayala.com\/escenificar\/wp-json\/wp\/v2\/users\/1"}],"replies":[{"embeddable":true,"href":"https:\/\/oscarayala.com\/escenificar\/wp-json\/wp\/v2\/comments?post=511"}],"version-history":[{"count":8,"href":"https:\/\/oscarayala.com\/escenificar\/wp-json\/wp\/v2\/pages\/511\/revisions"}],"predecessor-version":[{"id":597,"href":"https:\/\/oscarayala.com\/escenificar\/wp-json\/wp\/v2\/pages\/511\/revisions\/597"}],"wp:attachment":[{"href":"https:\/\/oscarayala.com\/escenificar\/wp-json\/wp\/v2\/media?parent=511"}],"curies":[{"name":"wp","href":"https:\/\/api.w.org\/{rel}","templated":true}]}}