{"id":514,"date":"2023-07-06T16:24:31","date_gmt":"2023-07-06T16:24:31","guid":{"rendered":"https:\/\/oscarayala.com\/escenificar\/?page_id=514"},"modified":"2023-09-05T18:45:20","modified_gmt":"2023-09-05T18:45:20","slug":"ambiente-propuesto-%e2%88%9e-detecciones-y-detenciones","status":"publish","type":"page","link":"https:\/\/oscarayala.com\/escenificar\/ambiente-propuesto-%e2%88%9e-detecciones-y-detenciones\/","title":{"rendered":"Ambiente propuesto # \u221e (Detecciones y detenciones)"},"content":{"rendered":"\n<h1 class=\"wp-block-heading\">Entre<\/h1>\n\n\n\n<figure class=\"wp-block-gallery aligncenter has-nested-images columns-default is-cropped wp-block-gallery-1 is-layout-flex wp-block-gallery-is-layout-flex\">\n<figure class=\"wp-block-image size-large\"><img fetchpriority=\"high\" decoding=\"async\" width=\"768\" height=\"1024\" data-id=\"553\" src=\"https:\/\/oscarayala.com\/escenificar\/wp-content\/uploads\/2023\/07\/WhatsApp-Image-2023-07-31-at-10.47.36-768x1024.jpeg\" alt=\"\" class=\"wp-image-553\" srcset=\"https:\/\/oscarayala.com\/escenificar\/wp-content\/uploads\/2023\/07\/WhatsApp-Image-2023-07-31-at-10.47.36-768x1024.jpeg 768w, https:\/\/oscarayala.com\/escenificar\/wp-content\/uploads\/2023\/07\/WhatsApp-Image-2023-07-31-at-10.47.36-225x300.jpeg 225w, https:\/\/oscarayala.com\/escenificar\/wp-content\/uploads\/2023\/07\/WhatsApp-Image-2023-07-31-at-10.47.36-1152x1536.jpeg 1152w, https:\/\/oscarayala.com\/escenificar\/wp-content\/uploads\/2023\/07\/WhatsApp-Image-2023-07-31-at-10.47.36.jpeg 1200w\" sizes=\"(max-width: 768px) 100vw, 768px\" \/><\/figure>\n\n\n\n<figure class=\"wp-block-image size-large\"><img decoding=\"async\" width=\"768\" height=\"1024\" data-id=\"552\" src=\"https:\/\/oscarayala.com\/escenificar\/wp-content\/uploads\/2023\/07\/WhatsApp-Image-2023-07-31-at-10.47.35-6-768x1024.jpeg\" alt=\"\" class=\"wp-image-552\" srcset=\"https:\/\/oscarayala.com\/escenificar\/wp-content\/uploads\/2023\/07\/WhatsApp-Image-2023-07-31-at-10.47.35-6-768x1024.jpeg 768w, https:\/\/oscarayala.com\/escenificar\/wp-content\/uploads\/2023\/07\/WhatsApp-Image-2023-07-31-at-10.47.35-6-225x300.jpeg 225w, https:\/\/oscarayala.com\/escenificar\/wp-content\/uploads\/2023\/07\/WhatsApp-Image-2023-07-31-at-10.47.35-6-1152x1536.jpeg 1152w, https:\/\/oscarayala.com\/escenificar\/wp-content\/uploads\/2023\/07\/WhatsApp-Image-2023-07-31-at-10.47.35-6.jpeg 1200w\" sizes=\"(max-width: 768px) 100vw, 768px\" \/><\/figure>\n<\/figure>\n\n\n\n<div style=\"height:100px\" aria-hidden=\"true\" class=\"wp-block-spacer\"><\/div>\n\n\n\n<h1 class=\"wp-block-heading\">Lumen \/ Lux<\/h1>\n\n\n<div class=\"wp-block-image\">\n<figure class=\"aligncenter size-large\"><img decoding=\"async\" width=\"1024\" height=\"768\" src=\"https:\/\/oscarayala.com\/escenificar\/wp-content\/uploads\/2023\/07\/IMG_20230729_160927844-1024x768.jpeg\" alt=\"\" class=\"wp-image-538\" srcset=\"https:\/\/oscarayala.com\/escenificar\/wp-content\/uploads\/2023\/07\/IMG_20230729_160927844-1024x768.jpeg 1024w, https:\/\/oscarayala.com\/escenificar\/wp-content\/uploads\/2023\/07\/IMG_20230729_160927844-300x225.jpeg 300w, https:\/\/oscarayala.com\/escenificar\/wp-content\/uploads\/2023\/07\/IMG_20230729_160927844-768x576.jpeg 768w, https:\/\/oscarayala.com\/escenificar\/wp-content\/uploads\/2023\/07\/IMG_20230729_160927844-1536x1152.jpeg 1536w, https:\/\/oscarayala.com\/escenificar\/wp-content\/uploads\/2023\/07\/IMG_20230729_160927844-2048x1536.jpeg 2048w\" sizes=\"(max-width: 1024px) 100vw, 1024px\" \/><\/figure>\n<\/div>\n\n\n<div style=\"height:100px\" aria-hidden=\"true\" class=\"wp-block-spacer\"><\/div>\n\n\n\n<h1 class=\"wp-block-heading\">Est\u00e1s aqu\u00ed<\/h1>\n\n\n<div class=\"wp-block-image\">\n<figure class=\"aligncenter size-large\"><img loading=\"lazy\" decoding=\"async\" width=\"768\" height=\"1024\" src=\"https:\/\/oscarayala.com\/escenificar\/wp-content\/uploads\/2023\/07\/WhatsApp-Image-2023-07-31-at-10.47.35-768x1024.jpeg\" alt=\"\" class=\"wp-image-554\" srcset=\"https:\/\/oscarayala.com\/escenificar\/wp-content\/uploads\/2023\/07\/WhatsApp-Image-2023-07-31-at-10.47.35-768x1024.jpeg 768w, https:\/\/oscarayala.com\/escenificar\/wp-content\/uploads\/2023\/07\/WhatsApp-Image-2023-07-31-at-10.47.35-225x300.jpeg 225w, https:\/\/oscarayala.com\/escenificar\/wp-content\/uploads\/2023\/07\/WhatsApp-Image-2023-07-31-at-10.47.35-1152x1536.jpeg 1152w, https:\/\/oscarayala.com\/escenificar\/wp-content\/uploads\/2023\/07\/WhatsApp-Image-2023-07-31-at-10.47.35.jpeg 1200w\" sizes=\"(max-width: 768px) 100vw, 768px\" \/><\/figure>\n<\/div>\n\n\n<div style=\"height:100px\" aria-hidden=\"true\" class=\"wp-block-spacer\"><\/div>\n\n\n\n<h1 class=\"wp-block-heading\">Juegos<\/h1>\n\n\n<div class=\"wp-block-image\">\n<figure class=\"aligncenter size-large\"><a href=\"https:\/\/soundcloud.com\/oscarabajo\/juegos?si=1d96187510e44a52ac1e718abb0afb05&amp;utm_source=clipboard&amp;utm_medium=text&amp;utm_campaign=social_sharing\" target=\"_blank\" rel=\"noreferrer noopener\"><img loading=\"lazy\" decoding=\"async\" width=\"1024\" height=\"768\" src=\"https:\/\/oscarayala.com\/escenificar\/wp-content\/uploads\/2023\/07\/WhatsApp-Image-2023-07-31-at-11.06.45-1024x768.jpeg\" alt=\"\" class=\"wp-image-561\" srcset=\"https:\/\/oscarayala.com\/escenificar\/wp-content\/uploads\/2023\/07\/WhatsApp-Image-2023-07-31-at-11.06.45-1024x768.jpeg 1024w, https:\/\/oscarayala.com\/escenificar\/wp-content\/uploads\/2023\/07\/WhatsApp-Image-2023-07-31-at-11.06.45-300x225.jpeg 300w, https:\/\/oscarayala.com\/escenificar\/wp-content\/uploads\/2023\/07\/WhatsApp-Image-2023-07-31-at-11.06.45-768x576.jpeg 768w, https:\/\/oscarayala.com\/escenificar\/wp-content\/uploads\/2023\/07\/WhatsApp-Image-2023-07-31-at-11.06.45-1536x1152.jpeg 1536w, https:\/\/oscarayala.com\/escenificar\/wp-content\/uploads\/2023\/07\/WhatsApp-Image-2023-07-31-at-11.06.45.jpeg 1600w\" sizes=\"(max-width: 1024px) 100vw, 1024px\" \/><\/a><figcaption class=\"wp-element-caption\">(Clic sobre la imagen para escuchar audio)<\/figcaption><\/figure>\n<\/div>\n\n\n<div style=\"height:100px\" aria-hidden=\"true\" class=\"wp-block-spacer\"><\/div>\n\n\n\n<h1 class=\"wp-block-heading\">Symbolon<\/h1>\n\n\n\n<figure class=\"wp-block-gallery aligncenter has-nested-images columns-default is-cropped wp-block-gallery-2 is-layout-flex wp-block-gallery-is-layout-flex\">\n<figure class=\"wp-block-image size-large\"><img loading=\"lazy\" decoding=\"async\" width=\"768\" height=\"1024\" data-id=\"558\" src=\"https:\/\/oscarayala.com\/escenificar\/wp-content\/uploads\/2023\/07\/WhatsApp-Image-2023-07-31-at-10.47.35-5-768x1024.jpeg\" alt=\"\" class=\"wp-image-558\" srcset=\"https:\/\/oscarayala.com\/escenificar\/wp-content\/uploads\/2023\/07\/WhatsApp-Image-2023-07-31-at-10.47.35-5-768x1024.jpeg 768w, https:\/\/oscarayala.com\/escenificar\/wp-content\/uploads\/2023\/07\/WhatsApp-Image-2023-07-31-at-10.47.35-5-225x300.jpeg 225w, https:\/\/oscarayala.com\/escenificar\/wp-content\/uploads\/2023\/07\/WhatsApp-Image-2023-07-31-at-10.47.35-5-1152x1536.jpeg 1152w, https:\/\/oscarayala.com\/escenificar\/wp-content\/uploads\/2023\/07\/WhatsApp-Image-2023-07-31-at-10.47.35-5.jpeg 1200w\" sizes=\"(max-width: 768px) 100vw, 768px\" \/><\/figure>\n\n\n\n<figure class=\"wp-block-image size-large\"><img loading=\"lazy\" decoding=\"async\" width=\"768\" height=\"1024\" data-id=\"557\" src=\"https:\/\/oscarayala.com\/escenificar\/wp-content\/uploads\/2023\/07\/WhatsApp-Image-2023-07-31-at-10.47.35-4-768x1024.jpeg\" alt=\"\" class=\"wp-image-557\" srcset=\"https:\/\/oscarayala.com\/escenificar\/wp-content\/uploads\/2023\/07\/WhatsApp-Image-2023-07-31-at-10.47.35-4-768x1024.jpeg 768w, https:\/\/oscarayala.com\/escenificar\/wp-content\/uploads\/2023\/07\/WhatsApp-Image-2023-07-31-at-10.47.35-4-225x300.jpeg 225w, https:\/\/oscarayala.com\/escenificar\/wp-content\/uploads\/2023\/07\/WhatsApp-Image-2023-07-31-at-10.47.35-4-1152x1536.jpeg 1152w, https:\/\/oscarayala.com\/escenificar\/wp-content\/uploads\/2023\/07\/WhatsApp-Image-2023-07-31-at-10.47.35-4.jpeg 1200w\" sizes=\"(max-width: 768px) 100vw, 768px\" \/><\/figure>\n\n\n\n<figure class=\"wp-block-image size-large\"><img loading=\"lazy\" decoding=\"async\" width=\"768\" height=\"1024\" data-id=\"556\" src=\"https:\/\/oscarayala.com\/escenificar\/wp-content\/uploads\/2023\/07\/WhatsApp-Image-2023-07-31-at-10.47.35-2-768x1024.jpeg\" alt=\"\" class=\"wp-image-556\" srcset=\"https:\/\/oscarayala.com\/escenificar\/wp-content\/uploads\/2023\/07\/WhatsApp-Image-2023-07-31-at-10.47.35-2-768x1024.jpeg 768w, https:\/\/oscarayala.com\/escenificar\/wp-content\/uploads\/2023\/07\/WhatsApp-Image-2023-07-31-at-10.47.35-2-225x300.jpeg 225w, https:\/\/oscarayala.com\/escenificar\/wp-content\/uploads\/2023\/07\/WhatsApp-Image-2023-07-31-at-10.47.35-2-1152x1536.jpeg 1152w, https:\/\/oscarayala.com\/escenificar\/wp-content\/uploads\/2023\/07\/WhatsApp-Image-2023-07-31-at-10.47.35-2.jpeg 1200w\" sizes=\"(max-width: 768px) 100vw, 768px\" \/><\/figure>\n\n\n\n<figure class=\"wp-block-image size-large\"><img loading=\"lazy\" decoding=\"async\" width=\"768\" height=\"1024\" data-id=\"555\" src=\"https:\/\/oscarayala.com\/escenificar\/wp-content\/uploads\/2023\/07\/WhatsApp-Image-2023-07-31-at-10.47.35-1-768x1024.jpeg\" alt=\"\" class=\"wp-image-555\" srcset=\"https:\/\/oscarayala.com\/escenificar\/wp-content\/uploads\/2023\/07\/WhatsApp-Image-2023-07-31-at-10.47.35-1-768x1024.jpeg 768w, https:\/\/oscarayala.com\/escenificar\/wp-content\/uploads\/2023\/07\/WhatsApp-Image-2023-07-31-at-10.47.35-1-225x300.jpeg 225w, https:\/\/oscarayala.com\/escenificar\/wp-content\/uploads\/2023\/07\/WhatsApp-Image-2023-07-31-at-10.47.35-1-1152x1536.jpeg 1152w, https:\/\/oscarayala.com\/escenificar\/wp-content\/uploads\/2023\/07\/WhatsApp-Image-2023-07-31-at-10.47.35-1.jpeg 1200w\" sizes=\"(max-width: 768px) 100vw, 768px\" \/><\/figure>\n<\/figure>\n\n\n\n<div style=\"height:100px\" aria-hidden=\"true\" class=\"wp-block-spacer\"><\/div>\n\n\n\n<h1 class=\"wp-block-heading\">Portal<\/h1>\n\n\n\n<figure class=\"wp-block-gallery aligncenter has-nested-images columns-default is-cropped wp-block-gallery-3 is-layout-flex wp-block-gallery-is-layout-flex\">\n<figure class=\"wp-block-image size-large\"><img loading=\"lazy\" decoding=\"async\" width=\"768\" height=\"1024\" data-id=\"559\" src=\"https:\/\/oscarayala.com\/escenificar\/wp-content\/uploads\/2023\/07\/WhatsApp-Image-2023-07-31-at-10.47.35-3-768x1024.jpeg\" alt=\"\" class=\"wp-image-559\" srcset=\"https:\/\/oscarayala.com\/escenificar\/wp-content\/uploads\/2023\/07\/WhatsApp-Image-2023-07-31-at-10.47.35-3-768x1024.jpeg 768w, https:\/\/oscarayala.com\/escenificar\/wp-content\/uploads\/2023\/07\/WhatsApp-Image-2023-07-31-at-10.47.35-3-225x300.jpeg 225w, https:\/\/oscarayala.com\/escenificar\/wp-content\/uploads\/2023\/07\/WhatsApp-Image-2023-07-31-at-10.47.35-3-1152x1536.jpeg 1152w, https:\/\/oscarayala.com\/escenificar\/wp-content\/uploads\/2023\/07\/WhatsApp-Image-2023-07-31-at-10.47.35-3.jpeg 1200w\" sizes=\"(max-width: 768px) 100vw, 768px\" \/><\/figure>\n<\/figure>\n\n\n\n<div style=\"height:100px\" aria-hidden=\"true\" class=\"wp-block-spacer\"><\/div>\n\n\n\n<h1 class=\"wp-block-heading\">Se\u00f1ales<\/h1>\n\n\n\n<figure class=\"wp-block-gallery aligncenter has-nested-images columns-default is-cropped wp-block-gallery-4 is-layout-flex wp-block-gallery-is-layout-flex\">\n<figure class=\"wp-block-image size-full\"><img loading=\"lazy\" decoding=\"async\" width=\"1600\" height=\"1200\" data-id=\"583\" src=\"https:\/\/oscarayala.com\/escenificar\/wp-content\/uploads\/2023\/09\/WhatsApp-Image-2023-07-29-at-13.02.45-3.jpeg\" alt=\"\" class=\"wp-image-583\" srcset=\"https:\/\/oscarayala.com\/escenificar\/wp-content\/uploads\/2023\/09\/WhatsApp-Image-2023-07-29-at-13.02.45-3.jpeg 1600w, https:\/\/oscarayala.com\/escenificar\/wp-content\/uploads\/2023\/09\/WhatsApp-Image-2023-07-29-at-13.02.45-3-300x225.jpeg 300w, https:\/\/oscarayala.com\/escenificar\/wp-content\/uploads\/2023\/09\/WhatsApp-Image-2023-07-29-at-13.02.45-3-1024x768.jpeg 1024w, https:\/\/oscarayala.com\/escenificar\/wp-content\/uploads\/2023\/09\/WhatsApp-Image-2023-07-29-at-13.02.45-3-768x576.jpeg 768w, https:\/\/oscarayala.com\/escenificar\/wp-content\/uploads\/2023\/09\/WhatsApp-Image-2023-07-29-at-13.02.45-3-1536x1152.jpeg 1536w\" sizes=\"(max-width: 1600px) 100vw, 1600px\" \/><\/figure>\n\n\n\n<figure class=\"wp-block-image size-full\"><img loading=\"lazy\" decoding=\"async\" width=\"1600\" height=\"1200\" data-id=\"576\" src=\"https:\/\/oscarayala.com\/escenificar\/wp-content\/uploads\/2023\/09\/WhatsApp-Image-2023-07-29-at-16.33.01.jpeg\" alt=\"\" class=\"wp-image-576\" srcset=\"https:\/\/oscarayala.com\/escenificar\/wp-content\/uploads\/2023\/09\/WhatsApp-Image-2023-07-29-at-16.33.01.jpeg 1600w, https:\/\/oscarayala.com\/escenificar\/wp-content\/uploads\/2023\/09\/WhatsApp-Image-2023-07-29-at-16.33.01-300x225.jpeg 300w, https:\/\/oscarayala.com\/escenificar\/wp-content\/uploads\/2023\/09\/WhatsApp-Image-2023-07-29-at-16.33.01-1024x768.jpeg 1024w, https:\/\/oscarayala.com\/escenificar\/wp-content\/uploads\/2023\/09\/WhatsApp-Image-2023-07-29-at-16.33.01-768x576.jpeg 768w, https:\/\/oscarayala.com\/escenificar\/wp-content\/uploads\/2023\/09\/WhatsApp-Image-2023-07-29-at-16.33.01-1536x1152.jpeg 1536w\" sizes=\"(max-width: 1600px) 100vw, 1600px\" \/><\/figure>\n\n\n\n<figure class=\"wp-block-image size-full\"><img loading=\"lazy\" decoding=\"async\" width=\"1200\" height=\"1600\" data-id=\"577\" src=\"https:\/\/oscarayala.com\/escenificar\/wp-content\/uploads\/2023\/09\/WhatsApp-Image-2023-07-29-at-16.33.02-1.jpeg\" alt=\"\" class=\"wp-image-577\" srcset=\"https:\/\/oscarayala.com\/escenificar\/wp-content\/uploads\/2023\/09\/WhatsApp-Image-2023-07-29-at-16.33.02-1.jpeg 1200w, https:\/\/oscarayala.com\/escenificar\/wp-content\/uploads\/2023\/09\/WhatsApp-Image-2023-07-29-at-16.33.02-1-225x300.jpeg 225w, https:\/\/oscarayala.com\/escenificar\/wp-content\/uploads\/2023\/09\/WhatsApp-Image-2023-07-29-at-16.33.02-1-768x1024.jpeg 768w, https:\/\/oscarayala.com\/escenificar\/wp-content\/uploads\/2023\/09\/WhatsApp-Image-2023-07-29-at-16.33.02-1-1152x1536.jpeg 1152w\" sizes=\"(max-width: 1200px) 100vw, 1200px\" \/><\/figure>\n\n\n\n<figure class=\"wp-block-image size-full\"><img loading=\"lazy\" decoding=\"async\" width=\"1200\" height=\"1600\" data-id=\"578\" src=\"https:\/\/oscarayala.com\/escenificar\/wp-content\/uploads\/2023\/09\/WhatsApp-Image-2023-07-31-at-10.47.34.jpeg\" alt=\"\" class=\"wp-image-578\" srcset=\"https:\/\/oscarayala.com\/escenificar\/wp-content\/uploads\/2023\/09\/WhatsApp-Image-2023-07-31-at-10.47.34.jpeg 1200w, https:\/\/oscarayala.com\/escenificar\/wp-content\/uploads\/2023\/09\/WhatsApp-Image-2023-07-31-at-10.47.34-225x300.jpeg 225w, https:\/\/oscarayala.com\/escenificar\/wp-content\/uploads\/2023\/09\/WhatsApp-Image-2023-07-31-at-10.47.34-768x1024.jpeg 768w, https:\/\/oscarayala.com\/escenificar\/wp-content\/uploads\/2023\/09\/WhatsApp-Image-2023-07-31-at-10.47.34-1152x1536.jpeg 1152w\" sizes=\"(max-width: 1200px) 100vw, 1200px\" \/><\/figure>\n\n\n\n<figure class=\"wp-block-image size-full\"><img loading=\"lazy\" decoding=\"async\" width=\"1200\" height=\"1600\" data-id=\"580\" src=\"https:\/\/oscarayala.com\/escenificar\/wp-content\/uploads\/2023\/09\/WhatsApp-Image-2023-07-29-at-16.33.00.jpeg\" alt=\"\" class=\"wp-image-580\" srcset=\"https:\/\/oscarayala.com\/escenificar\/wp-content\/uploads\/2023\/09\/WhatsApp-Image-2023-07-29-at-16.33.00.jpeg 1200w, https:\/\/oscarayala.com\/escenificar\/wp-content\/uploads\/2023\/09\/WhatsApp-Image-2023-07-29-at-16.33.00-225x300.jpeg 225w, https:\/\/oscarayala.com\/escenificar\/wp-content\/uploads\/2023\/09\/WhatsApp-Image-2023-07-29-at-16.33.00-768x1024.jpeg 768w, https:\/\/oscarayala.com\/escenificar\/wp-content\/uploads\/2023\/09\/WhatsApp-Image-2023-07-29-at-16.33.00-1152x1536.jpeg 1152w\" sizes=\"(max-width: 1200px) 100vw, 1200px\" \/><\/figure>\n\n\n\n<figure class=\"wp-block-image size-full\"><img loading=\"lazy\" decoding=\"async\" width=\"1600\" height=\"1059\" data-id=\"581\" src=\"https:\/\/oscarayala.com\/escenificar\/wp-content\/uploads\/2023\/09\/WhatsApp-Image-2023-08-02-at-08.28.33.jpeg\" alt=\"\" class=\"wp-image-581\" srcset=\"https:\/\/oscarayala.com\/escenificar\/wp-content\/uploads\/2023\/09\/WhatsApp-Image-2023-08-02-at-08.28.33.jpeg 1600w, https:\/\/oscarayala.com\/escenificar\/wp-content\/uploads\/2023\/09\/WhatsApp-Image-2023-08-02-at-08.28.33-300x199.jpeg 300w, https:\/\/oscarayala.com\/escenificar\/wp-content\/uploads\/2023\/09\/WhatsApp-Image-2023-08-02-at-08.28.33-1024x678.jpeg 1024w, https:\/\/oscarayala.com\/escenificar\/wp-content\/uploads\/2023\/09\/WhatsApp-Image-2023-08-02-at-08.28.33-768x508.jpeg 768w, https:\/\/oscarayala.com\/escenificar\/wp-content\/uploads\/2023\/09\/WhatsApp-Image-2023-08-02-at-08.28.33-1536x1017.jpeg 1536w\" sizes=\"(max-width: 1600px) 100vw, 1600px\" \/><\/figure>\n\n\n\n<figure class=\"wp-block-image size-full\"><img loading=\"lazy\" decoding=\"async\" width=\"1920\" height=\"2560\" data-id=\"582\" src=\"https:\/\/oscarayala.com\/escenificar\/wp-content\/uploads\/2023\/09\/IMG_20230731_102530022-scaled.jpg\" alt=\"\" class=\"wp-image-582\" srcset=\"https:\/\/oscarayala.com\/escenificar\/wp-content\/uploads\/2023\/09\/IMG_20230731_102530022-scaled.jpg 1920w, https:\/\/oscarayala.com\/escenificar\/wp-content\/uploads\/2023\/09\/IMG_20230731_102530022-225x300.jpg 225w, https:\/\/oscarayala.com\/escenificar\/wp-content\/uploads\/2023\/09\/IMG_20230731_102530022-768x1024.jpg 768w, https:\/\/oscarayala.com\/escenificar\/wp-content\/uploads\/2023\/09\/IMG_20230731_102530022-1152x1536.jpg 1152w, https:\/\/oscarayala.com\/escenificar\/wp-content\/uploads\/2023\/09\/IMG_20230731_102530022-1536x2048.jpg 1536w\" sizes=\"(max-width: 1920px) 100vw, 1920px\" \/><\/figure>\n<\/figure>\n\n\n\n<div style=\"height:100px\" aria-hidden=\"true\" class=\"wp-block-spacer\"><\/div>\n\n\n\n<h1 class=\"wp-block-heading\">Fronteras<\/h1>\n\n\n\n<figure class=\"wp-block-gallery aligncenter has-nested-images columns-default is-cropped wp-block-gallery-5 is-layout-flex wp-block-gallery-is-layout-flex\">\n<figure class=\"wp-block-image size-full\"><img loading=\"lazy\" decoding=\"async\" width=\"1600\" height=\"1200\" data-id=\"584\" src=\"https:\/\/oscarayala.com\/escenificar\/wp-content\/uploads\/2023\/09\/WhatsApp-Image-2023-07-29-at-13.02.43-2.jpeg\" alt=\"\" class=\"wp-image-584\" srcset=\"https:\/\/oscarayala.com\/escenificar\/wp-content\/uploads\/2023\/09\/WhatsApp-Image-2023-07-29-at-13.02.43-2.jpeg 1600w, https:\/\/oscarayala.com\/escenificar\/wp-content\/uploads\/2023\/09\/WhatsApp-Image-2023-07-29-at-13.02.43-2-300x225.jpeg 300w, https:\/\/oscarayala.com\/escenificar\/wp-content\/uploads\/2023\/09\/WhatsApp-Image-2023-07-29-at-13.02.43-2-1024x768.jpeg 1024w, https:\/\/oscarayala.com\/escenificar\/wp-content\/uploads\/2023\/09\/WhatsApp-Image-2023-07-29-at-13.02.43-2-768x576.jpeg 768w, https:\/\/oscarayala.com\/escenificar\/wp-content\/uploads\/2023\/09\/WhatsApp-Image-2023-07-29-at-13.02.43-2-1536x1152.jpeg 1536w\" sizes=\"(max-width: 1600px) 100vw, 1600px\" \/><\/figure>\n\n\n\n<figure class=\"wp-block-image size-full\"><img loading=\"lazy\" decoding=\"async\" width=\"1920\" height=\"2560\" data-id=\"545\" src=\"https:\/\/oscarayala.com\/escenificar\/wp-content\/uploads\/2023\/07\/IMG_20230729_160729155-scaled.jpeg\" alt=\"\" class=\"wp-image-545\" srcset=\"https:\/\/oscarayala.com\/escenificar\/wp-content\/uploads\/2023\/07\/IMG_20230729_160729155-scaled.jpeg 1920w, https:\/\/oscarayala.com\/escenificar\/wp-content\/uploads\/2023\/07\/IMG_20230729_160729155-225x300.jpeg 225w, https:\/\/oscarayala.com\/escenificar\/wp-content\/uploads\/2023\/07\/IMG_20230729_160729155-768x1024.jpeg 768w, https:\/\/oscarayala.com\/escenificar\/wp-content\/uploads\/2023\/07\/IMG_20230729_160729155-1152x1536.jpeg 1152w, https:\/\/oscarayala.com\/escenificar\/wp-content\/uploads\/2023\/07\/IMG_20230729_160729155-1536x2048.jpeg 1536w\" sizes=\"(max-width: 1920px) 100vw, 1920px\" \/><\/figure>\n\n\n\n<figure class=\"wp-block-image size-full\"><img loading=\"lazy\" decoding=\"async\" width=\"1600\" height=\"1200\" data-id=\"585\" src=\"https:\/\/oscarayala.com\/escenificar\/wp-content\/uploads\/2023\/09\/WhatsApp-Image-2023-07-29-at-13.02.44-4.jpeg\" alt=\"\" class=\"wp-image-585\" srcset=\"https:\/\/oscarayala.com\/escenificar\/wp-content\/uploads\/2023\/09\/WhatsApp-Image-2023-07-29-at-13.02.44-4.jpeg 1600w, https:\/\/oscarayala.com\/escenificar\/wp-content\/uploads\/2023\/09\/WhatsApp-Image-2023-07-29-at-13.02.44-4-300x225.jpeg 300w, https:\/\/oscarayala.com\/escenificar\/wp-content\/uploads\/2023\/09\/WhatsApp-Image-2023-07-29-at-13.02.44-4-1024x768.jpeg 1024w, https:\/\/oscarayala.com\/escenificar\/wp-content\/uploads\/2023\/09\/WhatsApp-Image-2023-07-29-at-13.02.44-4-768x576.jpeg 768w, https:\/\/oscarayala.com\/escenificar\/wp-content\/uploads\/2023\/09\/WhatsApp-Image-2023-07-29-at-13.02.44-4-1536x1152.jpeg 1536w\" sizes=\"(max-width: 1600px) 100vw, 1600px\" \/><\/figure>\n\n\n\n<figure class=\"wp-block-image size-full\"><img loading=\"lazy\" decoding=\"async\" width=\"1920\" height=\"2560\" data-id=\"546\" src=\"https:\/\/oscarayala.com\/escenificar\/wp-content\/uploads\/2023\/07\/IMG_20230729_160806365_HDR-scaled.jpeg\" alt=\"\" class=\"wp-image-546\" srcset=\"https:\/\/oscarayala.com\/escenificar\/wp-content\/uploads\/2023\/07\/IMG_20230729_160806365_HDR-scaled.jpeg 1920w, https:\/\/oscarayala.com\/escenificar\/wp-content\/uploads\/2023\/07\/IMG_20230729_160806365_HDR-225x300.jpeg 225w, https:\/\/oscarayala.com\/escenificar\/wp-content\/uploads\/2023\/07\/IMG_20230729_160806365_HDR-768x1024.jpeg 768w, https:\/\/oscarayala.com\/escenificar\/wp-content\/uploads\/2023\/07\/IMG_20230729_160806365_HDR-1152x1536.jpeg 1152w, https:\/\/oscarayala.com\/escenificar\/wp-content\/uploads\/2023\/07\/IMG_20230729_160806365_HDR-1536x2048.jpeg 1536w\" sizes=\"(max-width: 1920px) 100vw, 1920px\" \/><\/figure>\n<\/figure>\n\n\n\n<div style=\"height:100px\" aria-hidden=\"true\" class=\"wp-block-spacer\"><\/div>\n\n\n\n<h1 class=\"wp-block-heading\">Detenciones<\/h1>\n\n\n<div class=\"wp-block-image\">\n<figure class=\"aligncenter size-large\"><a href=\"https:\/\/soundcloud.com\/oscarabajo\/detenciones?si=032b5cd9d6514677b3757a183683127d&amp;utm_source=clipboard&amp;utm_medium=text&amp;utm_campaign=social_sharing\" target=\"_blank\" rel=\"noreferrer noopener\"><img loading=\"lazy\" decoding=\"async\" width=\"682\" height=\"1024\" src=\"https:\/\/oscarayala.com\/escenificar\/wp-content\/uploads\/2023\/09\/Detenciones-1-682x1024.jpg\" alt=\"\" class=\"wp-image-575\" srcset=\"https:\/\/oscarayala.com\/escenificar\/wp-content\/uploads\/2023\/09\/Detenciones-1-682x1024.jpg 682w, https:\/\/oscarayala.com\/escenificar\/wp-content\/uploads\/2023\/09\/Detenciones-1-200x300.jpg 200w, https:\/\/oscarayala.com\/escenificar\/wp-content\/uploads\/2023\/09\/Detenciones-1-768x1153.jpg 768w, https:\/\/oscarayala.com\/escenificar\/wp-content\/uploads\/2023\/09\/Detenciones-1-1023x1536.jpg 1023w, https:\/\/oscarayala.com\/escenificar\/wp-content\/uploads\/2023\/09\/Detenciones-1-1364x2048.jpg 1364w, https:\/\/oscarayala.com\/escenificar\/wp-content\/uploads\/2023\/09\/Detenciones-1-scaled.jpg 1705w\" sizes=\"(max-width: 682px) 100vw, 682px\" \/><\/a><figcaption class=\"wp-element-caption\">(Clic sobre la imagen para escuchar audio)<\/figcaption><\/figure>\n<\/div>","protected":false},"excerpt":{"rendered":"<p>Entre Lumen \/ Lux Est\u00e1s aqu\u00ed Juegos Symbolon Portal Se\u00f1ales Fronteras Detenciones<\/p>\n","protected":false},"author":1,"featured_media":0,"parent":0,"menu_order":0,"comment_status":"closed","ping_status":"closed","template":"","meta":{"ocean_post_layout":"","ocean_both_sidebars_style":"","ocean_both_sidebars_content_width":0,"ocean_both_sidebars_sidebars_width":0,"ocean_sidebar":"0","ocean_second_sidebar":"0","ocean_disable_margins":"enable","ocean_add_body_class":"","ocean_shortcode_before_top_bar":"","ocean_shortcode_after_top_bar":"","ocean_shortcode_before_header":"","ocean_shortcode_after_header":"","ocean_has_shortcode":"","ocean_shortcode_after_title":"","ocean_shortcode_before_footer_widgets":"","ocean_shortcode_after_footer_widgets":"","ocean_shortcode_before_footer_bottom":"","ocean_shortcode_after_footer_bottom":"","ocean_display_top_bar":"default","ocean_display_header":"default","ocean_header_style":"","ocean_center_header_left_menu":"0","ocean_custom_header_template":"0","ocean_custom_logo":0,"ocean_custom_retina_logo":0,"ocean_custom_logo_max_width":0,"ocean_custom_logo_tablet_max_width":0,"ocean_custom_logo_mobile_max_width":0,"ocean_custom_logo_max_height":0,"ocean_custom_logo_tablet_max_height":0,"ocean_custom_logo_mobile_max_height":0,"ocean_header_custom_menu":"0","ocean_menu_typo_font_family":"0","ocean_menu_typo_font_subset":"","ocean_menu_typo_font_size":0,"ocean_menu_typo_font_size_tablet":0,"ocean_menu_typo_font_size_mobile":0,"ocean_menu_typo_font_size_unit":"px","ocean_menu_typo_font_weight":"","ocean_menu_typo_font_weight_tablet":"","ocean_menu_typo_font_weight_mobile":"","ocean_menu_typo_transform":"","ocean_menu_typo_transform_tablet":"","ocean_menu_typo_transform_mobile":"","ocean_menu_typo_line_height":0,"ocean_menu_typo_line_height_tablet":0,"ocean_menu_typo_line_height_mobile":0,"ocean_menu_typo_line_height_unit":"","ocean_menu_typo_spacing":0,"ocean_menu_typo_spacing_tablet":0,"ocean_menu_typo_spacing_mobile":0,"ocean_menu_typo_spacing_unit":"","ocean_menu_link_color":"","ocean_menu_link_color_hover":"","ocean_menu_link_color_active":"","ocean_menu_link_background":"","ocean_menu_link_hover_background":"","ocean_menu_link_active_background":"","ocean_menu_social_links_bg":"","ocean_menu_social_hover_links_bg":"","ocean_menu_social_links_color":"","ocean_menu_social_hover_links_color":"","ocean_disable_title":"on","ocean_disable_heading":"default","ocean_post_title":"","ocean_post_subheading":"","ocean_post_title_style":"centered-minimal","ocean_post_title_background_color":"","ocean_post_title_background":0,"ocean_post_title_bg_image_position":"","ocean_post_title_bg_image_attachment":"","ocean_post_title_bg_image_repeat":"","ocean_post_title_bg_image_size":"","ocean_post_title_height":0,"ocean_post_title_bg_overlay":0.5,"ocean_post_title_bg_overlay_color":"","ocean_disable_breadcrumbs":"on","ocean_breadcrumbs_color":"","ocean_breadcrumbs_separator_color":"","ocean_breadcrumbs_links_color":"","ocean_breadcrumbs_links_hover_color":"","ocean_display_footer_widgets":"default","ocean_display_footer_bottom":"default","ocean_custom_footer_template":"0","footnotes":""},"class_list":["post-514","page","type-page","status-publish","hentry","entry"],"_links":{"self":[{"href":"https:\/\/oscarayala.com\/escenificar\/wp-json\/wp\/v2\/pages\/514","targetHints":{"allow":["GET"]}}],"collection":[{"href":"https:\/\/oscarayala.com\/escenificar\/wp-json\/wp\/v2\/pages"}],"about":[{"href":"https:\/\/oscarayala.com\/escenificar\/wp-json\/wp\/v2\/types\/page"}],"author":[{"embeddable":true,"href":"https:\/\/oscarayala.com\/escenificar\/wp-json\/wp\/v2\/users\/1"}],"replies":[{"embeddable":true,"href":"https:\/\/oscarayala.com\/escenificar\/wp-json\/wp\/v2\/comments?post=514"}],"version-history":[{"count":13,"href":"https:\/\/oscarayala.com\/escenificar\/wp-json\/wp\/v2\/pages\/514\/revisions"}],"predecessor-version":[{"id":588,"href":"https:\/\/oscarayala.com\/escenificar\/wp-json\/wp\/v2\/pages\/514\/revisions\/588"}],"wp:attachment":[{"href":"https:\/\/oscarayala.com\/escenificar\/wp-json\/wp\/v2\/media?parent=514"}],"curies":[{"name":"wp","href":"https:\/\/api.w.org\/{rel}","templated":true}]}}