{"id":53,"date":"2023-03-29T15:36:03","date_gmt":"2023-03-29T15:36:03","guid":{"rendered":"https:\/\/oscarayala.com\/escenificar\/?page_id=53"},"modified":"2024-05-17T16:58:59","modified_gmt":"2024-05-17T16:58:59","slug":"la-perdida-del-gesto","status":"publish","type":"page","link":"https:\/\/oscarayala.com\/escenificar\/la-perdida-del-gesto\/","title":{"rendered":"La perdida del medio (gesto)"},"content":{"rendered":"\n<h2 class=\"wp-block-heading\">La Perdida del Medio (Gesto)<\/h2>\n\n\n\n<figure class=\"wp-block-embed is-type-video is-provider-youtube wp-block-embed-youtube wp-embed-aspect-16-9 wp-has-aspect-ratio\"><div class=\"wp-block-embed__wrapper\">\n<p class=\"responsive-video-wrap clr\"><iframe title=\"La pe\u0301rdida del medio (gesto)\" width=\"1200\" height=\"675\" src=\"https:\/\/www.youtube.com\/embed\/gCZKsf20mCg?feature=oembed\" frameborder=\"0\" allow=\"accelerometer; autoplay; clipboard-write; encrypted-media; gyroscope; picture-in-picture; web-share\" allowfullscreen><\/iframe><\/p>\n<\/div><\/figure>\n\n\n\n<div class=\"wp-block-columns is-layout-flex wp-container-core-columns-is-layout-9d6595d7 wp-block-columns-is-layout-flex\">\n<div class=\"wp-block-column is-layout-flow wp-block-column-is-layout-flow\">\n<h5 class=\"wp-block-heading\">ES_<\/h5>\n\n\n\n<p>Dejar \u201cfuera de campo\u201d algunos de los instrumentos y herramientas que desenvuelven en un medio, revierte la presencia siempre muda de la acci\u00f3n representable, que se llena de sentido \u00fanicamente con la presencia de todo el conjunto, pero que sin ella, se descubre una inc\u00f3moda certeza:&nbsp;<em>que un medio contiene otro medio<\/em>, como bien nos lo recuerda Marshall McLuhan.<\/p>\n<\/div>\n\n\n\n<div class=\"wp-block-column is-layout-flow wp-block-column-is-layout-flow\">\n<h5 class=\"wp-block-heading\">PT_<\/h5>\n\n\n\n<p>Deixar \u00abfora de campo\u00bb alguns dos instrumentos e ferramentas que desenvolvem num meio, inverte a sempre silenciosa presen\u00e7a da a\u00e7\u00e3o representativa, que s\u00f3 \u00e9 preenchida com significado pela presen\u00e7a do todo, mas que se ela, descobre uma certeza inc\u00f4moda:&nbsp;<em>que um meio cont\u00e9m outro meio<\/em>, como Marshall McLuhan bem sabia.<\/p>\n<\/div>\n<\/div>\n","protected":false},"excerpt":{"rendered":"<p>La Perdida del Medio (Gesto) ES_ Dejar \u201cfuera de campo\u201d algunos de los instrumentos y herramientas que desenvuelven en un medio, revierte la presencia siempre muda de la acci\u00f3n representable, que se llena de sentido \u00fanicamente con la presencia de todo el conjunto, pero que sin ella, se descubre una inc\u00f3moda certeza:&nbsp;que un medio contiene [&hellip;]<\/p>\n","protected":false},"author":1,"featured_media":0,"parent":0,"menu_order":0,"comment_status":"closed","ping_status":"closed","template":"","meta":{"ocean_post_layout":"","ocean_both_sidebars_style":"","ocean_both_sidebars_content_width":0,"ocean_both_sidebars_sidebars_width":0,"ocean_sidebar":"0","ocean_second_sidebar":"0","ocean_disable_margins":"enable","ocean_add_body_class":"","ocean_shortcode_before_top_bar":"","ocean_shortcode_after_top_bar":"","ocean_shortcode_before_header":"","ocean_shortcode_after_header":"","ocean_has_shortcode":"","ocean_shortcode_after_title":"","ocean_shortcode_before_footer_widgets":"","ocean_shortcode_after_footer_widgets":"","ocean_shortcode_before_footer_bottom":"","ocean_shortcode_after_footer_bottom":"","ocean_display_top_bar":"default","ocean_display_header":"default","ocean_header_style":"","ocean_center_header_left_menu":"0","ocean_custom_header_template":"0","ocean_custom_logo":0,"ocean_custom_retina_logo":0,"ocean_custom_logo_max_width":0,"ocean_custom_logo_tablet_max_width":0,"ocean_custom_logo_mobile_max_width":0,"ocean_custom_logo_max_height":0,"ocean_custom_logo_tablet_max_height":0,"ocean_custom_logo_mobile_max_height":0,"ocean_header_custom_menu":"0","ocean_menu_typo_font_family":"0","ocean_menu_typo_font_subset":"","ocean_menu_typo_font_size":0,"ocean_menu_typo_font_size_tablet":0,"ocean_menu_typo_font_size_mobile":0,"ocean_menu_typo_font_size_unit":"px","ocean_menu_typo_font_weight":"","ocean_menu_typo_font_weight_tablet":"","ocean_menu_typo_font_weight_mobile":"","ocean_menu_typo_transform":"","ocean_menu_typo_transform_tablet":"","ocean_menu_typo_transform_mobile":"","ocean_menu_typo_line_height":0,"ocean_menu_typo_line_height_tablet":0,"ocean_menu_typo_line_height_mobile":0,"ocean_menu_typo_line_height_unit":"","ocean_menu_typo_spacing":0,"ocean_menu_typo_spacing_tablet":0,"ocean_menu_typo_spacing_mobile":0,"ocean_menu_typo_spacing_unit":"","ocean_menu_link_color":"","ocean_menu_link_color_hover":"","ocean_menu_link_color_active":"","ocean_menu_link_background":"","ocean_menu_link_hover_background":"","ocean_menu_link_active_background":"","ocean_menu_social_links_bg":"","ocean_menu_social_hover_links_bg":"","ocean_menu_social_links_color":"","ocean_menu_social_hover_links_color":"","ocean_disable_title":"on","ocean_disable_heading":"default","ocean_post_title":"","ocean_post_subheading":"","ocean_post_title_style":"","ocean_post_title_background_color":"","ocean_post_title_background":0,"ocean_post_title_bg_image_position":"","ocean_post_title_bg_image_attachment":"","ocean_post_title_bg_image_repeat":"","ocean_post_title_bg_image_size":"","ocean_post_title_height":0,"ocean_post_title_bg_overlay":0.5,"ocean_post_title_bg_overlay_color":"","ocean_disable_breadcrumbs":"default","ocean_breadcrumbs_color":"","ocean_breadcrumbs_separator_color":"","ocean_breadcrumbs_links_color":"","ocean_breadcrumbs_links_hover_color":"","ocean_display_footer_widgets":"default","ocean_display_footer_bottom":"default","ocean_custom_footer_template":"0","footnotes":""},"class_list":["post-53","page","type-page","status-publish","hentry","entry"],"_links":{"self":[{"href":"https:\/\/oscarayala.com\/escenificar\/wp-json\/wp\/v2\/pages\/53","targetHints":{"allow":["GET"]}}],"collection":[{"href":"https:\/\/oscarayala.com\/escenificar\/wp-json\/wp\/v2\/pages"}],"about":[{"href":"https:\/\/oscarayala.com\/escenificar\/wp-json\/wp\/v2\/types\/page"}],"author":[{"embeddable":true,"href":"https:\/\/oscarayala.com\/escenificar\/wp-json\/wp\/v2\/users\/1"}],"replies":[{"embeddable":true,"href":"https:\/\/oscarayala.com\/escenificar\/wp-json\/wp\/v2\/comments?post=53"}],"version-history":[{"count":5,"href":"https:\/\/oscarayala.com\/escenificar\/wp-json\/wp\/v2\/pages\/53\/revisions"}],"predecessor-version":[{"id":612,"href":"https:\/\/oscarayala.com\/escenificar\/wp-json\/wp\/v2\/pages\/53\/revisions\/612"}],"wp:attachment":[{"href":"https:\/\/oscarayala.com\/escenificar\/wp-json\/wp\/v2\/media?parent=53"}],"curies":[{"name":"wp","href":"https:\/\/api.w.org\/{rel}","templated":true}]}}