{"id":57,"date":"2023-03-29T15:37:36","date_gmt":"2023-03-29T15:37:36","guid":{"rendered":"https:\/\/oscarayala.com\/escenificar\/?page_id=57"},"modified":"2023-06-22T09:27:33","modified_gmt":"2023-06-22T09:27:33","slug":"presente-presencia-parusia","status":"publish","type":"page","link":"https:\/\/oscarayala.com\/escenificar\/presente-presencia-parusia\/","title":{"rendered":"Presente &#8211; Presencia &#8211; Parus\u00eda"},"content":{"rendered":"\n<h1 class=\"wp-block-heading\">Presente &#8211; Presencia &#8211; Parus\u00eda<\/h1>\n\n\n\n<figure class=\"wp-block-gallery has-nested-images columns-default is-cropped wp-block-gallery-1 is-layout-flex wp-block-gallery-is-layout-flex\">\n<figure class=\"wp-block-image size-large\"><img fetchpriority=\"high\" decoding=\"async\" width=\"1024\" height=\"768\" data-id=\"427\" src=\"https:\/\/oscarayala.com\/escenificar\/wp-content\/uploads\/2023\/06\/Presencia-01_Web-1024x768.jpg\" alt=\"\" class=\"wp-image-427\" srcset=\"https:\/\/oscarayala.com\/escenificar\/wp-content\/uploads\/2023\/06\/Presencia-01_Web-1024x768.jpg 1024w, https:\/\/oscarayala.com\/escenificar\/wp-content\/uploads\/2023\/06\/Presencia-01_Web-300x225.jpg 300w, https:\/\/oscarayala.com\/escenificar\/wp-content\/uploads\/2023\/06\/Presencia-01_Web-768x576.jpg 768w, https:\/\/oscarayala.com\/escenificar\/wp-content\/uploads\/2023\/06\/Presencia-01_Web.jpg 1152w\" sizes=\"(max-width: 1024px) 100vw, 1024px\" \/><\/figure>\n\n\n\n<figure class=\"wp-block-image size-large\"><img decoding=\"async\" width=\"1024\" height=\"768\" data-id=\"432\" src=\"https:\/\/oscarayala.com\/escenificar\/wp-content\/uploads\/2023\/06\/Presencia-02_Web-1024x768.jpg\" alt=\"\" class=\"wp-image-432\" srcset=\"https:\/\/oscarayala.com\/escenificar\/wp-content\/uploads\/2023\/06\/Presencia-02_Web-1024x768.jpg 1024w, https:\/\/oscarayala.com\/escenificar\/wp-content\/uploads\/2023\/06\/Presencia-02_Web-300x225.jpg 300w, https:\/\/oscarayala.com\/escenificar\/wp-content\/uploads\/2023\/06\/Presencia-02_Web-768x576.jpg 768w, https:\/\/oscarayala.com\/escenificar\/wp-content\/uploads\/2023\/06\/Presencia-02_Web.jpg 1152w\" sizes=\"(max-width: 1024px) 100vw, 1024px\" \/><\/figure>\n\n\n\n<figure class=\"wp-block-image size-large\"><img decoding=\"async\" width=\"1024\" height=\"768\" data-id=\"431\" src=\"https:\/\/oscarayala.com\/escenificar\/wp-content\/uploads\/2023\/06\/Presencia-03_Web-1024x768.jpg\" alt=\"\" class=\"wp-image-431\" srcset=\"https:\/\/oscarayala.com\/escenificar\/wp-content\/uploads\/2023\/06\/Presencia-03_Web-1024x768.jpg 1024w, https:\/\/oscarayala.com\/escenificar\/wp-content\/uploads\/2023\/06\/Presencia-03_Web-300x225.jpg 300w, https:\/\/oscarayala.com\/escenificar\/wp-content\/uploads\/2023\/06\/Presencia-03_Web-768x576.jpg 768w, https:\/\/oscarayala.com\/escenificar\/wp-content\/uploads\/2023\/06\/Presencia-03_Web.jpg 1152w\" sizes=\"(max-width: 1024px) 100vw, 1024px\" \/><\/figure>\n\n\n\n<figure class=\"wp-block-image size-large\"><img loading=\"lazy\" decoding=\"async\" width=\"1024\" height=\"768\" data-id=\"426\" src=\"https:\/\/oscarayala.com\/escenificar\/wp-content\/uploads\/2023\/06\/Presencia-04_Web-1024x768.jpg\" alt=\"\" class=\"wp-image-426\" srcset=\"https:\/\/oscarayala.com\/escenificar\/wp-content\/uploads\/2023\/06\/Presencia-04_Web-1024x768.jpg 1024w, https:\/\/oscarayala.com\/escenificar\/wp-content\/uploads\/2023\/06\/Presencia-04_Web-300x225.jpg 300w, https:\/\/oscarayala.com\/escenificar\/wp-content\/uploads\/2023\/06\/Presencia-04_Web-768x576.jpg 768w, https:\/\/oscarayala.com\/escenificar\/wp-content\/uploads\/2023\/06\/Presencia-04_Web.jpg 1152w\" sizes=\"(max-width: 1024px) 100vw, 1024px\" \/><\/figure>\n\n\n\n<figure class=\"wp-block-image size-large\"><img loading=\"lazy\" decoding=\"async\" width=\"1024\" height=\"768\" data-id=\"428\" src=\"https:\/\/oscarayala.com\/escenificar\/wp-content\/uploads\/2023\/06\/Presencia-05_Web-1024x768.jpg\" alt=\"\" class=\"wp-image-428\" srcset=\"https:\/\/oscarayala.com\/escenificar\/wp-content\/uploads\/2023\/06\/Presencia-05_Web-1024x768.jpg 1024w, https:\/\/oscarayala.com\/escenificar\/wp-content\/uploads\/2023\/06\/Presencia-05_Web-300x225.jpg 300w, https:\/\/oscarayala.com\/escenificar\/wp-content\/uploads\/2023\/06\/Presencia-05_Web-768x576.jpg 768w, https:\/\/oscarayala.com\/escenificar\/wp-content\/uploads\/2023\/06\/Presencia-05_Web.jpg 1152w\" sizes=\"(max-width: 1024px) 100vw, 1024px\" \/><\/figure>\n\n\n\n<figure class=\"wp-block-image size-large\"><img loading=\"lazy\" decoding=\"async\" width=\"1024\" height=\"768\" data-id=\"430\" src=\"https:\/\/oscarayala.com\/escenificar\/wp-content\/uploads\/2023\/06\/Presencia-06_Web-1024x768.jpg\" alt=\"\" class=\"wp-image-430\" srcset=\"https:\/\/oscarayala.com\/escenificar\/wp-content\/uploads\/2023\/06\/Presencia-06_Web-1024x768.jpg 1024w, https:\/\/oscarayala.com\/escenificar\/wp-content\/uploads\/2023\/06\/Presencia-06_Web-300x225.jpg 300w, https:\/\/oscarayala.com\/escenificar\/wp-content\/uploads\/2023\/06\/Presencia-06_Web-768x576.jpg 768w, https:\/\/oscarayala.com\/escenificar\/wp-content\/uploads\/2023\/06\/Presencia-06_Web.jpg 1152w\" sizes=\"(max-width: 1024px) 100vw, 1024px\" \/><\/figure>\n\n\n\n<figure class=\"wp-block-image size-large\"><img loading=\"lazy\" decoding=\"async\" width=\"1024\" height=\"768\" data-id=\"429\" src=\"https:\/\/oscarayala.com\/escenificar\/wp-content\/uploads\/2023\/06\/Presencia-07_Web-1024x768.jpg\" alt=\"\" class=\"wp-image-429\" srcset=\"https:\/\/oscarayala.com\/escenificar\/wp-content\/uploads\/2023\/06\/Presencia-07_Web-1024x768.jpg 1024w, https:\/\/oscarayala.com\/escenificar\/wp-content\/uploads\/2023\/06\/Presencia-07_Web-300x225.jpg 300w, https:\/\/oscarayala.com\/escenificar\/wp-content\/uploads\/2023\/06\/Presencia-07_Web-768x576.jpg 768w, https:\/\/oscarayala.com\/escenificar\/wp-content\/uploads\/2023\/06\/Presencia-07_Web.jpg 1152w\" sizes=\"(max-width: 1024px) 100vw, 1024px\" \/><\/figure>\n\n\n\n<figure class=\"wp-block-image size-large\"><img loading=\"lazy\" decoding=\"async\" width=\"1024\" height=\"768\" data-id=\"434\" src=\"https:\/\/oscarayala.com\/escenificar\/wp-content\/uploads\/2023\/06\/Presencia-08_Web-1024x768.jpg\" alt=\"\" class=\"wp-image-434\" srcset=\"https:\/\/oscarayala.com\/escenificar\/wp-content\/uploads\/2023\/06\/Presencia-08_Web-1024x768.jpg 1024w, https:\/\/oscarayala.com\/escenificar\/wp-content\/uploads\/2023\/06\/Presencia-08_Web-300x225.jpg 300w, https:\/\/oscarayala.com\/escenificar\/wp-content\/uploads\/2023\/06\/Presencia-08_Web-768x576.jpg 768w, https:\/\/oscarayala.com\/escenificar\/wp-content\/uploads\/2023\/06\/Presencia-08_Web.jpg 1152w\" sizes=\"(max-width: 1024px) 100vw, 1024px\" \/><\/figure>\n\n\n\n<figure class=\"wp-block-image size-large\"><img loading=\"lazy\" decoding=\"async\" width=\"1024\" height=\"768\" data-id=\"435\" src=\"https:\/\/oscarayala.com\/escenificar\/wp-content\/uploads\/2023\/06\/Presencia-09_Web-1024x768.jpg\" alt=\"\" class=\"wp-image-435\" srcset=\"https:\/\/oscarayala.com\/escenificar\/wp-content\/uploads\/2023\/06\/Presencia-09_Web-1024x768.jpg 1024w, https:\/\/oscarayala.com\/escenificar\/wp-content\/uploads\/2023\/06\/Presencia-09_Web-300x225.jpg 300w, https:\/\/oscarayala.com\/escenificar\/wp-content\/uploads\/2023\/06\/Presencia-09_Web-768x576.jpg 768w, https:\/\/oscarayala.com\/escenificar\/wp-content\/uploads\/2023\/06\/Presencia-09_Web.jpg 1152w\" sizes=\"(max-width: 1024px) 100vw, 1024px\" \/><\/figure>\n\n\n\n<figure class=\"wp-block-image size-large\"><img loading=\"lazy\" decoding=\"async\" width=\"1024\" height=\"768\" data-id=\"433\" src=\"https:\/\/oscarayala.com\/escenificar\/wp-content\/uploads\/2023\/06\/Presencia-10_Web-1024x768.jpg\" alt=\"\" class=\"wp-image-433\" srcset=\"https:\/\/oscarayala.com\/escenificar\/wp-content\/uploads\/2023\/06\/Presencia-10_Web-1024x768.jpg 1024w, https:\/\/oscarayala.com\/escenificar\/wp-content\/uploads\/2023\/06\/Presencia-10_Web-300x225.jpg 300w, https:\/\/oscarayala.com\/escenificar\/wp-content\/uploads\/2023\/06\/Presencia-10_Web-768x576.jpg 768w, https:\/\/oscarayala.com\/escenificar\/wp-content\/uploads\/2023\/06\/Presencia-10_Web.jpg 1152w\" sizes=\"(max-width: 1024px) 100vw, 1024px\" \/><\/figure>\n\n\n\n<figure class=\"wp-block-image size-large\"><img loading=\"lazy\" decoding=\"async\" width=\"1024\" height=\"768\" data-id=\"436\" src=\"https:\/\/oscarayala.com\/escenificar\/wp-content\/uploads\/2023\/06\/Presencia-11_Web-1024x768.jpg\" alt=\"\" class=\"wp-image-436\" srcset=\"https:\/\/oscarayala.com\/escenificar\/wp-content\/uploads\/2023\/06\/Presencia-11_Web-1024x768.jpg 1024w, https:\/\/oscarayala.com\/escenificar\/wp-content\/uploads\/2023\/06\/Presencia-11_Web-300x225.jpg 300w, https:\/\/oscarayala.com\/escenificar\/wp-content\/uploads\/2023\/06\/Presencia-11_Web-768x576.jpg 768w, https:\/\/oscarayala.com\/escenificar\/wp-content\/uploads\/2023\/06\/Presencia-11_Web.jpg 1152w\" sizes=\"(max-width: 1024px) 100vw, 1024px\" \/><\/figure>\n\n\n\n<figure class=\"wp-block-image size-large\"><img loading=\"lazy\" decoding=\"async\" width=\"1024\" height=\"768\" data-id=\"437\" src=\"https:\/\/oscarayala.com\/escenificar\/wp-content\/uploads\/2023\/06\/Presencia-12_Web-1024x768.jpg\" alt=\"\" class=\"wp-image-437\" srcset=\"https:\/\/oscarayala.com\/escenificar\/wp-content\/uploads\/2023\/06\/Presencia-12_Web-1024x768.jpg 1024w, https:\/\/oscarayala.com\/escenificar\/wp-content\/uploads\/2023\/06\/Presencia-12_Web-300x225.jpg 300w, https:\/\/oscarayala.com\/escenificar\/wp-content\/uploads\/2023\/06\/Presencia-12_Web-768x576.jpg 768w, https:\/\/oscarayala.com\/escenificar\/wp-content\/uploads\/2023\/06\/Presencia-12_Web.jpg 1152w\" sizes=\"(max-width: 1024px) 100vw, 1024px\" \/><\/figure>\n\n\n\n<figure class=\"wp-block-image size-large\"><img loading=\"lazy\" decoding=\"async\" width=\"1024\" height=\"768\" data-id=\"439\" src=\"https:\/\/oscarayala.com\/escenificar\/wp-content\/uploads\/2023\/06\/Presencia-13_Web-1024x768.jpg\" alt=\"\" class=\"wp-image-439\" srcset=\"https:\/\/oscarayala.com\/escenificar\/wp-content\/uploads\/2023\/06\/Presencia-13_Web-1024x768.jpg 1024w, https:\/\/oscarayala.com\/escenificar\/wp-content\/uploads\/2023\/06\/Presencia-13_Web-300x225.jpg 300w, https:\/\/oscarayala.com\/escenificar\/wp-content\/uploads\/2023\/06\/Presencia-13_Web-768x576.jpg 768w, https:\/\/oscarayala.com\/escenificar\/wp-content\/uploads\/2023\/06\/Presencia-13_Web.jpg 1152w\" sizes=\"(max-width: 1024px) 100vw, 1024px\" \/><\/figure>\n\n\n\n<figure class=\"wp-block-image size-large\"><img loading=\"lazy\" decoding=\"async\" width=\"1024\" height=\"768\" data-id=\"438\" src=\"https:\/\/oscarayala.com\/escenificar\/wp-content\/uploads\/2023\/06\/Presencia-14_Web-1024x768.jpg\" alt=\"\" class=\"wp-image-438\" srcset=\"https:\/\/oscarayala.com\/escenificar\/wp-content\/uploads\/2023\/06\/Presencia-14_Web-1024x768.jpg 1024w, https:\/\/oscarayala.com\/escenificar\/wp-content\/uploads\/2023\/06\/Presencia-14_Web-300x225.jpg 300w, https:\/\/oscarayala.com\/escenificar\/wp-content\/uploads\/2023\/06\/Presencia-14_Web-768x576.jpg 768w, https:\/\/oscarayala.com\/escenificar\/wp-content\/uploads\/2023\/06\/Presencia-14_Web.jpg 1152w\" sizes=\"(max-width: 1024px) 100vw, 1024px\" \/><\/figure>\n<\/figure>\n\n\n\n<div style=\"height:100px\" aria-hidden=\"true\" class=\"wp-block-spacer\"><\/div>\n\n\n\n<figure class=\"wp-block-gallery has-nested-images columns-default is-cropped wp-block-gallery-2 is-layout-flex wp-block-gallery-is-layout-flex\">\n<figure class=\"wp-block-image size-large\"><img loading=\"lazy\" decoding=\"async\" width=\"1024\" height=\"768\" data-id=\"440\" src=\"https:\/\/oscarayala.com\/escenificar\/wp-content\/uploads\/2023\/06\/Presencia_01-Web-1024x768.jpg\" alt=\"\" class=\"wp-image-440\" srcset=\"https:\/\/oscarayala.com\/escenificar\/wp-content\/uploads\/2023\/06\/Presencia_01-Web-1024x768.jpg 1024w, https:\/\/oscarayala.com\/escenificar\/wp-content\/uploads\/2023\/06\/Presencia_01-Web-300x225.jpg 300w, https:\/\/oscarayala.com\/escenificar\/wp-content\/uploads\/2023\/06\/Presencia_01-Web-768x576.jpg 768w, https:\/\/oscarayala.com\/escenificar\/wp-content\/uploads\/2023\/06\/Presencia_01-Web.jpg 1152w\" sizes=\"(max-width: 1024px) 100vw, 1024px\" \/><\/figure>\n\n\n\n<figure class=\"wp-block-image size-large\"><img loading=\"lazy\" decoding=\"async\" width=\"1024\" height=\"768\" data-id=\"441\" src=\"https:\/\/oscarayala.com\/escenificar\/wp-content\/uploads\/2023\/06\/Presencia_02-Web-1024x768.jpg\" alt=\"\" class=\"wp-image-441\" srcset=\"https:\/\/oscarayala.com\/escenificar\/wp-content\/uploads\/2023\/06\/Presencia_02-Web-1024x768.jpg 1024w, https:\/\/oscarayala.com\/escenificar\/wp-content\/uploads\/2023\/06\/Presencia_02-Web-300x225.jpg 300w, https:\/\/oscarayala.com\/escenificar\/wp-content\/uploads\/2023\/06\/Presencia_02-Web-768x576.jpg 768w, https:\/\/oscarayala.com\/escenificar\/wp-content\/uploads\/2023\/06\/Presencia_02-Web.jpg 1152w\" sizes=\"(max-width: 1024px) 100vw, 1024px\" \/><\/figure>\n\n\n\n<figure class=\"wp-block-image size-large\"><img loading=\"lazy\" decoding=\"async\" width=\"1024\" height=\"768\" data-id=\"442\" src=\"https:\/\/oscarayala.com\/escenificar\/wp-content\/uploads\/2023\/06\/Presencia_03-Web-1024x768.jpg\" alt=\"\" class=\"wp-image-442\" srcset=\"https:\/\/oscarayala.com\/escenificar\/wp-content\/uploads\/2023\/06\/Presencia_03-Web-1024x768.jpg 1024w, https:\/\/oscarayala.com\/escenificar\/wp-content\/uploads\/2023\/06\/Presencia_03-Web-300x225.jpg 300w, https:\/\/oscarayala.com\/escenificar\/wp-content\/uploads\/2023\/06\/Presencia_03-Web-768x576.jpg 768w, https:\/\/oscarayala.com\/escenificar\/wp-content\/uploads\/2023\/06\/Presencia_03-Web.jpg 1152w\" sizes=\"(max-width: 1024px) 100vw, 1024px\" \/><\/figure>\n\n\n\n<figure class=\"wp-block-image size-large\"><img loading=\"lazy\" decoding=\"async\" width=\"1024\" height=\"768\" data-id=\"443\" src=\"https:\/\/oscarayala.com\/escenificar\/wp-content\/uploads\/2023\/06\/Presencia_04-Web-1024x768.jpg\" alt=\"\" class=\"wp-image-443\" srcset=\"https:\/\/oscarayala.com\/escenificar\/wp-content\/uploads\/2023\/06\/Presencia_04-Web-1024x768.jpg 1024w, https:\/\/oscarayala.com\/escenificar\/wp-content\/uploads\/2023\/06\/Presencia_04-Web-300x225.jpg 300w, https:\/\/oscarayala.com\/escenificar\/wp-content\/uploads\/2023\/06\/Presencia_04-Web-768x576.jpg 768w, https:\/\/oscarayala.com\/escenificar\/wp-content\/uploads\/2023\/06\/Presencia_04-Web.jpg 1152w\" sizes=\"(max-width: 1024px) 100vw, 1024px\" \/><\/figure>\n\n\n\n<figure class=\"wp-block-image size-large\"><img loading=\"lazy\" decoding=\"async\" width=\"1024\" height=\"768\" data-id=\"446\" src=\"https:\/\/oscarayala.com\/escenificar\/wp-content\/uploads\/2023\/06\/Presencia_05-Web-1024x768.jpg\" alt=\"\" class=\"wp-image-446\" srcset=\"https:\/\/oscarayala.com\/escenificar\/wp-content\/uploads\/2023\/06\/Presencia_05-Web-1024x768.jpg 1024w, https:\/\/oscarayala.com\/escenificar\/wp-content\/uploads\/2023\/06\/Presencia_05-Web-300x225.jpg 300w, https:\/\/oscarayala.com\/escenificar\/wp-content\/uploads\/2023\/06\/Presencia_05-Web-768x576.jpg 768w, https:\/\/oscarayala.com\/escenificar\/wp-content\/uploads\/2023\/06\/Presencia_05-Web.jpg 1152w\" sizes=\"(max-width: 1024px) 100vw, 1024px\" \/><\/figure>\n\n\n\n<figure class=\"wp-block-image size-large\"><img loading=\"lazy\" decoding=\"async\" width=\"1024\" height=\"768\" data-id=\"444\" src=\"https:\/\/oscarayala.com\/escenificar\/wp-content\/uploads\/2023\/06\/Presencia_06-Web-1024x768.jpg\" alt=\"\" class=\"wp-image-444\" srcset=\"https:\/\/oscarayala.com\/escenificar\/wp-content\/uploads\/2023\/06\/Presencia_06-Web-1024x768.jpg 1024w, https:\/\/oscarayala.com\/escenificar\/wp-content\/uploads\/2023\/06\/Presencia_06-Web-300x225.jpg 300w, https:\/\/oscarayala.com\/escenificar\/wp-content\/uploads\/2023\/06\/Presencia_06-Web-768x576.jpg 768w, https:\/\/oscarayala.com\/escenificar\/wp-content\/uploads\/2023\/06\/Presencia_06-Web.jpg 1152w\" sizes=\"(max-width: 1024px) 100vw, 1024px\" \/><\/figure>\n\n\n\n<figure class=\"wp-block-image size-large\"><img loading=\"lazy\" decoding=\"async\" width=\"1024\" height=\"768\" data-id=\"445\" src=\"https:\/\/oscarayala.com\/escenificar\/wp-content\/uploads\/2023\/06\/Presencia_07-Web-1024x768.jpg\" alt=\"\" class=\"wp-image-445\" srcset=\"https:\/\/oscarayala.com\/escenificar\/wp-content\/uploads\/2023\/06\/Presencia_07-Web-1024x768.jpg 1024w, https:\/\/oscarayala.com\/escenificar\/wp-content\/uploads\/2023\/06\/Presencia_07-Web-300x225.jpg 300w, https:\/\/oscarayala.com\/escenificar\/wp-content\/uploads\/2023\/06\/Presencia_07-Web-768x576.jpg 768w, https:\/\/oscarayala.com\/escenificar\/wp-content\/uploads\/2023\/06\/Presencia_07-Web.jpg 1152w\" sizes=\"(max-width: 1024px) 100vw, 1024px\" \/><\/figure>\n<\/figure>\n\n\n\n<div style=\"height:100px\" aria-hidden=\"true\" class=\"wp-block-spacer\"><\/div>\n\n\n\n<figure class=\"wp-block-embed is-type-video is-provider-youtube wp-block-embed-youtube wp-embed-aspect-16-9 wp-has-aspect-ratio\"><div class=\"wp-block-embed__wrapper\">\n<p class=\"responsive-video-wrap clr\"><iframe title=\"Presente Presencia Parusia (196 aurora diferencial)\" width=\"1200\" height=\"675\" src=\"https:\/\/www.youtube.com\/embed\/rXP8FS_oLQk?feature=oembed\" frameborder=\"0\" allow=\"accelerometer; autoplay; clipboard-write; encrypted-media; gyroscope; picture-in-picture; web-share\" allowfullscreen><\/iframe><\/p>\n<\/div><figcaption class=\"wp-element-caption\">Presente: Presencia: Parus\u00eda (196 Aurora Diferencial)<\/figcaption><\/figure>\n\n\n\n<p><\/p>\n\n\n\n<div class=\"wp-block-columns is-layout-flex wp-container-core-columns-is-layout-9d6595d7 wp-block-columns-is-layout-flex\">\n<div class=\"wp-block-column is-layout-flow wp-block-column-is-layout-flow\">\n<h5 class=\"wp-block-heading\">ES_<\/h5>\n\n\n\n<p>Contemplaci\u00f3n de un punto \u00fanico para detectar lo que ha estado \u00abfuera de campo\u00bb, en el fondo, para tematizarlo y volverlo figura otra vez.<\/p>\n\n\n\n<p>\u00bfQu\u00e9 es lo que vemos cuando vemos el presente? No siempre lo sabemos y casi siempre olvidamos poner nuestra atenci\u00f3n en \u00e9l. Sin embargo, en algunos breves momentos pausamos los ritmos para tomarnos un tiempo y respirar. S\u00ed, claro, no lo hacemos muchas veces y cu\u00e1ndo lo hacemos (como en este momento), es porque nos lo dijeron, casi como si fuera una imposici\u00f3n. Un poco de esto es lo que ha pasado: la fuerza de la inercia nos hizo detener ante lo que ya sab\u00edamos y olvidamos reconocer: nuestro entorno ya est\u00e1 modificado y no hay contenci\u00f3n para el tiempo. Nos aislamos, y, en ese aguardar, tuvimos un tiempo para ver el tiempo y dejar que el tiempo nos pudiera ver. Tuvimos tiempo para interrogar un horizonte que siempre estuvo all\u00ed pero ya hab\u00edamos dejado de observar. Eso, una pausa. Tuvimos tiempo para ver el movimiento que dejamos fuera de campo y que reclamaba mudo que se convirtiera en tema, en nuestro tema. Pudimos ver los efectos con tranquilidad; que la repetici\u00f3n nos marca el ritmo y que el ambiente brota a una atemperada regularidad: el tiempo se amolda a sus caprichos. Por eso, despu\u00e9s de la estabilidad que nos fue ofrecida por la detenci\u00f3n, percibimos los sentidos que han estado inmanentes y volvimos a sentir el placer de lo sutil. Retomamos un poco la presencia. Salteamos la existencia. Eso fue. Eso es. Aqu\u00ed vemos la frecuencia de una captura que se repite unas 196 veces, siguiendo la aurora, buscando el contraste del crep\u00fasculo y del artificio iluminador. Ahora, s\u00f3lo hay que ver, de nuevo, lo que ha sido tematizado para concebir un advenimiento: \u00bfson las revelaciones invisibles? S\u00f3lo es un tiempo para detenerse y detenernos otra vez a contemplar lo que ya es visible.<\/p>\n<\/div>\n\n\n\n<div class=\"wp-block-column is-layout-flow wp-block-column-is-layout-flow\">\n<h5 class=\"wp-block-heading\">PT_<\/h5>\n\n\n\n<p>Contempla\u00e7\u00e3o de um \u00fanico ponto para detectar o que tem estado \u00abfora de campo\u00bb, no fundo, para tematiz\u00e1-lo e faz\u00ea-lo aparecer novamente.<\/p>\n\n\n\n<p>O que \u00e9 o que vemos quando olhamos para o presente? Nem sempre sabemos, e quase sempre nos esquecemos de prestar aten\u00e7\u00e3o a isso. No entanto, em alguns breves momentos pausamos os ritmos para tirar um momento e respirar. Sim, claro, n\u00e3o o fazemos muitas vezes e quando o fazemos (como neste momento), \u00e9 porque nos foi dito, quase como se se tratasse de uma imposi\u00e7\u00e3o. Um pouco disto \u00e9 o que aconteceu: a for\u00e7a da in\u00e9rcia fez-nos parar diante daquilo que j\u00e1 sab\u00edamos e esquecemo-nos de reconhecer: o nosso ambiente j\u00e1 est\u00e1 modificado e n\u00e3o h\u00e1 conten\u00e7\u00e3o para o tempo. Isol\u00e1mo-nos, e, nesta espera, tivemos tempo para ver o tempo e deixar que o tempo nos visse. Tivemos tempo para interrogar um horizonte que estava sempre presente, mas t\u00ednhamos deixado de observar. Isso, uma pausa. Tivemos tempo para ver o movimento que t\u00ednhamos deixado fora do campo e que silenciosamente exigia tornar-se um tema, o nosso tema. Conseguimos ver os efeitos com calma; que a repeti\u00e7\u00e3o marca o ritmo para n\u00f3s e que o ambiente brota com uma regularidade temperada: o tempo molda-se aos seus caprichos. \u00c9 por isso que, ap\u00f3s a estabilidade que nos \u00e9 oferecida pela paragem, percebemos os sentidos que t\u00eam sido imanentes e sentimos mais uma vez o prazer do subtil. Recuper\u00e1mos um pouco da nossa presen\u00e7a. Salteamos a exist\u00eancia. Isto foi. Isto \u00e9. Aqui vemos a frequ\u00eancia de uma captura repetida 196 vezes, ap\u00f3s o amanhecer, procurando o contraste do crep\u00fasculo e do artif\u00edcio iluminador. Agora, basta ver, uma vez mais, o que foi tematizado para conceber um advento: ser\u00e1 que as revela\u00e7\u00f5es s\u00e3o invis\u00edveis? \u00c9 apenas um momento para parar e pausar novamente para contemplar o que j\u00e1 \u00e9 vis\u00edvel.<\/p>\n<\/div>\n<\/div>\n\n\n\n<p><\/p>\n","protected":false},"excerpt":{"rendered":"<p>Presente &#8211; Presencia &#8211; Parus\u00eda ES_ Contemplaci\u00f3n de un punto \u00fanico para detectar lo que ha estado \u00abfuera de campo\u00bb, en el fondo, para tematizarlo y volverlo figura otra vez. \u00bfQu\u00e9 es lo que vemos cuando vemos el presente? No siempre lo sabemos y casi siempre olvidamos poner nuestra atenci\u00f3n en \u00e9l. Sin embargo, en [&hellip;]<\/p>\n","protected":false},"author":1,"featured_media":0,"parent":0,"menu_order":0,"comment_status":"closed","ping_status":"closed","template":"","meta":{"ocean_post_layout":"","ocean_both_sidebars_style":"","ocean_both_sidebars_content_width":0,"ocean_both_sidebars_sidebars_width":0,"ocean_sidebar":"0","ocean_second_sidebar":"0","ocean_disable_margins":"enable","ocean_add_body_class":"","ocean_shortcode_before_top_bar":"","ocean_shortcode_after_top_bar":"","ocean_shortcode_before_header":"","ocean_shortcode_after_header":"","ocean_has_shortcode":"","ocean_shortcode_after_title":"","ocean_shortcode_before_footer_widgets":"","ocean_shortcode_after_footer_widgets":"","ocean_shortcode_before_footer_bottom":"","ocean_shortcode_after_footer_bottom":"","ocean_display_top_bar":"default","ocean_display_header":"default","ocean_header_style":"","ocean_center_header_left_menu":"0","ocean_custom_header_template":"0","ocean_custom_logo":0,"ocean_custom_retina_logo":0,"ocean_custom_logo_max_width":0,"ocean_custom_logo_tablet_max_width":0,"ocean_custom_logo_mobile_max_width":0,"ocean_custom_logo_max_height":0,"ocean_custom_logo_tablet_max_height":0,"ocean_custom_logo_mobile_max_height":0,"ocean_header_custom_menu":"0","ocean_menu_typo_font_family":"0","ocean_menu_typo_font_subset":"","ocean_menu_typo_font_size":0,"ocean_menu_typo_font_size_tablet":0,"ocean_menu_typo_font_size_mobile":0,"ocean_menu_typo_font_size_unit":"px","ocean_menu_typo_font_weight":"","ocean_menu_typo_font_weight_tablet":"","ocean_menu_typo_font_weight_mobile":"","ocean_menu_typo_transform":"","ocean_menu_typo_transform_tablet":"","ocean_menu_typo_transform_mobile":"","ocean_menu_typo_line_height":0,"ocean_menu_typo_line_height_tablet":0,"ocean_menu_typo_line_height_mobile":0,"ocean_menu_typo_line_height_unit":"","ocean_menu_typo_spacing":0,"ocean_menu_typo_spacing_tablet":0,"ocean_menu_typo_spacing_mobile":0,"ocean_menu_typo_spacing_unit":"","ocean_menu_link_color":"","ocean_menu_link_color_hover":"","ocean_menu_link_color_active":"","ocean_menu_link_background":"","ocean_menu_link_hover_background":"","ocean_menu_link_active_background":"","ocean_menu_social_links_bg":"","ocean_menu_social_hover_links_bg":"","ocean_menu_social_links_color":"","ocean_menu_social_hover_links_color":"","ocean_disable_title":"on","ocean_disable_heading":"default","ocean_post_title":"","ocean_post_subheading":"","ocean_post_title_style":"","ocean_post_title_background_color":"","ocean_post_title_background":0,"ocean_post_title_bg_image_position":"","ocean_post_title_bg_image_attachment":"","ocean_post_title_bg_image_repeat":"","ocean_post_title_bg_image_size":"","ocean_post_title_height":0,"ocean_post_title_bg_overlay":0.5,"ocean_post_title_bg_overlay_color":"","ocean_disable_breadcrumbs":"default","ocean_breadcrumbs_color":"","ocean_breadcrumbs_separator_color":"","ocean_breadcrumbs_links_color":"","ocean_breadcrumbs_links_hover_color":"","ocean_display_footer_widgets":"default","ocean_display_footer_bottom":"default","ocean_custom_footer_template":"0","footnotes":""},"class_list":["post-57","page","type-page","status-publish","hentry","entry"],"_links":{"self":[{"href":"https:\/\/oscarayala.com\/escenificar\/wp-json\/wp\/v2\/pages\/57","targetHints":{"allow":["GET"]}}],"collection":[{"href":"https:\/\/oscarayala.com\/escenificar\/wp-json\/wp\/v2\/pages"}],"about":[{"href":"https:\/\/oscarayala.com\/escenificar\/wp-json\/wp\/v2\/types\/page"}],"author":[{"embeddable":true,"href":"https:\/\/oscarayala.com\/escenificar\/wp-json\/wp\/v2\/users\/1"}],"replies":[{"embeddable":true,"href":"https:\/\/oscarayala.com\/escenificar\/wp-json\/wp\/v2\/comments?post=57"}],"version-history":[{"count":7,"href":"https:\/\/oscarayala.com\/escenificar\/wp-json\/wp\/v2\/pages\/57\/revisions"}],"predecessor-version":[{"id":449,"href":"https:\/\/oscarayala.com\/escenificar\/wp-json\/wp\/v2\/pages\/57\/revisions\/449"}],"wp:attachment":[{"href":"https:\/\/oscarayala.com\/escenificar\/wp-json\/wp\/v2\/media?parent=57"}],"curies":[{"name":"wp","href":"https:\/\/api.w.org\/{rel}","templated":true}]}}