{"id":59,"date":"2023-03-29T15:38:03","date_gmt":"2023-03-29T15:38:03","guid":{"rendered":"https:\/\/oscarayala.com\/escenificar\/?page_id=59"},"modified":"2023-06-22T10:19:09","modified_gmt":"2023-06-22T10:19:09","slug":"centrando","status":"publish","type":"page","link":"https:\/\/oscarayala.com\/escenificar\/centrando\/","title":{"rendered":"Centrando"},"content":{"rendered":"\n<h2 class=\"wp-block-heading\">Centrando<\/h2>\n\n\n\n<figure class=\"wp-block-embed is-type-video is-provider-youtube wp-block-embed-youtube wp-embed-aspect-16-9 wp-has-aspect-ratio\"><div class=\"wp-block-embed__wrapper\">\n<p class=\"responsive-video-wrap clr\"><iframe title=\"Centro\" width=\"1200\" height=\"675\" src=\"https:\/\/www.youtube.com\/embed\/w-BNlgo_MBM?feature=oembed\" frameborder=\"0\" allow=\"accelerometer; autoplay; clipboard-write; encrypted-media; gyroscope; picture-in-picture; web-share\" allowfullscreen><\/iframe><\/p>\n<\/div><figcaption class=\"wp-element-caption\">Centro<\/figcaption><\/figure>\n\n\n\n<div style=\"height:100px\" aria-hidden=\"true\" class=\"wp-block-spacer\"><\/div>\n\n\n\n<figure class=\"wp-block-embed is-type-video is-provider-youtube wp-block-embed-youtube wp-embed-aspect-16-9 wp-has-aspect-ratio\"><div class=\"wp-block-embed__wrapper\">\n<p class=\"responsive-video-wrap clr\"><iframe title=\"Centro (Ver)\" width=\"1200\" height=\"675\" src=\"https:\/\/www.youtube.com\/embed\/2QPQoHnlfU8?feature=oembed\" frameborder=\"0\" allow=\"accelerometer; autoplay; clipboard-write; encrypted-media; gyroscope; picture-in-picture; web-share\" allowfullscreen><\/iframe><\/p>\n<\/div><figcaption class=\"wp-element-caption\">Centro (Ver)<\/figcaption><\/figure>\n\n\n\n<div style=\"height:100px\" aria-hidden=\"true\" class=\"wp-block-spacer\"><\/div>\n\n\n\n<figure class=\"wp-block-embed is-type-video is-provider-youtube wp-block-embed-youtube wp-embed-aspect-16-9 wp-has-aspect-ratio\"><div class=\"wp-block-embed__wrapper\">\n<p class=\"responsive-video-wrap clr\"><iframe title=\"Centro (Tocar)\" width=\"1200\" height=\"675\" src=\"https:\/\/www.youtube.com\/embed\/6NdVOhrQIFU?feature=oembed\" frameborder=\"0\" allow=\"accelerometer; autoplay; clipboard-write; encrypted-media; gyroscope; picture-in-picture; web-share\" allowfullscreen><\/iframe><\/p>\n<\/div><figcaption class=\"wp-element-caption\">Centro (Tocar)<\/figcaption><\/figure>\n\n\n\n<div style=\"height:100px\" aria-hidden=\"true\" class=\"wp-block-spacer\"><\/div>\n\n\n\n<figure class=\"wp-block-embed is-type-video is-provider-youtube wp-block-embed-youtube wp-embed-aspect-16-9 wp-has-aspect-ratio\"><div class=\"wp-block-embed__wrapper\">\n<p class=\"responsive-video-wrap clr\"><iframe title=\"Centro (Oir)\" width=\"1200\" height=\"675\" src=\"https:\/\/www.youtube.com\/embed\/XcLbNfzSHZE?feature=oembed\" frameborder=\"0\" allow=\"accelerometer; autoplay; clipboard-write; encrypted-media; gyroscope; picture-in-picture; web-share\" allowfullscreen><\/iframe><\/p>\n<\/div><figcaption class=\"wp-element-caption\">Centro (Oir)<\/figcaption><\/figure>\n\n\n\n<p><\/p>\n\n\n\n<div class=\"wp-block-columns is-layout-flex wp-container-core-columns-is-layout-9d6595d7 wp-block-columns-is-layout-flex\">\n<div class=\"wp-block-column is-layout-flow wp-block-column-is-layout-flow\">\n<h5 class=\"wp-block-heading\">ES_<\/h5>\n\n\n\n<p>Estamos detenidos frente a la perceptividad de los sentidos, tal vez, <em>entumecidos (numbness) <\/em>por ellos o por sus extensiones. Si pensamos un momento en lo que sienten los sentidos, podr\u00edamos ver en ellos, los gestos que se mantienen cuando los invocamos en nuestras interacciones diarias con el mundo. Se quiere pensar en las maneras como act\u00faa un medio dentro de otro, en la mediaci\u00f3n que se detiene cuando un sentido act\u00faa. Se requiere, as\u00ed sea por un momento, centrar, volver al centro, otra vez, en un tr\u00edptico, tres de los sentidos que m\u00e1s usamos. Pensar, como lo <a rel=\"noreferrer noopener\" href=\"https:\/\/ubu.com\/media\/video\/Acconci-Vito_Centers_1971.mp4\" target=\"_blank\">hizo<\/a> Vito Acconci, en el poder del centro, en el poder del medio, en el poder de la mediaci\u00f3n.<\/p>\n<\/div>\n\n\n\n<div class=\"wp-block-column is-layout-flow wp-block-column-is-layout-flow\">\n<h5 class=\"wp-block-heading\">PT_<\/h5>\n\n\n\n<p>Estamos detidos perante a perceptividade dos sentidos, talvez <em>entorpecidos<\/em> <em>(numbness)<\/em>&nbsp;com eles ou com suas extens\u00f5es. Se pensarmos por um momento no que os sentidos sentem, poderemos ver neles, os gestos que se mant\u00eam quando os invocamos em nossas intera\u00e7\u00f5es di\u00e1rias com o mundo. Queremos pensar sobre as formas de atua\u00e7\u00e3o de um meio dentro de outro, sobre a media\u00e7\u00e3o que se det\u00e9m quando um sentido age. \u00c9 preciso, nem que seja por um momento, centrar, voltar ao centro, novamente, em um tr\u00edptico, tr\u00eas dos sentidos que mais usamos. Pensar, como <a rel=\"noreferrer noopener\" href=\"https:\/\/ubu.com\/media\/video\/Acconci-Vito_Centers_1971.mp4\" target=\"_blank\">fez<\/a> Vito Acconci, sobre o poder do centro, o poder do meio, o poder da media\u00e7\u00e3o.<\/p>\n<\/div>\n<\/div>\n","protected":false},"excerpt":{"rendered":"<p>Centrando ES_ Estamos detenidos frente a la perceptividad de los sentidos, tal vez, entumecidos (numbness) por ellos o por sus extensiones. Si pensamos un momento en lo que sienten los sentidos, podr\u00edamos ver en ellos, los gestos que se mantienen cuando los invocamos en nuestras interacciones diarias con el mundo. Se quiere pensar en las [&hellip;]<\/p>\n","protected":false},"author":1,"featured_media":0,"parent":0,"menu_order":0,"comment_status":"closed","ping_status":"closed","template":"","meta":{"ocean_post_layout":"","ocean_both_sidebars_style":"","ocean_both_sidebars_content_width":0,"ocean_both_sidebars_sidebars_width":0,"ocean_sidebar":"0","ocean_second_sidebar":"0","ocean_disable_margins":"enable","ocean_add_body_class":"","ocean_shortcode_before_top_bar":"","ocean_shortcode_after_top_bar":"","ocean_shortcode_before_header":"","ocean_shortcode_after_header":"","ocean_has_shortcode":"","ocean_shortcode_after_title":"","ocean_shortcode_before_footer_widgets":"","ocean_shortcode_after_footer_widgets":"","ocean_shortcode_before_footer_bottom":"","ocean_shortcode_after_footer_bottom":"","ocean_display_top_bar":"default","ocean_display_header":"default","ocean_header_style":"","ocean_center_header_left_menu":"0","ocean_custom_header_template":"0","ocean_custom_logo":0,"ocean_custom_retina_logo":0,"ocean_custom_logo_max_width":0,"ocean_custom_logo_tablet_max_width":0,"ocean_custom_logo_mobile_max_width":0,"ocean_custom_logo_max_height":0,"ocean_custom_logo_tablet_max_height":0,"ocean_custom_logo_mobile_max_height":0,"ocean_header_custom_menu":"0","ocean_menu_typo_font_family":"0","ocean_menu_typo_font_subset":"","ocean_menu_typo_font_size":0,"ocean_menu_typo_font_size_tablet":0,"ocean_menu_typo_font_size_mobile":0,"ocean_menu_typo_font_size_unit":"px","ocean_menu_typo_font_weight":"","ocean_menu_typo_font_weight_tablet":"","ocean_menu_typo_font_weight_mobile":"","ocean_menu_typo_transform":"","ocean_menu_typo_transform_tablet":"","ocean_menu_typo_transform_mobile":"","ocean_menu_typo_line_height":0,"ocean_menu_typo_line_height_tablet":0,"ocean_menu_typo_line_height_mobile":0,"ocean_menu_typo_line_height_unit":"","ocean_menu_typo_spacing":0,"ocean_menu_typo_spacing_tablet":0,"ocean_menu_typo_spacing_mobile":0,"ocean_menu_typo_spacing_unit":"","ocean_menu_link_color":"","ocean_menu_link_color_hover":"","ocean_menu_link_color_active":"","ocean_menu_link_background":"","ocean_menu_link_hover_background":"","ocean_menu_link_active_background":"","ocean_menu_social_links_bg":"","ocean_menu_social_hover_links_bg":"","ocean_menu_social_links_color":"","ocean_menu_social_hover_links_color":"","ocean_disable_title":"on","ocean_disable_heading":"default","ocean_post_title":"","ocean_post_subheading":"","ocean_post_title_style":"","ocean_post_title_background_color":"","ocean_post_title_background":0,"ocean_post_title_bg_image_position":"","ocean_post_title_bg_image_attachment":"","ocean_post_title_bg_image_repeat":"","ocean_post_title_bg_image_size":"","ocean_post_title_height":0,"ocean_post_title_bg_overlay":0.5,"ocean_post_title_bg_overlay_color":"","ocean_disable_breadcrumbs":"default","ocean_breadcrumbs_color":"","ocean_breadcrumbs_separator_color":"","ocean_breadcrumbs_links_color":"","ocean_breadcrumbs_links_hover_color":"","ocean_display_footer_widgets":"default","ocean_display_footer_bottom":"default","ocean_custom_footer_template":"0","footnotes":""},"class_list":["post-59","page","type-page","status-publish","hentry","entry"],"_links":{"self":[{"href":"https:\/\/oscarayala.com\/escenificar\/wp-json\/wp\/v2\/pages\/59","targetHints":{"allow":["GET"]}}],"collection":[{"href":"https:\/\/oscarayala.com\/escenificar\/wp-json\/wp\/v2\/pages"}],"about":[{"href":"https:\/\/oscarayala.com\/escenificar\/wp-json\/wp\/v2\/types\/page"}],"author":[{"embeddable":true,"href":"https:\/\/oscarayala.com\/escenificar\/wp-json\/wp\/v2\/users\/1"}],"replies":[{"embeddable":true,"href":"https:\/\/oscarayala.com\/escenificar\/wp-json\/wp\/v2\/comments?post=59"}],"version-history":[{"count":4,"href":"https:\/\/oscarayala.com\/escenificar\/wp-json\/wp\/v2\/pages\/59\/revisions"}],"predecessor-version":[{"id":471,"href":"https:\/\/oscarayala.com\/escenificar\/wp-json\/wp\/v2\/pages\/59\/revisions\/471"}],"wp:attachment":[{"href":"https:\/\/oscarayala.com\/escenificar\/wp-json\/wp\/v2\/media?parent=59"}],"curies":[{"name":"wp","href":"https:\/\/api.w.org\/{rel}","templated":true}]}}