{"id":622,"date":"2024-11-13T00:19:55","date_gmt":"2024-11-13T00:19:55","guid":{"rendered":"https:\/\/oscarayala.com\/escenificar\/?page_id=622"},"modified":"2024-11-13T12:28:49","modified_gmt":"2024-11-13T12:28:49","slug":"entre-tener-enter","status":"publish","type":"page","link":"https:\/\/oscarayala.com\/escenificar\/entre-tener-enter\/","title":{"rendered":"Entre &#8211; Tener &#8211; Enter"},"content":{"rendered":"\n<figure class=\"wp-block-gallery has-nested-images columns-default is-cropped wp-block-gallery-1 is-layout-flex wp-block-gallery-is-layout-flex\">\n<figure class=\"wp-block-image size-large\"><img fetchpriority=\"high\" decoding=\"async\" width=\"1024\" height=\"1022\" data-id=\"625\" src=\"https:\/\/oscarayala.com\/escenificar\/wp-content\/uploads\/2024\/11\/Enter-Tener-Enter-4-a-1024x1022.jpg\" alt=\"\" class=\"wp-image-625\" srcset=\"https:\/\/oscarayala.com\/escenificar\/wp-content\/uploads\/2024\/11\/Enter-Tener-Enter-4-a-1024x1022.jpg 1024w, https:\/\/oscarayala.com\/escenificar\/wp-content\/uploads\/2024\/11\/Enter-Tener-Enter-4-a-300x300.jpg 300w, https:\/\/oscarayala.com\/escenificar\/wp-content\/uploads\/2024\/11\/Enter-Tener-Enter-4-a-150x150.jpg 150w, https:\/\/oscarayala.com\/escenificar\/wp-content\/uploads\/2024\/11\/Enter-Tener-Enter-4-a-768x767.jpg 768w, https:\/\/oscarayala.com\/escenificar\/wp-content\/uploads\/2024\/11\/Enter-Tener-Enter-4-a-600x600.jpg 600w, https:\/\/oscarayala.com\/escenificar\/wp-content\/uploads\/2024\/11\/Enter-Tener-Enter-4-a.jpg 1183w\" sizes=\"(max-width: 1024px) 100vw, 1024px\" \/><\/figure>\n\n\n\n<figure class=\"wp-block-image size-large\"><img decoding=\"async\" width=\"1024\" height=\"1024\" data-id=\"624\" src=\"https:\/\/oscarayala.com\/escenificar\/wp-content\/uploads\/2024\/11\/Enter-Tener-Enter-1-b-1-1024x1024.jpg\" alt=\"\" class=\"wp-image-624\" srcset=\"https:\/\/oscarayala.com\/escenificar\/wp-content\/uploads\/2024\/11\/Enter-Tener-Enter-1-b-1-1024x1024.jpg 1024w, https:\/\/oscarayala.com\/escenificar\/wp-content\/uploads\/2024\/11\/Enter-Tener-Enter-1-b-1-300x300.jpg 300w, https:\/\/oscarayala.com\/escenificar\/wp-content\/uploads\/2024\/11\/Enter-Tener-Enter-1-b-1-150x150.jpg 150w, https:\/\/oscarayala.com\/escenificar\/wp-content\/uploads\/2024\/11\/Enter-Tener-Enter-1-b-1-768x768.jpg 768w, https:\/\/oscarayala.com\/escenificar\/wp-content\/uploads\/2024\/11\/Enter-Tener-Enter-1-b-1-600x600.jpg 600w, https:\/\/oscarayala.com\/escenificar\/wp-content\/uploads\/2024\/11\/Enter-Tener-Enter-1-b-1.jpg 1181w\" sizes=\"(max-width: 1024px) 100vw, 1024px\" \/><\/figure>\n<\/figure>\n\n\n\n<p><\/p>\n\n\n\n<p>7 al 28 de noviembre de 2024. Sala de Exposiciones Dar\u00edo Jim\u00e9nez. Centro Cultural, Universidad del Tolima, Ibagu\u00e9, Colombia.<\/p>\n\n\n\n<p><strong>Entre &#8211; Tener &#8211; Entre.\u00a0<\/strong>Propuesta curatorial \/ Proposta curatorial de <em>Oscar Ayala.\u00a0<\/em>Curadur\u00eda \/ Curaduria por <em>Sylvia Juliana Su\u00e1rez Segura. <\/em>Organizaci\u00f3n \/ Organiza\u00e7\u00e3o\u00a0<em>Centro Cultural de la Universidad del Tolima.<\/em><\/p>\n\n\n\n<p>M\u00e1s informaci\u00f3n \/ Mais Informa\u00e7\u00e3o <strong><a href=\"https:\/\/oscarayala.com\/p\/2024\/11\/13\/entre-tener-enter\/\" target=\"_blank\" rel=\"noreferrer noopener\">aqu\u00ed<\/a><\/strong><\/p>\n\n\n\n<p><\/p>\n","protected":false},"excerpt":{"rendered":"<p>7 al 28 de noviembre de 2024. Sala de Exposiciones Dar\u00edo Jim\u00e9nez. Centro Cultural, Universidad del Tolima, Ibagu\u00e9, Colombia. Entre &#8211; Tener &#8211; Entre.\u00a0Propuesta curatorial \/ Proposta curatorial de Oscar Ayala.\u00a0Curadur\u00eda \/ Curaduria por Sylvia Juliana Su\u00e1rez Segura. Organizaci\u00f3n \/ Organiza\u00e7\u00e3o\u00a0Centro Cultural de la Universidad del Tolima. M\u00e1s informaci\u00f3n \/ Mais Informa\u00e7\u00e3o aqu\u00ed<\/p>\n","protected":false},"author":1,"featured_media":0,"parent":0,"menu_order":0,"comment_status":"closed","ping_status":"closed","template":"","meta":{"ocean_post_layout":"","ocean_both_sidebars_style":"","ocean_both_sidebars_content_width":0,"ocean_both_sidebars_sidebars_width":0,"ocean_sidebar":"","ocean_second_sidebar":"","ocean_disable_margins":"enable","ocean_add_body_class":"","ocean_shortcode_before_top_bar":"","ocean_shortcode_after_top_bar":"","ocean_shortcode_before_header":"","ocean_shortcode_after_header":"","ocean_has_shortcode":"","ocean_shortcode_after_title":"","ocean_shortcode_before_footer_widgets":"","ocean_shortcode_after_footer_widgets":"","ocean_shortcode_before_footer_bottom":"","ocean_shortcode_after_footer_bottom":"","ocean_display_top_bar":"default","ocean_display_header":"default","ocean_header_style":"","ocean_center_header_left_menu":"","ocean_custom_header_template":"","ocean_custom_logo":0,"ocean_custom_retina_logo":0,"ocean_custom_logo_max_width":0,"ocean_custom_logo_tablet_max_width":0,"ocean_custom_logo_mobile_max_width":0,"ocean_custom_logo_max_height":0,"ocean_custom_logo_tablet_max_height":0,"ocean_custom_logo_mobile_max_height":0,"ocean_header_custom_menu":"","ocean_menu_typo_font_family":"","ocean_menu_typo_font_subset":"","ocean_menu_typo_font_size":0,"ocean_menu_typo_font_size_tablet":0,"ocean_menu_typo_font_size_mobile":0,"ocean_menu_typo_font_size_unit":"px","ocean_menu_typo_font_weight":"","ocean_menu_typo_font_weight_tablet":"","ocean_menu_typo_font_weight_mobile":"","ocean_menu_typo_transform":"","ocean_menu_typo_transform_tablet":"","ocean_menu_typo_transform_mobile":"","ocean_menu_typo_line_height":0,"ocean_menu_typo_line_height_tablet":0,"ocean_menu_typo_line_height_mobile":0,"ocean_menu_typo_line_height_unit":"","ocean_menu_typo_spacing":0,"ocean_menu_typo_spacing_tablet":0,"ocean_menu_typo_spacing_mobile":0,"ocean_menu_typo_spacing_unit":"","ocean_menu_link_color":"","ocean_menu_link_color_hover":"","ocean_menu_link_color_active":"","ocean_menu_link_background":"","ocean_menu_link_hover_background":"","ocean_menu_link_active_background":"","ocean_menu_social_links_bg":"","ocean_menu_social_hover_links_bg":"","ocean_menu_social_links_color":"","ocean_menu_social_hover_links_color":"","ocean_disable_title":"on","ocean_disable_heading":"default","ocean_post_title":"","ocean_post_subheading":"","ocean_post_title_style":"","ocean_post_title_background_color":"","ocean_post_title_background":0,"ocean_post_title_bg_image_position":"","ocean_post_title_bg_image_attachment":"","ocean_post_title_bg_image_repeat":"","ocean_post_title_bg_image_size":"","ocean_post_title_height":0,"ocean_post_title_bg_overlay":0.5,"ocean_post_title_bg_overlay_color":"","ocean_disable_breadcrumbs":"default","ocean_breadcrumbs_color":"","ocean_breadcrumbs_separator_color":"","ocean_breadcrumbs_links_color":"","ocean_breadcrumbs_links_hover_color":"","ocean_display_footer_widgets":"default","ocean_display_footer_bottom":"default","ocean_custom_footer_template":"","footnotes":""},"class_list":["post-622","page","type-page","status-publish","hentry","entry"],"_links":{"self":[{"href":"https:\/\/oscarayala.com\/escenificar\/wp-json\/wp\/v2\/pages\/622","targetHints":{"allow":["GET"]}}],"collection":[{"href":"https:\/\/oscarayala.com\/escenificar\/wp-json\/wp\/v2\/pages"}],"about":[{"href":"https:\/\/oscarayala.com\/escenificar\/wp-json\/wp\/v2\/types\/page"}],"author":[{"embeddable":true,"href":"https:\/\/oscarayala.com\/escenificar\/wp-json\/wp\/v2\/users\/1"}],"replies":[{"embeddable":true,"href":"https:\/\/oscarayala.com\/escenificar\/wp-json\/wp\/v2\/comments?post=622"}],"version-history":[{"count":5,"href":"https:\/\/oscarayala.com\/escenificar\/wp-json\/wp\/v2\/pages\/622\/revisions"}],"predecessor-version":[{"id":677,"href":"https:\/\/oscarayala.com\/escenificar\/wp-json\/wp\/v2\/pages\/622\/revisions\/677"}],"wp:attachment":[{"href":"https:\/\/oscarayala.com\/escenificar\/wp-json\/wp\/v2\/media?parent=622"}],"curies":[{"name":"wp","href":"https:\/\/api.w.org\/{rel}","templated":true}]}}