{"id":73,"date":"2023-03-29T15:43:55","date_gmt":"2023-03-29T15:43:55","guid":{"rendered":"https:\/\/oscarayala.com\/escenificar\/?page_id=73"},"modified":"2023-09-06T02:12:22","modified_gmt":"2023-09-06T02:12:22","slug":"inmovil-movil-inmovil","status":"publish","type":"page","link":"https:\/\/oscarayala.com\/escenificar\/inmovil-movil-inmovil\/","title":{"rendered":"Inm\u00f3vil &#8211; M\u00f3vil &#8211; Inm\u00f3vil"},"content":{"rendered":"\n<figure class=\"wp-block-gallery has-nested-images columns-default is-cropped wp-block-gallery-1 is-layout-flex wp-block-gallery-is-layout-flex\">\n<figure class=\"wp-block-image size-large\"><img fetchpriority=\"high\" decoding=\"async\" width=\"554\" height=\"361\" data-id=\"317\" src=\"https:\/\/oscarayala.com\/escenificar\/wp-content\/uploads\/2023\/03\/01_Invitacion-Escenificar-Tiro.png\" alt=\"\" class=\"wp-image-317\" srcset=\"https:\/\/oscarayala.com\/escenificar\/wp-content\/uploads\/2023\/03\/01_Invitacion-Escenificar-Tiro.png 554w, https:\/\/oscarayala.com\/escenificar\/wp-content\/uploads\/2023\/03\/01_Invitacion-Escenificar-Tiro-300x195.png 300w\" sizes=\"(max-width: 554px) 100vw, 554px\" \/><\/figure>\n\n\n\n<figure class=\"wp-block-image size-large\"><img decoding=\"async\" width=\"532\" height=\"361\" data-id=\"316\" src=\"https:\/\/oscarayala.com\/escenificar\/wp-content\/uploads\/2023\/03\/02_Invitacion-Escenificar-Retiro.png\" alt=\"\" class=\"wp-image-316\" srcset=\"https:\/\/oscarayala.com\/escenificar\/wp-content\/uploads\/2023\/03\/02_Invitacion-Escenificar-Retiro.png 532w, https:\/\/oscarayala.com\/escenificar\/wp-content\/uploads\/2023\/03\/02_Invitacion-Escenificar-Retiro-300x204.png 300w\" sizes=\"(max-width: 532px) 100vw, 532px\" \/><\/figure>\n<\/figure>\n\n\n\n<p><\/p>\n\n\n\n<p>01 al 29 de abril de 2017. Sin Sala Espacio Taller de Montaje. Bogot\u00e1 D.C., Colombia.<\/p>\n\n\n\n<p><\/p>\n\n\n\n<p>M\u00e1s informaci\u00f3n  \/ Mais informa\u00e7\u00e3o <strong><a href=\"https:\/\/oscarayala.com\/p\/2018\/03\/03\/escenificar-un-ambiente-propuesto-inmovil-movil-inmovil\/\">aqu\u00ed<\/a><\/strong> <\/p>\n","protected":false},"excerpt":{"rendered":"<p>01 al 29 de abril de 2017. Sin Sala Espacio Taller de Montaje. Bogot\u00e1 D.C., Colombia. M\u00e1s informaci\u00f3n \/ Mais informa\u00e7\u00e3o aqu\u00ed<\/p>\n","protected":false},"author":1,"featured_media":0,"parent":0,"menu_order":0,"comment_status":"closed","ping_status":"closed","template":"","meta":{"ocean_post_layout":"","ocean_both_sidebars_style":"","ocean_both_sidebars_content_width":0,"ocean_both_sidebars_sidebars_width":0,"ocean_sidebar":"0","ocean_second_sidebar":"0","ocean_disable_margins":"enable","ocean_add_body_class":"","ocean_shortcode_before_top_bar":"","ocean_shortcode_after_top_bar":"","ocean_shortcode_before_header":"","ocean_shortcode_after_header":"","ocean_has_shortcode":"","ocean_shortcode_after_title":"","ocean_shortcode_before_footer_widgets":"","ocean_shortcode_after_footer_widgets":"","ocean_shortcode_before_footer_bottom":"","ocean_shortcode_after_footer_bottom":"","ocean_display_top_bar":"default","ocean_display_header":"default","ocean_header_style":"","ocean_center_header_left_menu":"0","ocean_custom_header_template":"0","ocean_custom_logo":0,"ocean_custom_retina_logo":0,"ocean_custom_logo_max_width":0,"ocean_custom_logo_tablet_max_width":0,"ocean_custom_logo_mobile_max_width":0,"ocean_custom_logo_max_height":0,"ocean_custom_logo_tablet_max_height":0,"ocean_custom_logo_mobile_max_height":0,"ocean_header_custom_menu":"0","ocean_menu_typo_font_family":"0","ocean_menu_typo_font_subset":"","ocean_menu_typo_font_size":0,"ocean_menu_typo_font_size_tablet":0,"ocean_menu_typo_font_size_mobile":0,"ocean_menu_typo_font_size_unit":"px","ocean_menu_typo_font_weight":"","ocean_menu_typo_font_weight_tablet":"","ocean_menu_typo_font_weight_mobile":"","ocean_menu_typo_transform":"","ocean_menu_typo_transform_tablet":"","ocean_menu_typo_transform_mobile":"","ocean_menu_typo_line_height":0,"ocean_menu_typo_line_height_tablet":0,"ocean_menu_typo_line_height_mobile":0,"ocean_menu_typo_line_height_unit":"","ocean_menu_typo_spacing":0,"ocean_menu_typo_spacing_tablet":0,"ocean_menu_typo_spacing_mobile":0,"ocean_menu_typo_spacing_unit":"","ocean_menu_link_color":"","ocean_menu_link_color_hover":"","ocean_menu_link_color_active":"","ocean_menu_link_background":"","ocean_menu_link_hover_background":"","ocean_menu_link_active_background":"","ocean_menu_social_links_bg":"","ocean_menu_social_hover_links_bg":"","ocean_menu_social_links_color":"","ocean_menu_social_hover_links_color":"","ocean_disable_title":"on","ocean_disable_heading":"default","ocean_post_title":"","ocean_post_subheading":"","ocean_post_title_style":"","ocean_post_title_background_color":"","ocean_post_title_background":0,"ocean_post_title_bg_image_position":"","ocean_post_title_bg_image_attachment":"","ocean_post_title_bg_image_repeat":"","ocean_post_title_bg_image_size":"","ocean_post_title_height":0,"ocean_post_title_bg_overlay":0.5,"ocean_post_title_bg_overlay_color":"","ocean_disable_breadcrumbs":"default","ocean_breadcrumbs_color":"","ocean_breadcrumbs_separator_color":"","ocean_breadcrumbs_links_color":"","ocean_breadcrumbs_links_hover_color":"","ocean_display_footer_widgets":"default","ocean_display_footer_bottom":"default","ocean_custom_footer_template":"0","footnotes":""},"class_list":["post-73","page","type-page","status-publish","hentry","entry"],"_links":{"self":[{"href":"https:\/\/oscarayala.com\/escenificar\/wp-json\/wp\/v2\/pages\/73","targetHints":{"allow":["GET"]}}],"collection":[{"href":"https:\/\/oscarayala.com\/escenificar\/wp-json\/wp\/v2\/pages"}],"about":[{"href":"https:\/\/oscarayala.com\/escenificar\/wp-json\/wp\/v2\/types\/page"}],"author":[{"embeddable":true,"href":"https:\/\/oscarayala.com\/escenificar\/wp-json\/wp\/v2\/users\/1"}],"replies":[{"embeddable":true,"href":"https:\/\/oscarayala.com\/escenificar\/wp-json\/wp\/v2\/comments?post=73"}],"version-history":[{"count":3,"href":"https:\/\/oscarayala.com\/escenificar\/wp-json\/wp\/v2\/pages\/73\/revisions"}],"predecessor-version":[{"id":596,"href":"https:\/\/oscarayala.com\/escenificar\/wp-json\/wp\/v2\/pages\/73\/revisions\/596"}],"wp:attachment":[{"href":"https:\/\/oscarayala.com\/escenificar\/wp-json\/wp\/v2\/media?parent=73"}],"curies":[{"name":"wp","href":"https:\/\/api.w.org\/{rel}","templated":true}]}}