{"id":2,"date":"2025-07-14T12:25:52","date_gmt":"2025-07-14T17:25:52","guid":{"rendered":"https:\/\/oscarayala.com\/estereomedio\/?page_id=2"},"modified":"2025-08-29T13:04:04","modified_gmt":"2025-08-29T18:04:04","slug":"pagina-ejemplo","status":"publish","type":"page","link":"https:\/\/oscarayala.com\/estereomedio\/","title":{"rendered":"Inicio"},"content":{"rendered":"\n<figure class=\"wp-block-image aligncenter size-large\"><img fetchpriority=\"high\" decoding=\"async\" width=\"1024\" height=\"754\" src=\"https:\/\/oscarayala.com\/estereomedio\/wp-content\/uploads\/2025\/07\/Estereomedio-1024x754.jpg\" alt=\"\" class=\"wp-image-9\" srcset=\"https:\/\/oscarayala.com\/estereomedio\/wp-content\/uploads\/2025\/07\/Estereomedio-1024x754.jpg 1024w, https:\/\/oscarayala.com\/estereomedio\/wp-content\/uploads\/2025\/07\/Estereomedio-300x221.jpg 300w, https:\/\/oscarayala.com\/estereomedio\/wp-content\/uploads\/2025\/07\/Estereomedio-768x566.jpg 768w, https:\/\/oscarayala.com\/estereomedio\/wp-content\/uploads\/2025\/07\/Estereomedio-1536x1131.jpg 1536w, https:\/\/oscarayala.com\/estereomedio\/wp-content\/uploads\/2025\/07\/Estereomedio-2048x1508.jpg 2048w\" sizes=\"(max-width: 1024px) 100vw, 1024px\" \/><\/figure>\n\n\n\n<div style=\"height:100px\" aria-hidden=\"true\" class=\"wp-block-spacer\"><\/div>\n\n\n\n<p class=\"has-text-align-center\">El proyecto&nbsp;<em>Estereomedio: atravesar los medios del arte<\/em>&nbsp;busca pensar las relaciones que se presentan en los&nbsp;<em>medios<\/em>&nbsp;art\u00edsticos y c\u00f3mo son las correspondencias internas y externas que tenemos con ellos. Se parte de definir el medio como una conjunci\u00f3n copulativa de conceptos y medios, para sondear en la materialidad inherente de los medios en el arte, enfocando y describiendo su medialidad (materia-forma) y su conceptualidad (materia-idea) a fin de comprender sus propias condiciones para la creaci\u00f3n (re-producci\u00f3n) y recepci\u00f3n (re-presentaci\u00f3n) de las piezas del arte.<\/p>\n\n\n\n<p class=\"has-text-align-center\"><br>Al analizar estas condiciones particulares en la creaci\u00f3n art\u00edstica, se usa el t\u00e9rmino&nbsp;<em>est\u00e9reo<\/em>&nbsp;para caracterizar la actuaci\u00f3n de los medios en el arte, ya que su etimolog\u00eda remite a lo s\u00f3lido, completo y tridimensional; proponiendo as\u00ed nombrar, en la palabra&nbsp;<em>estereomedio<\/em>, la s\u00edntesis de la mezcla fuerte entre conceptos y medios. En este sentido, se propone paralelamente la creaci\u00f3n de piezas art\u00edsticas que permitan reflejar comprensiones sobre la uni\u00f3n singular e indivisible entre&nbsp;<em>lo que se quiere decir<\/em>&nbsp;(concepto) y&nbsp;<em>c\u00f3mo se quiere decir<\/em>&nbsp;(medio).<\/p>\n\n\n\n<hr class=\"wp-block-separator has-alpha-channel-opacity\"\/>\n\n\n\n<p class=\"has-text-align-center is-style-default\" style=\"font-size:17px\"><sub>Proyecto inscrito ante la&nbsp;<a href=\"http:\/\/investigaciones.ut.edu.co\/\" target=\"_blank\" rel=\"noreferrer noopener\">Oficina de Investigaciones<\/a>&nbsp;de la Universidad del Tolima con C\u00f3digo 100125<\/sub><\/p>\n\n\n\n<p><\/p>\n","protected":false},"excerpt":{"rendered":"<p>El proyecto&nbsp;Estereomedio: atravesar los medios del arte&nbsp;busca pensar las relaciones que se presentan en los&nbsp;medios&nbsp;art\u00edsticos y c\u00f3mo son las correspondencias internas y externas que tenemos con ellos. Se parte de definir el medio como una conjunci\u00f3n copulativa de conceptos y medios, para sondear en la materialidad inherente de los medios en el arte, enfocando y [&hellip;]<\/p>\n","protected":false},"author":1,"featured_media":0,"parent":0,"menu_order":0,"comment_status":"closed","ping_status":"open","template":"","meta":{"site-sidebar-layout":"default","site-content-layout":"","ast-site-content-layout":"default","site-content-style":"unboxed","site-sidebar-style":"default","ast-global-header-display":"","ast-banner-title-visibility":"","ast-main-header-display":"","ast-hfb-above-header-display":"","ast-hfb-below-header-display":"","ast-hfb-mobile-header-display":"","site-post-title":"","ast-breadcrumbs-content":"","ast-featured-img":"","footer-sml-layout":"","ast-disable-related-posts":"","theme-transparent-header-meta":"","adv-header-id-meta":"","stick-header-meta":"","header-above-stick-meta":"","header-main-stick-meta":"","header-below-stick-meta":"","astra-migrate-meta-layouts":"default","ast-page-background-enabled":"default","ast-page-background-meta":{"desktop":{"background-color":"var(--ast-global-color-5)","background-image":"","background-repeat":"repeat","background-position":"center center","background-size":"auto","background-attachment":"scroll","background-type":"","background-media":"","overlay-type":"","overlay-color":"","overlay-opacity":"","overlay-gradient":""},"tablet":{"background-color":"","background-image":"","background-repeat":"repeat","background-position":"center center","background-size":"auto","background-attachment":"scroll","background-type":"","background-media":"","overlay-type":"","overlay-color":"","overlay-opacity":"","overlay-gradient":""},"mobile":{"background-color":"","background-image":"","background-repeat":"repeat","background-position":"center center","background-size":"auto","background-attachment":"scroll","background-type":"","background-media":"","overlay-type":"","overlay-color":"","overlay-opacity":"","overlay-gradient":""}},"ast-content-background-meta":{"desktop":{"background-color":"var(--ast-global-color-4)","background-image":"","background-repeat":"repeat","background-position":"center center","background-size":"auto","background-attachment":"scroll","background-type":"","background-media":"","overlay-type":"","overlay-color":"","overlay-opacity":"","overlay-gradient":""},"tablet":{"background-color":"var(--ast-global-color-4)","background-image":"","background-repeat":"repeat","background-position":"center center","background-size":"auto","background-attachment":"scroll","background-type":"","background-media":"","overlay-type":"","overlay-color":"","overlay-opacity":"","overlay-gradient":""},"mobile":{"background-color":"var(--ast-global-color-4)","background-image":"","background-repeat":"repeat","background-position":"center center","background-size":"auto","background-attachment":"scroll","background-type":"","background-media":"","overlay-type":"","overlay-color":"","overlay-opacity":"","overlay-gradient":""}},"footnotes":""},"class_list":["post-2","page","type-page","status-publish","hentry"],"_links":{"self":[{"href":"https:\/\/oscarayala.com\/estereomedio\/index.php\/wp-json\/wp\/v2\/pages\/2","targetHints":{"allow":["GET"]}}],"collection":[{"href":"https:\/\/oscarayala.com\/estereomedio\/index.php\/wp-json\/wp\/v2\/pages"}],"about":[{"href":"https:\/\/oscarayala.com\/estereomedio\/index.php\/wp-json\/wp\/v2\/types\/page"}],"author":[{"embeddable":true,"href":"https:\/\/oscarayala.com\/estereomedio\/index.php\/wp-json\/wp\/v2\/users\/1"}],"replies":[{"embeddable":true,"href":"https:\/\/oscarayala.com\/estereomedio\/index.php\/wp-json\/wp\/v2\/comments?post=2"}],"version-history":[{"count":10,"href":"https:\/\/oscarayala.com\/estereomedio\/index.php\/wp-json\/wp\/v2\/pages\/2\/revisions"}],"predecessor-version":[{"id":85,"href":"https:\/\/oscarayala.com\/estereomedio\/index.php\/wp-json\/wp\/v2\/pages\/2\/revisions\/85"}],"wp:attachment":[{"href":"https:\/\/oscarayala.com\/estereomedio\/index.php\/wp-json\/wp\/v2\/media?parent=2"}],"curies":[{"name":"wp","href":"https:\/\/api.w.org\/{rel}","templated":true}]}}