{"id":276,"date":"2013-05-22T12:07:37","date_gmt":"2013-05-22T12:07:37","guid":{"rendered":"http:\/\/oscarayala.com\/?page_id=276"},"modified":"2024-02-29T16:28:51","modified_gmt":"2024-02-29T16:28:51","slug":"docencia","status":"publish","type":"page","link":"https:\/\/oscarayala.com\/p\/docencia\/","title":{"rendered":"Docencia"},"content":{"rendered":"\n<p><b>UNIVERSIDAD DEL TOLIMA<\/b><\/p>\n\n\n\n<p>Profesor adscrito al Departamento de Artes y Humanidades de la Facultad de Ciencias Humanas y Artes<\/p>\n\n\n<style>.kt-tabs-id276_13dbc5-4e > .kt-tabs-content-wrap > .wp-block-kadence-tab{border-top:3px solid #0a6689;border-right:0px solid #0a6689;border-bottom:0px solid #0a6689;border-left:0px solid #0a6689;border-top-left-radius:0px;border-top-right-radius:0px;border-bottom-right-radius:0px;border-bottom-left-radius:0px;padding-top:var(--global-kb-spacing-sm, 1.5rem);padding-right:var(--global-kb-spacing-sm, 1.5rem);padding-bottom:var(--global-kb-spacing-sm, 1.5rem);padding-left:var(--global-kb-spacing-sm, 1.5rem);background:var(--global-palette9, #ffffff);}.wp-block-kadence-tabs .kt-tabs-id276_13dbc5-4e > .kt-tabs-title-list li{margin-top:0px;margin-right:8px;margin-bottom:0px;margin-left:0px;}.wp-block-kadence-tabs .kt-tabs-id276_13dbc5-4e > .kt-tabs-title-list li:last-child{margin-right:0px;}.wp-block-kadence-tabs .kt-tabs-id276_13dbc5-4e > .kt-tabs-title-list li .kt-tab-title, .wp-block-kadence-tabs .kt-tabs-id276_13dbc5-4e > .kt-tabs-content-wrap > .kt-tabs-accordion-title .kt-tab-title{line-height:1.4em;font-family:Arial, Helvetica, sans-serif;font-weight:400;font-style:normal;border-top-width:0px;border-right-width:0px;border-bottom-width:0px;border-left-width:0px;border-top-left-radius:4px;border-top-right-radius:4px;border-bottom-right-radius:0px;border-bottom-left-radius:0px;padding-top:8px;padding-right:20px;padding-bottom:8px;padding-left:20px;border-color:var(--global-palette7, #eeeeee);color:var(--global-palette4, #2D3748);background:var(--global-palette7, #eeeeee);}.wp-block-kadence-tabs .kt-tabs-id276_13dbc5-4e > .kt-tabs-content-wrap > .kt-tabs-accordion-title .kt-tab-title{margin-top:0px;margin-right:8px;margin-bottom:0px;margin-left:0px;}.wp-block-kadence-tabs .kt-tabs-id276_13dbc5-4e > .kt-tabs-title-list li .kt-tab-title:hover, .wp-block-kadence-tabs .kt-tabs-id276_13dbc5-4e > .kt-tabs-content-wrap > .kt-tabs-accordion-title .kt-tab-title:hover{border-color:var(--global-palette7, #eeeeee);color:var(--global-palette3, #1A202C);background:var(--global-palette8, #F7FAFC);}.wp-block-kadence-tabs .kt-tabs-id276_13dbc5-4e > .kt-tabs-title-list li.kt-tab-title-active .kt-tab-title, .wp-block-kadence-tabs .kt-tabs-id276_13dbc5-4e > .kt-tabs-content-wrap > .kt-tabs-accordion-title.kt-tab-title-active .kt-tab-title{border-color:var(--global-palette7, #eeeeee);color:#ffffff;background:#0a6689;}@media all and (max-width: 1024px){.kt-tabs-id276_13dbc5-4e > .kt-tabs-content-wrap > .wp-block-kadence-tab{border-top:3px solid #0a6689;border-right:0px solid #0a6689;border-bottom:0px solid #0a6689;border-left:0px solid #0a6689;}}@media all and (max-width: 767px){.kt-tabs-id276_13dbc5-4e > .kt-tabs-content-wrap > .wp-block-kadence-tab{border-top:3px solid #0a6689;border-right:0px solid #0a6689;border-bottom:0px solid #0a6689;border-left:0px solid #0a6689;}}<\/style>\n<div class=\"wp-block-kadence-tabs alignnone\"><div class=\"kt-tabs-wrap kt-tabs-id276_13dbc5-4e kt-tabs-has-4-tabs kt-active-tab-1 kt-tabs-layout-tabs kt-tabs-tablet-layout-inherit kt-tabs-mobile-layout-inherit kt-tab-alignment-left \"><ul class=\"kt-tabs-title-list\"><li id=\"tab-pintura2\" class=\"kt-title-item kt-title-item-1 kt-tabs-svg-show-always kt-tabs-icon-side-right kt-tab-title-active\"><a href=\"#tab-pintura2\" data-tab=\"1\" class=\"kt-tab-title kt-tab-title-1 \"><span class=\"kt-title-text\">Pintura 2<\/span><\/a><\/li><li id=\"tab-pintura3\" class=\"kt-title-item kt-title-item-2 kt-tabs-svg-show-always kt-tabs-icon-side-right kt-tab-title-inactive\"><a href=\"#tab-pintura3\" data-tab=\"2\" class=\"kt-tab-title kt-tab-title-2 \"><span class=\"kt-title-text\">Pintura 3<\/span><\/a><\/li><li id=\"tab-pintura4\" class=\"kt-title-item kt-title-item-3 kt-tabs-svg-show-always kt-tabs-icon-side-right kt-tab-title-inactive\"><a href=\"#tab-pintura4\" data-tab=\"3\" class=\"kt-tab-title kt-tab-title-3 \"><span class=\"kt-title-text\">Pintura 4<\/span><\/a><\/li><li id=\"tab-tallerdeproyectos\" class=\"kt-title-item kt-title-item-4 kt-tabs-svg-show-always kt-tabs-icon-side-right kt-tab-title-inactive\"><a href=\"#tab-tallerdeproyectos\" data-tab=\"4\" class=\"kt-tab-title kt-tab-title-4 \"><span class=\"kt-title-text\">Taller de Proyectos <\/span><\/a><\/li><\/ul><div class=\"kt-tabs-content-wrap\">\n<div class=\"wp-block-kadence-tab kt-tab-inner-content kt-inner-tab-1 kt-inner-tab_e86f36-9e\"><div class=\"kt-tab-inner-content-inner\">\n<p>Para el Programa de Artes Pl\u00e1sticas y Visuales (Curso obligatorio)<\/p>\n\n\n\n<p>Ver programa <a href=\"https:\/\/oscarayala.com\/p\/wp-content\/uploads\/2024\/02\/Programa-PIntura-2-WEB.pdf\" target=\"_blank\" rel=\"noreferrer noopener\">aqu\u00ed<\/a><\/p>\n<\/div><\/div>\n\n\n\n<div class=\"wp-block-kadence-tab kt-tab-inner-content kt-inner-tab-2 kt-inner-tab_c3b3ff-c1\"><div class=\"kt-tab-inner-content-inner\">\n<p>Para el Programa de Artes Pl\u00e1sticas y Visuales (Curso electivo)<\/p>\n\n\n\n<p>Ver programa <a href=\"https:\/\/oscarayala.com\/p\/wp-content\/uploads\/2024\/02\/Programa-Pintura-3-WEB.pdf\" target=\"_blank\" rel=\"noreferrer noopener\">aqu\u00ed<\/a><\/p>\n<\/div><\/div>\n\n\n\n<div class=\"wp-block-kadence-tab kt-tab-inner-content kt-inner-tab-3 kt-inner-tab_f60015-19\"><div class=\"kt-tab-inner-content-inner\">\n<p>Para el Programa de Artes Pl\u00e1sticas y Visuales (Curso electivo)<\/p>\n\n\n\n<p>Ver programa <a href=\"https:\/\/oscarayala.com\/p\/wp-content\/uploads\/2024\/02\/Programa-Pintura-4-WEB.pdf\" target=\"_blank\" rel=\"noreferrer noopener\">aqu\u00ed<\/a><\/p>\n<\/div><\/div>\n\n\n\n<div class=\"wp-block-kadence-tab kt-tab-inner-content kt-inner-tab-4 kt-inner-tab_647e55-c4\"><div class=\"kt-tab-inner-content-inner\">\n<p>Para el Programa de Artes Pl\u00e1sticas y Visuales (Curso obligatorio)<\/p>\n\n\n\n<p>Acompa\u00f1amiento a procesos y proyectos de creaci\u00f3n (<em>trabajos de grado<\/em>) de los estudiantes que finalizan su formaci\u00f3n como artistas en los cursos <em>Taller de Proyectos I <\/em>y <em>Taller de Proyectos II.<\/em><\/p>\n<\/div><\/div>\n<\/div><\/div><\/div>\n\n\n<style>.wp-block-kadence-spacer.kt-block-spacer-276_e29d1f-e2 .kt-block-spacer{height:60px;}.wp-block-kadence-spacer.kt-block-spacer-276_e29d1f-e2 .kt-divider{border-top-width:1px;height:1px;border-top-color:var(--global-palette1, #3182CE);width:80%;border-top-style:solid;}<\/style>\n<div class=\"wp-block-kadence-spacer aligncenter kt-block-spacer-276_e29d1f-e2\"><div class=\"kt-block-spacer kt-block-spacer-halign-center\"><hr class=\"kt-divider\"\/><\/div><\/div>\n\n\n<style>.kb-row-layout-id276_d8e207-80 > .kt-row-column-wrap{align-content:start;}:where(.kb-row-layout-id276_d8e207-80 > .kt-row-column-wrap) > .wp-block-kadence-column{justify-content:start;}.kb-row-layout-id276_d8e207-80 > .kt-row-column-wrap{column-gap:var(--global-kb-gap-md, 2rem);row-gap:var(--global-kb-gap-md, 2rem);max-width:var( --global-content-width, 1290px );padding-left:var(--global-content-edge-padding);padding-right:var(--global-content-edge-padding);padding-top:var(--global-kb-spacing-sm, 1.5rem);padding-bottom:var(--global-kb-spacing-sm, 1.5rem);grid-template-columns:minmax(0, 1fr);}.kb-row-layout-id276_d8e207-80 > .kt-row-layout-overlay{opacity:0.30;}@media all and (max-width: 1024px){.kb-row-layout-id276_d8e207-80 > .kt-row-column-wrap{grid-template-columns:minmax(0, 1fr);}}@media all and (max-width: 767px){.kb-row-layout-id276_d8e207-80 > .kt-row-column-wrap{grid-template-columns:minmax(0, 1fr);}}<\/style><div class=\"kb-row-layout-wrap kb-row-layout-id276_d8e207-80 aligncenter wp-block-kadence-rowlayout\"><div class=\"kt-row-column-wrap kt-has-1-columns kt-row-layout-equal kt-tab-layout-inherit kt-mobile-layout-row kt-row-valign-top kb-theme-content-width\">\n<style>.kadence-column276_ffcd43-2a > .kt-inside-inner-col,.kadence-column276_ffcd43-2a > .kt-inside-inner-col:before{border-top-left-radius:0px;border-top-right-radius:0px;border-bottom-right-radius:0px;border-bottom-left-radius:0px;}.kadence-column276_ffcd43-2a > .kt-inside-inner-col{column-gap:var(--global-kb-gap-sm, 1rem);}.kadence-column276_ffcd43-2a > .kt-inside-inner-col{flex-direction:column;}.kadence-column276_ffcd43-2a > .kt-inside-inner-col > .aligncenter{width:100%;}.kadence-column276_ffcd43-2a > .kt-inside-inner-col:before{opacity:0.3;}.kadence-column276_ffcd43-2a{position:relative;}@media all and (max-width: 1024px){.kadence-column276_ffcd43-2a > .kt-inside-inner-col{flex-direction:column;justify-content:center;}}@media all and (max-width: 767px){.kadence-column276_ffcd43-2a > .kt-inside-inner-col{flex-direction:column;justify-content:center;}}<\/style>\n<div class=\"wp-block-kadence-column kadence-column276_ffcd43-2a kb-section-dir-vertical\"><div class=\"kt-inside-inner-col\">\n<p class=\"has-text-align-left has-small-font-size\">Ha trabajado en la Instituci\u00f3n Universitaria Corporaci\u00f3n&nbsp;<strong>Escuela de Artes y Letras&nbsp;<\/strong>a cargo de la asignatura&nbsp;<em><a rel=\"noopener\" href=\"http:\/\/oscarayala.com\/p\/wp-content\/uploads\/2017\/07\/01.-programa_taller_expresion_2012-01-merged.pdf\" target=\"_blank\">Taller de Expresi\u00f3n 2<\/a>&nbsp;<\/em>(2009-02 a 2012 &#8211; 01)&nbsp;y<em> Dibujo Art\u00edstico I<\/em>&nbsp;(2012-01)<em>&nbsp;<\/em>para el programa t\u00e9cnico profesional T\u00e9cnicas Art\u00edsticas y <em><a rel=\"noopener\" href=\"http:\/\/oscarayala.com\/p\/wp-content\/uploads\/2017\/07\/01.-programa_est\u00e9tica_imagen_2012-01-merged.pdf\" target=\"_blank\">Est\u00e9tica de la Imagen<\/a> <\/em>(2012-01) para el programa Dise\u00f1o Gr\u00e1fico; y en la Fundaci\u00f3n Universitaria&nbsp;<strong>Los Libertadores&nbsp;<\/strong>a cargo de las asignaturas&nbsp;<em><a rel=\"noopener\" href=\"http:\/\/oscarayala.com\/p\/wp-content\/uploads\/2017\/07\/programa_TeoriaImagenII_UL_2012-01-Merged.pdf\" target=\"_blank\">Teor\u00eda de la Imagen 1<\/a>&nbsp;<\/em>(2012-01)<em>, <a rel=\"noopener\" href=\"http:\/\/oscarayala.com\/p\/wp-content\/uploads\/2017\/07\/programa_TeoriaImagenII_UL_2011-02_G1-Merged.pdf\" target=\"_blank\">Teor\u00eda de la Imagen 2<\/a>&nbsp;<\/em> (2011-02 a 2012-01)&nbsp;y&nbsp;<em><a rel=\"noopener\" href=\"http:\/\/oscarayala.com\/p\/wp-content\/uploads\/2017\/07\/programa_ComViII_UL_2011-02-Merged.pdf\" target=\"_blank\">Comunicaci\u00f3n Visual 2<\/a>&nbsp;<\/em>(2011-02 a 2012 -01)&nbsp;para el programa de Dise\u00f1o Gr\u00e1fico.<\/p>\n<\/div><\/div>\n\n<\/div><\/div>","protected":false},"excerpt":{"rendered":"<p>UNIVERSIDAD DEL TOLIMA Profesor adscrito al Departamento de Artes y Humanidades de la Facultad de Ciencias Humanas y Artes Ha trabajado en la Instituci\u00f3n Universitaria Corporaci\u00f3n&nbsp;Escuela de Artes y Letras&nbsp;a cargo de la asignatura&nbsp;Taller de Expresi\u00f3n 2&nbsp;(2009-02 a 2012 &#8211; 01)&nbsp;y Dibujo Art\u00edstico I&nbsp;(2012-01)&nbsp;para el programa t\u00e9cnico profesional T\u00e9cnicas Art\u00edsticas y Est\u00e9tica de la Imagen&#8230;<\/p>\n","protected":false},"author":1,"featured_media":0,"parent":0,"menu_order":0,"comment_status":"closed","ping_status":"closed","template":"","meta":{"_uag_custom_page_level_css":"","_kad_post_transparent":"","_kad_post_title":"","_kad_post_layout":"","_kad_post_sidebar_id":"","_kad_post_content_style":"","_kad_post_vertical_padding":"","_kad_post_feature":"","_kad_post_feature_position":"","_kad_post_header":false,"_kad_post_footer":false,"_kad_post_classname":"","footnotes":""},"class_list":["post-276","page","type-page","status-publish","hentry"],"uagb_featured_image_src":{"full":false,"thumbnail":false,"medium":false,"medium_large":false,"large":false,"1536x1536":false,"2048x2048":false,"slide-thumbnail":false},"uagb_author_info":{"display_name":"Oscar Ayala","author_link":"https:\/\/oscarayala.com\/p\/author\/oscarwp\/"},"uagb_comment_info":0,"uagb_excerpt":"UNIVERSIDAD DEL TOLIMA Profesor adscrito al Departamento de Artes y Humanidades de la Facultad de Ciencias Humanas y Artes Ha trabajado en la Instituci\u00f3n Universitaria Corporaci\u00f3n&nbsp;Escuela de Artes y Letras&nbsp;a cargo de la asignatura&nbsp;Taller de Expresi\u00f3n 2&nbsp;(2009-02 a 2012 &#8211; 01)&nbsp;y Dibujo Art\u00edstico I&nbsp;(2012-01)&nbsp;para el programa t\u00e9cnico profesional T\u00e9cnicas Art\u00edsticas y Est\u00e9tica de la Imagen...","_links":{"self":[{"href":"https:\/\/oscarayala.com\/p\/wp-json\/wp\/v2\/pages\/276","targetHints":{"allow":["GET"]}}],"collection":[{"href":"https:\/\/oscarayala.com\/p\/wp-json\/wp\/v2\/pages"}],"about":[{"href":"https:\/\/oscarayala.com\/p\/wp-json\/wp\/v2\/types\/page"}],"author":[{"embeddable":true,"href":"https:\/\/oscarayala.com\/p\/wp-json\/wp\/v2\/users\/1"}],"replies":[{"embeddable":true,"href":"https:\/\/oscarayala.com\/p\/wp-json\/wp\/v2\/comments?post=276"}],"version-history":[{"count":34,"href":"https:\/\/oscarayala.com\/p\/wp-json\/wp\/v2\/pages\/276\/revisions"}],"predecessor-version":[{"id":2334,"href":"https:\/\/oscarayala.com\/p\/wp-json\/wp\/v2\/pages\/276\/revisions\/2334"}],"wp:attachment":[{"href":"https:\/\/oscarayala.com\/p\/wp-json\/wp\/v2\/media?parent=276"}],"curies":[{"name":"wp","href":"https:\/\/api.w.org\/{rel}","templated":true}]}}